{"id":2770,"date":"2021-02-15T07:58:27","date_gmt":"2021-02-15T07:58:27","guid":{"rendered":"https:\/\/crawl.es\/?page_id=2770"},"modified":"2021-05-18T16:08:57","modified_gmt":"2021-05-18T16:08:57","slug":"avis-legal","status":"publish","type":"page","link":"https:\/\/crawl.es\/ca\/avis-legal\/","title":{"rendered":"Avis Legal"},"content":{"rendered":"<section class=\"wpb-content-wrapper\"><p>[vc_row css_animation=&#8221;&#8221; row_type=&#8221;row&#8221; use_row_as_full_screen_section=&#8221;no&#8221; type=&#8221;full_width&#8221; angled_section=&#8221;no&#8221; text_align=&#8221;left&#8221; background_image_as_pattern=&#8221;without_pattern&#8221;][vc_column][vc_row_inner row_type=&#8221;row&#8221; type=&#8221;grid&#8221; text_align=&#8221;left&#8221; css_animation=&#8221;&#8221;][vc_column_inner][vc_column_text]<\/p>\n<h1>Av\u00eds Legal<\/h1>\n<p>[\/vc_column_text][vc_empty_space][\/vc_column_inner][\/vc_row_inner][vc_row_inner row_type=&#8221;row&#8221; type=&#8221;grid&#8221; text_align=&#8221;left&#8221; css_animation=&#8221;&#8221;][vc_column_inner][vc_column_text]En compliment de la Llei Org\u00e0nica LOPDGDD 3\/2018, aix\u00ed com el Reglament (UE) 2016\/679 de 27 d&#8217;abril de 2016 (RGPD), aix\u00ed com la Llei 34\/2002, de 11 de juliol, de Serveis de la Societat de la Informaci\u00f3 i Comer\u00e7 Electr\u00f2nic (LSSICE o LSSI) t&#8217;informem que el titular d&#8217;aquesta p\u00e0gina web, operada sota la denominaci\u00f3 CRAWL, \u00e9s:<\/p>\n<p>&nbsp;<\/p>\n<p><strong>Denominaci\u00f3 Social: <\/strong>SUSANA SORIANO SANCHEZ en endavant<strong>CRAWL\u00a0\u00a0 <\/strong><\/p>\n<p><strong>Domicili Social:\u00a0 CL CAMPS DE LES MORERES, 15 LOCAL 08401-GRANOLLERS (BARCELONA) <\/strong><\/p>\n<p><strong>NIF:\u00a0 52.149.005-R <\/strong><\/p>\n<p><strong>Correu electr\u00f3nic: <\/strong><strong>info@crawl.es<\/strong><\/p>\n<p>&nbsp;<\/p>\n<p>El present document t\u00e9 com a finalitat establir i regular les normes d&#8217;\u00fas de la present web entenent per aix\u00f2 totes les p\u00e0gines i els seus continguts titularitat de <strong>CRAWL <\/strong>a les quals s&#8217;accedeix a trav\u00e9s d&#8217;aquest Lloc.<\/p>\n<p>&nbsp;<\/p>\n<p>La utilitzaci\u00f3 d&#8217;aquesta web atribueix la condici\u00f3 d&#8217;Usuari de la mateixa i implica l&#8217;acceptaci\u00f3 de totes les condicions incloses en el present Av\u00eds Legal. L&#8217;Usuari es compromet a llegir atentament el present Av\u00eds Legal en cadascuna de les ocasions en qu\u00e8 es proposi utilitzar la Web, ja que aquest i les seves condicions d&#8217;\u00fas recollides en el present Av\u00eds Legal poden patir modificacions.<\/p>\n<p>&nbsp;<\/p>\n<p><strong>Propiedad intelectual e industrial <\/strong><\/p>\n<p>&nbsp;<\/p>\n<p>L&#8217;Usuari reconeix que tots els elements de la web i de cada un dels Productes, la informaci\u00f3 i materials continguts en els mateixos, les marques, l&#8217;estructura, selecci\u00f3, ordenaci\u00f3 i presentaci\u00f3 dels seus continguts, i els programes d&#8217;ordinador utilitzats en relaci\u00f3 amb ells, estan protegits per drets de propietat intel\u00b7lectual i industrial de la pr\u00f2pia CRAWL o de tercers, i que l&#8217;acc\u00e9s no li atribueixen respecte a aquests drets de propietat industrial i intel\u00b7lectual cap altre dret diferent dels espec\u00edficament contemplats en les mateixes.<\/p>\n<p>&nbsp;<\/p>\n<p>Tret que fos autoritzat per CRAWL o si escau pels tercers titulars dels drets corresponents, oa menys que aix\u00f2 resulti legalment perm\u00e8s, l&#8217;Usuari no podr\u00e0 reproduir, transformar, modificar, desacoblar, realitzar enginyeria inversa, distribuir, llogar, prestar, posar a disposici\u00f3, o permetre l&#8217;acc\u00e9s a el p\u00fablic a trav\u00e9s de qualsevol modalitat de comunicaci\u00f3 p\u00fablica de cap dels elements referits al par\u00e0graf anterior. L&#8217;Usuari haur\u00e0 d&#8217;utilitzar els materials, elements i informaci\u00f3 a la que accedeixi a trav\u00e9s de la utilitzaci\u00f3 del web \u00fanicament per a les seves pr\u00f2pies necessitats, obligant-se a no realitzar ni directament ni indirectament una explotaci\u00f3 comercial dels materials, elements i informaci\u00f3 obtinguts a trav\u00e9s de els mateixos.<\/p>\n<p>&nbsp;<\/p>\n<p>L&#8217;Usuari s&#8217;haur\u00e0 d&#8217;abstenir d&#8217;eludir o manipular qualsevol dispositius t\u00e8cnics establerts per CRAWL o per tercers a la web.<\/p>\n<p>&nbsp;<\/p>\n<p><strong>Contrasenyes <\/strong><\/p>\n<p>&nbsp;<\/p>\n<p>CRAWL pot facilitar l&#8217;\u00fas de contrasenyes personals a l&#8217;usuari que es registri com a tal al lloc web. Aquestes contrasenyes serviran per a l&#8217;acc\u00e9s als serveis prestats per mitj\u00e0 del Lloc Web. L&#8217;usuari haur\u00e0 de mantenir sota la seva exclusiva responsabilitat les contrasenyes en la m\u00e9s estricta i absoluta confidencialitat, assumint, per tant, els danys o conseq\u00fc\u00e8ncies de tot tipus es derivin de l&#8217;trencament o revelaci\u00f3 de l&#8217;secret. Per raons de seguretat, la contrasenya d&#8217;acc\u00e9s telem\u00e0tic als serveis vinculats a al Lloc Web podr\u00e0 ser modificada en tot moment per l&#8217;usuari. L&#8217;Usuari es compromet a notificar a CRAWL de forma immediata qualsevol \u00fas no autoritzat de la seva contrasenya, aix\u00ed com l&#8217;acc\u00e9s per tercers no autoritzats a la mateixa.<\/p>\n<p>&nbsp;<\/p>\n<p>El contingut, programes, informaci\u00f3 i \/ o consells expressats en el present s&#8217;han d&#8217;entendre com simplement orientatius. <strong> CRAWL &lt;\/ strong&gt;, no respon de cap manera de l&#8217;efectivitat o exactitud dels mateixos, quedant exempta de qualsevol responsabilitat contractual o extracontractual amb els Usuaris que faci \u00fas d&#8217;ells, ja que s\u00f3n aquestes les que han de decidir segons el seu criteri l&#8217;oportunitat dels mateixos.<\/strong><\/p>\n<p>&nbsp;<\/p>\n<p>En aquesta web es poden publicar continguts aportats per terceres persones o empreses, <strong>CRAWL,<\/strong> no respon de la veracitat i exactitud dels mateixos, quedant exempta de qualsevol responsabilitat contractual o extracontractual amb els Usuaris que facin \u00fas.<\/p>\n<p>&nbsp;<\/p>\n<p><strong>CRAWL<\/strong>, es reserva el dret de modificar el contingut de la web sense previ av\u00eds i sense cap tipus de limitaci\u00f3.<\/p>\n<p>&nbsp;<\/p>\n<p>Aix\u00ed mateix, declina qualsevol responsabilitat pels eventuals danys i perjudicis que puguin ocasionar-se per la falta de disponibilitat i \/ o continu\u00eftat i dels serveis que s&#8217;ofereixen en ell.<\/p>\n<p>&nbsp;<\/p>\n<p><strong>CRAWL<\/strong>, no garanteix l&#8217;abs\u00e8ncia de virus ni d&#8217;altres elements a la web que puguin produir alteracions en el seu sistema inform\u00e0tic. <strong> CRAWL &lt;\/ strong&gt;, declina qualsevol responsabilitat contractual o extracontractual amb els Usuaris que facin \u00fas d&#8217;aix\u00f2 i tingu\u00e9s perjudicis de qualsevol naturalesa ocasionats per virus inform\u00e0tics o per elements inform\u00e0tics de qualsevol \u00edndole.<\/strong><\/p>\n<p>&nbsp;<\/p>\n<p><strong>CRAWL,<\/strong> declina qualsevol responsabilitat pels serveis i \/ o informaci\u00f3 que es presti en altres Llocs enlla\u00e7ats amb aquest. <strong> CRAWL &lt;\/ strong&gt;, no controla ni exerceix cap tipus de supervisi\u00f3 en Llocs webs de tercers. Aconsellem als Usuaris d&#8217;aquests a actuar amb prud\u00e8ncia i consultar les eventuals condicions legals que s&#8217;exposin en aquestes webs.<\/strong><\/p>\n<p>&nbsp;<\/p>\n<p><strong>Condicions d&#8217;\u00fas de l&#8217;portal per als usuaris.<\/strong><\/p>\n<p>&nbsp;<\/p>\n<p>Queda expressament prohibit l&#8217;\u00fas del Web amb finalitats lesives per als b\u00e9ns o interessos de <strong> CRAWL &lt;\/ strong&gt; o de tercers o que de qualsevol altra forma sobrecarreguin, danyin o inutilitzin les xarxes, servidors i altres equips inform\u00e0tics (maquinari) o productes i aplicacions inform\u00e0tiques (programari) de <strong> CRAWL &lt;\/ strong&gt;, o de tercers.<\/strong><\/strong><\/p>\n<p>&nbsp;<\/p>\n<p>En el cas que l&#8217;usuari tingu\u00e9s coneixement que els Llocs enlla\u00e7ats remeten a p\u00e0gines els continguts o serveis s\u00f3n il\u00b7l\u00edcits, nocius, denigrants, violents o contraris a la moral li agrair\u00edem que es pos\u00e9s en contacte amb<strong>CRAWL<\/strong>.<\/p>\n<p>&nbsp;<\/p>\n<p><strong>Direccions IP<\/strong><\/p>\n<p>&nbsp;<\/p>\n<p>Els servidors del lloc web podran detectar de manera autom\u00e0tica l&#8217;adre\u00e7a IP i el nom de domini utilitzats per l&#8217;usuari. Una adre\u00e7a IP \u00e9s un nombre assignat autom\u00e0ticament a un ordinador quan aquest es connecta a Internet. Tota aquesta informaci\u00f3 \u00e9s registrada en un fitxer d&#8217;activitat de l&#8217;servidor degudament inscrit que permet el posterior processament de les dades amb la finalitat d&#8217;obtenir mesures \u00fanicament estad\u00edstiques que permetin con\u00e8ixer el nombre d&#8217;impressions de p\u00e0gines, el nombre de visites realitzades als servidors web, l&#8217;ordre de visites, el punt d&#8217;acc\u00e9s, etc.<\/p>\n<p>&nbsp;<\/p>\n<p><strong>Pol\u00edtica de protecci\u00f3 de dades personals.<\/strong><\/p>\n<p>&nbsp;<\/p>\n<p>Pot consultar la nostra Pol\u00edtica de protecci\u00f3 de dades personals en l&#8217;apartat Pol\u00edtica de Privadesa d&#8217;aquesta web. <strong>Cookies.<\/strong><\/p>\n<p>&nbsp;<\/p>\n<p>Les galetes serveixen per millorar el funcionament de la web. La Llei de serveis de la societat de la informaci\u00f3 i de comer\u00e7 electr\u00f2nic, estableix com a requisit l&#8217;obtenci\u00f3 de l&#8217;consentiment informat abans que s&#8217;emmagatzemi o s&#8217;accedeixi a la informaci\u00f3 de l&#8217;usuari en certs sup\u00f2sits.<\/p>\n<p>&nbsp;<\/p>\n<p>Si fem servir un altre tipus de galetes que no siguin les necess\u00e0ries, podr\u00e0 consultar la pol\u00edtica de cookies a l&#8217;enlla\u00e7 corresponent des de l&#8217;inici del web.<br \/>\n<strong>Legislaci\u00f3n. <\/strong><\/p>\n<p>&nbsp;<\/p>\n<p>Per a la resoluci\u00f3 de totes les controv\u00e8rsies o q\u00fcestions relacionades amb el present lloc web o de les activitats en ell desenvolupades, ser\u00e0 d&#8217;aplicaci\u00f3 la legislaci\u00f3 espanyola, a la qual se sotmeten expressament les parts, sent competents per a la resoluci\u00f3 de tots els conflictes derivats o relacionats amb el seu \u00fas els Jutjats i Tribunals m\u00e9s propers a Granollers.<\/p>\n<p>&nbsp;<\/p>\n<p><strong>Contacte amb nosaltres.<\/strong><\/p>\n<p>&nbsp;<\/p>\n<p>Si t\u00e9 vost\u00e8. Qualsevol pregunta sobre les condicions reflectides en aquest av\u00eds legal, o si li agradaria fer qualsevol suggeriment o recomanaci\u00f3, si us plau dirigiu-vos a nosaltres a trav\u00e9s de l&#8217;email facilitat a la cap\u00e7alera[\/vc_column_text][\/vc_column_inner][\/vc_row_inner][\/vc_column][\/vc_row][vc_row css_animation=&#8221;&#8221; row_type=&#8221;row&#8221; use_row_as_full_screen_section=&#8221;no&#8221; type=&#8221;full_width&#8221; angled_section=&#8221;no&#8221; text_align=&#8221;left&#8221; background_image_as_pattern=&#8221;without_pattern&#8221;][vc_column][vc_empty_space height=&#8221;100px&#8221;][\/vc_column][\/vc_row]<\/p>\n<\/section>","protected":false},"excerpt":{"rendered":"<p>[vc_row css_animation=&#8221;&#8221; row_type=&#8221;row&#8221; use_row_as_full_screen_section=&#8221;no&#8221; type=&#8221;full_width&#8221; angled_section=&#8221;no&#8221; text_align=&#8221;left&#8221; background_image_as_pattern=&#8221;without_pattern&#8221;][vc_column][vc_row_inner row_type=&#8221;row&#8221; type=&#8221;grid&#8221; text_align=&#8221;left&#8221; css_animation=&#8221;&#8221;][vc_column_inner][vc_column_text] Av\u00eds Legal [\/vc_column_text][vc_empty_space][\/vc_column_inner][\/vc_row_inner][vc_row_inner row_type=&#8221;row&#8221; type=&#8221;grid&#8221; text_align=&#8221;left&#8221; css_animation=&#8221;&#8221;][vc_column_inner][vc_column_text]En compliment de la Llei Org\u00e0nica LOPDGDD 3\/2018, aix\u00ed com el Reglament (UE) 2016\/679 de 27 d&#8217;abril de 2016 (RGPD), aix\u00ed com la Llei 34\/2002, de 11&#8230;<\/p>\n","protected":false},"author":2,"featured_media":0,"parent":0,"menu_order":0,"comment_status":"closed","ping_status":"closed","template":"","meta":[],"_links":{"self":[{"href":"https:\/\/crawl.es\/ca\/wp-json\/wp\/v2\/pages\/2770"}],"collection":[{"href":"https:\/\/crawl.es\/ca\/wp-json\/wp\/v2\/pages"}],"about":[{"href":"https:\/\/crawl.es\/ca\/wp-json\/wp\/v2\/types\/page"}],"author":[{"embeddable":true,"href":"https:\/\/crawl.es\/ca\/wp-json\/wp\/v2\/users\/2"}],"replies":[{"embeddable":true,"href":"https:\/\/crawl.es\/ca\/wp-json\/wp\/v2\/comments?post=2770"}],"version-history":[{"count":4,"href":"https:\/\/crawl.es\/ca\/wp-json\/wp\/v2\/pages\/2770\/revisions"}],"predecessor-version":[{"id":4100,"href":"https:\/\/crawl.es\/ca\/wp-json\/wp\/v2\/pages\/2770\/revisions\/4100"}],"wp:attachment":[{"href":"https:\/\/crawl.es\/ca\/wp-json\/wp\/v2\/media?parent=2770"}],"curies":[{"name":"wp","href":"https:\/\/api.w.org\/{rel}","templated":true}]}}