{"id":4040,"date":"2021-01-15T11:35:58","date_gmt":"2021-01-15T11:35:58","guid":{"rendered":"https:\/\/crawl.es\/sobre-nosotros\/"},"modified":"2021-05-19T06:58:21","modified_gmt":"2021-05-19T06:58:21","slug":"sobre-nosaltres","status":"publish","type":"page","link":"https:\/\/crawl.es\/ca\/sobre-nosaltres\/","title":{"rendered":"Sobre Nosaltres"},"content":{"rendered":"<section class=\"wpb-content-wrapper\"><p>[vc_row css_animation=&#8221;&#8221; row_type=&#8221;row&#8221; use_row_as_full_screen_section=&#8221;no&#8221; type=&#8221;full_width&#8221; angled_section=&#8221;no&#8221; text_align=&#8221;left&#8221; background_image_as_pattern=&#8221;without_pattern&#8221;][vc_column][vc_single_image image=&#8221;3001&#8243; img_size=&#8221;full&#8221; alignment=&#8221;center&#8221; qode_css_animation=&#8221;&#8221;][\/vc_column][\/vc_row][vc_row css_animation=&#8221;&#8221; row_type=&#8221;row&#8221; use_row_as_full_screen_section=&#8221;no&#8221; type=&#8221;full_width&#8221; angled_section=&#8221;no&#8221; text_align=&#8221;left&#8221; background_image_as_pattern=&#8221;without_pattern&#8221; z_index=&#8221;&#8221; background_color=&#8221;#f5f5f5&#8243; padding_top=&#8221;90&#8243; padding_bottom=&#8221;90&#8243;][vc_column][vc_row_inner row_type=&#8221;row&#8221; type=&#8221;grid&#8221; text_align=&#8221;left&#8221; css_animation=&#8221;&#8221;][vc_column_inner][vc_column_text]<\/p>\n<h2 style=\"text-align: center;\">Benvingut a la fam\u00edlia CRAWL!<\/h2>\n<p>[\/vc_column_text][vc_separator type=&#8221;small&#8221; position=&#8221;center&#8221;][vc_column_text]<\/p>\n<p style=\"text-align: center;\"><strong>Un nou projecte que surt de la botiga del club de Nataci\u00f3.<\/strong><\/p>\n<p>[\/vc_column_text][vc_empty_space][vc_column_text]<\/p>\n<p style=\"text-align: center;\">Som una empresa que aquest 2021 ha decidit emprendre aquesta aventura i donar-li la volta a l&#8217;antiga botiga.<\/p>\n<p>&nbsp;<\/p>\n<p style=\"text-align: center;\">\u00bfI perqu\u00e8 el nom de <strong>Crawl<\/strong>?<\/p>\n<p>&nbsp;<\/p>\n<h3 style=\"text-align: center;\">Crawl \u00e9s una de les quatre disciplines de nataci\u00f3 per\u00f2 la paraula va molt m\u00e9s enll\u00e0, crawl representa els valors de la nostra nova marca:<\/h3>\n<p>[\/vc_column_text][\/vc_column_inner][\/vc_row_inner][\/vc_column][\/vc_row][vc_row css_animation=&#8221;&#8221; row_type=&#8221;row&#8221; use_row_as_full_screen_section=&#8221;no&#8221; type=&#8221;grid&#8221; angled_section=&#8221;no&#8221; text_align=&#8221;left&#8221; background_image_as_pattern=&#8221;without_pattern&#8221; z_index=&#8221;&#8221; padding_bottom=&#8221;70&#8243; padding_top=&#8221;70&#8243;][vc_column][vc_single_image image=&#8221;3262&#8243; img_size=&#8221;full&#8221; alignment=&#8221;center&#8221; qode_css_animation=&#8221;&#8221;][\/vc_column][\/vc_row][vc_row css_animation=&#8221;&#8221; row_type=&#8221;row&#8221; use_row_as_full_screen_section=&#8221;no&#8221; type=&#8221;full_width&#8221; angled_section=&#8221;no&#8221; text_align=&#8221;left&#8221; background_image_as_pattern=&#8221;without_pattern&#8221; z_index=&#8221;&#8221; background_color=&#8221;#f5f5f5&#8243; padding_top=&#8221;90&#8243; padding_bottom=&#8221;90&#8243;][vc_column][vc_row_inner row_type=&#8221;row&#8221; type=&#8221;grid&#8221; text_align=&#8221;left&#8221; css_animation=&#8221;&#8221;][vc_column_inner][vc_column_text el_class=&#8221;txt-c&#8221;]<\/p>\n<p style=\"text-align: center;\">A la nostra botiga trobar\u00e0s tant roba com accessoris d&#8217;esport per a qualsevol tipus d&#8217;esport, <em>nataci\u00f3, ballet, waterpolo, patinatge<\/em> !y molt m\u00e9s!<\/p>\n<p>&nbsp;<\/p>\n<p style=\"text-align: center;\">Vetllem per la qualitat i per aix\u00f2 treballem amb marques reconegudes com <strong>turbo, head, gimar, zoggs, leisis y intermezzo<\/strong>.<\/p>\n<p>&nbsp;<\/p>\n<p style=\"text-align: center;\">No volem fronteres ax\u00ed que qualsevol persona pot disfrutar dels models i qualitat dels productes de <strong>Crawl<\/strong>. !Enviam a tota espanya i Itlles!<\/p>\n<p>[\/vc_column_text][\/vc_column_inner][\/vc_row_inner][\/vc_column][\/vc_row]<\/p>\n<\/section>","protected":false},"excerpt":{"rendered":"<p>[vc_row css_animation=&#8221;&#8221; row_type=&#8221;row&#8221; use_row_as_full_screen_section=&#8221;no&#8221; type=&#8221;full_width&#8221; angled_section=&#8221;no&#8221; text_align=&#8221;left&#8221; background_image_as_pattern=&#8221;without_pattern&#8221;][vc_column][vc_single_image image=&#8221;3001&#8243; img_size=&#8221;full&#8221; alignment=&#8221;center&#8221; qode_css_animation=&#8221;&#8221;][\/vc_column][\/vc_row][vc_row css_animation=&#8221;&#8221; row_type=&#8221;row&#8221; use_row_as_full_screen_section=&#8221;no&#8221; type=&#8221;full_width&#8221; angled_section=&#8221;no&#8221; text_align=&#8221;left&#8221; background_image_as_pattern=&#8221;without_pattern&#8221; z_index=&#8221;&#8221; background_color=&#8221;#f5f5f5&#8243; padding_top=&#8221;90&#8243; padding_bottom=&#8221;90&#8243;][vc_column][vc_row_inner row_type=&#8221;row&#8221; type=&#8221;grid&#8221; text_align=&#8221;left&#8221; css_animation=&#8221;&#8221;][vc_column_inner][vc_column_text] Benvingut a la fam\u00edlia CRAWL! [\/vc_column_text][vc_separator type=&#8221;small&#8221; position=&#8221;center&#8221;][vc_column_text] Un nou projecte que surt de la botiga del club&#8230;<\/p>\n","protected":false},"author":1,"featured_media":0,"parent":0,"menu_order":0,"comment_status":"closed","ping_status":"closed","template":"full_width.php","meta":[],"_links":{"self":[{"href":"https:\/\/crawl.es\/ca\/wp-json\/wp\/v2\/pages\/4040"}],"collection":[{"href":"https:\/\/crawl.es\/ca\/wp-json\/wp\/v2\/pages"}],"about":[{"href":"https:\/\/crawl.es\/ca\/wp-json\/wp\/v2\/types\/page"}],"author":[{"embeddable":true,"href":"https:\/\/crawl.es\/ca\/wp-json\/wp\/v2\/users\/1"}],"replies":[{"embeddable":true,"href":"https:\/\/crawl.es\/ca\/wp-json\/wp\/v2\/comments?post=4040"}],"version-history":[{"count":7,"href":"https:\/\/crawl.es\/ca\/wp-json\/wp\/v2\/pages\/4040\/revisions"}],"predecessor-version":[{"id":4134,"href":"https:\/\/crawl.es\/ca\/wp-json\/wp\/v2\/pages\/4040\/revisions\/4134"}],"wp:attachment":[{"href":"https:\/\/crawl.es\/ca\/wp-json\/wp\/v2\/media?parent=4040"}],"curies":[{"name":"wp","href":"https:\/\/api.w.org\/{rel}","templated":true}]}}