{"id":4046,"date":"2021-02-15T07:59:44","date_gmt":"2021-02-15T07:59:44","guid":{"rendered":"https:\/\/crawl.es\/politica-de-privacidad\/"},"modified":"2021-05-19T07:49:22","modified_gmt":"2021-05-19T07:49:22","slug":"politica-de-privacidad","status":"publish","type":"page","link":"https:\/\/crawl.es\/ca\/politica-de-privacidad\/","title":{"rendered":"Pol\u00edtica de Privacidad"},"content":{"rendered":"<section class=\"wpb-content-wrapper\"><p>[vc_row css_animation=&#8221;&#8221; row_type=&#8221;row&#8221; use_row_as_full_screen_section=&#8221;no&#8221; type=&#8221;full_width&#8221; angled_section=&#8221;no&#8221; text_align=&#8221;left&#8221; background_image_as_pattern=&#8221;without_pattern&#8221;][vc_column][vc_row_inner row_type=&#8221;row&#8221; type=&#8221;grid&#8221; text_align=&#8221;left&#8221; css_animation=&#8221;&#8221;][vc_column_inner][vc_column_text]<\/p>\n<h1>Pol\u00edtica de Privacitat<\/h1>\n<p>[\/vc_column_text][vc_empty_space][\/vc_column_inner][\/vc_row_inner][vc_row_inner row_type=&#8221;row&#8221; type=&#8221;grid&#8221; text_align=&#8221;left&#8221; css_animation=&#8221;&#8221;][vc_column_inner][vc_column_text]<strong>RESPONSABLE DEL TRACTAMENT DE LES SEVES DADES PERSONALS:<\/strong><\/p>\n<p><strong>Denominaci\u00f3 social:<\/strong> SUSANA SORIANO S\u00c1NCHEZ en endavant <strong>CRAWL<\/strong><\/p>\n<p><strong>Domicili social: CL CAMPS DE LES MORERES, 15 LOCAL 08401-GRANOLLERS (BARCELONA)<\/strong><\/p>\n<p><strong>NIF: 52.149.005-R<\/strong><\/p>\n<p><strong>Mail: info@crawl.es<\/strong><\/p>\n<p>&nbsp;<\/p>\n<p><strong>CRAWL, <\/strong> \u00e9s titular del lloc web que visita, sent el Responsable del Tractament de les dades personals de l&#8217;Usuari, per la qual cosa en el tractament de dades de car\u00e0cter personal, es garanteix el compliment de la normativa vigent en mat\u00e8ria de protecci\u00f3 de dades LOPDGDD- Llei Org\u00e0nica 3\/2018, de 5 de desembre, Reglament (UE) 2016\/679, de 27 d&#8217;abril de 2016 (RGPD) sobre protecci\u00f3 de les persones f\u00edsiques pel que fa al tractament de dades personals i a la lliure circulaci\u00f3 d&#8217;aquestes dades, aix\u00ed com la Llei 34\/2002, d&#8217;11 de juliol, de Serveis de la Societat de la Informaci\u00f3 i Comer\u00e7 Electr\u00f2nic (LSSICE o LSSI), per la qual cosa se li facilita la seg\u00fcent informaci\u00f3 sobre el tractament de les seves dades :<\/p>\n<p>Aquesta pol\u00edtica de privacitat estableix el formulari i proporciona la informaci\u00f3 necess\u00e0ria sobre la gesti\u00f3 i tractament de les dades personals recollides en aquest lloc web. <strong>L&#8217;usuari ha de <u> llegir-lo i acceptar-lo<\/u> abans de continuar-hi.<\/strong><\/p>\n<p>Ens reservem el dret a modificar o adaptar aquesta Pol\u00edtica de Privacitat en qualsevol moment. Et recomanem que la revisis cada vegada que hi accedeixis.<\/p>\n<p>&nbsp;<\/p>\n<p><strong>COM UTILITZEM LES SEVES DADES PERSONALS?<\/strong><\/p>\n<p>Ens comprometem a protegir la vostra privadesa. \u00c9s important que entenguis com protegim les teves dades personals i com ens assegurem que complim amb les nostres obligacions legals d&#8217;acord amb les normes i regulacions de les lleis de protecci\u00f3 de dades aplicables. Aquesta pol\u00edtica de privadesa indica com CRAWL recopila, utilitza, emmagatzema i comparteix les vostres dades personals.<\/p>\n<p>Si t\u00e9 alguna pregunta sobre aquesta pol\u00edtica o sobre com es tracten les seves dades personals, si us plau contacti amb<\/p>\n<p>Aquesta pol\u00edtica s&#8217;aplica a les dades personals que recopilem sobre vost\u00e8 quan:<\/p>\n<ul>\n<li>el lloc web<\/li>\n<li>els nostres productes &#8211; Visita la nostra botiga f\u00edsica<\/li>\n<li>Contacta amb nosaltres, per exemple per tel\u00e8fon, correu electr\u00f2nic o registrant-se en un dels nostres llocs web.<\/li>\n<\/ul>\n<p><strong>QUINA INFORMACI\u00d3 RECOLLIM SOBRE TU?\u00a0 <\/strong><\/p>\n<p>&nbsp;<\/p>\n<p>Les dades que us sol\u00b7licitem en cada moment, s\u00f3n adequades, pertinents i estrictament necess\u00e0ries per a la finalitat per a la qual es recullen. Com a usuari ens certifiques que totes les dades que ens envies o ens facilites s\u00f3n veraces, veraces i rellevants per a la finalitat que se&#8217;ns ha sol\u00b7licitat.<\/p>\n<p>&nbsp;<\/p>\n<p>Si feu alguna compra en l\u00ednia al nostre lloc web, participeu en qualsevol promoci\u00f3 o enquesta, recopilem el vostre nom i les vostres dades de contacte (inclosa la vostra adre\u00e7a, n\u00famero de tel\u00e8fon, detalls sobre la vostra comanda i la informaci\u00f3 del vostre compte (quan compreu els nostres productes).<\/p>\n<p>&nbsp;<\/p>\n<p>Si us plau, consulteu la nostra pol\u00edtica de cookies per obtenir m\u00e9s informaci\u00f3 sobre quina informaci\u00f3 es recopilar\u00e0 autom\u00e0ticament<\/p>\n<p><strong>D&#8217;ON OBTENIM AQUESTA INFORMACI\u00d3?<\/strong><\/p>\n<p>Recopilem algunes dades directament de vost\u00e8, ja sigui informaci\u00f3 que ens proporcioni o informaci\u00f3 que recopilem quan visiteu el nostre lloc web o botiga o mitjan\u00e7ant comunicacions amb nosaltres.<\/p>\n<p>&nbsp;<\/p>\n<p><strong>Ens proporcioneu dades o recopileu dades personals sobre vosaltres quan;<\/strong><\/p>\n<p>&nbsp;<\/p>\n<ul>\n<li>Formularis d&#8217;emplenament al nostre lloc web, fins i tot quan compreu productes en l\u00ednia, quan ens feu qualsevol pregunta, creeu un compte al nostre lloc web i\/o registreu-vos per rebre material promocional i<\/li>\n<li>enquesta enquestes o participar en concursos o sortejos.<\/li>\n<li>Preu informaci\u00f3 vostra en qualsevol comunicaci\u00f3 amb nosaltres, ja sigui per tel\u00e8fon, correu electr\u00f2nic, correu postal o quan us connecteu al vostre compte, compreu o envieu una consulta o suggeriment.<\/li>\n<li>visibil\u00b7la la nostra p\u00e0gina web.<\/li>\n<li>En qu\u00e8 et posis en contacte amb nosaltres pel que fa als nostres productes, serveis, fas una queixa o qualsevol altra consulta.<\/li>\n<\/ul>\n<p>&nbsp;<\/p>\n<p><strong>PER QUE NECESSITEM LES TEVES DADES?<\/strong><\/p>\n<p>&nbsp;<\/p>\n<p>La finalitat principal per a la qual recopilem informaci\u00f3 \u00e9s que podeu fer la vostra compra amb \u00e8xit. Tamb\u00e9 ens serveix per enviar-te ofertes i promocions que puguin ser del teu inter\u00e8s<\/p>\n<p>&nbsp;<\/p>\n<p><strong>CONTACTES DE LA WEB O CORREU ELECTR\u00d2NIC<\/strong><\/p>\n<p>&nbsp;<\/p>\n<p><strong>Quines dades recopilem a trav\u00e9s del web?<\/strong><\/p>\n<p>&nbsp;<\/p>\n<p>Podem tractar la seva IP, quin sistema operatiu o navegador utilitza, i fins i tot la durada de la seva visita, de forma an\u00f2nima.<\/p>\n<p>&nbsp;<\/p>\n<p>Si ens facilita dades en el formulari de contacte, s&#8217;identificar\u00e0 perqu\u00e8 puguem contactar amb vost\u00e8, descarregar-nos les nostres tarifes, enviar-nos el seu curr\u00edculum, o sol\u00b7licitar informaci\u00f3 addicional sobre els nostres serveis en cas que[\/vc_column_text][\/vc_column_inner][\/vc_row_inner][\/vc_column][\/vc_row][vc_row css_animation=&#8221;&#8221; row_type=&#8221;row&#8221; use_row_as_full_screen_section=&#8221;no&#8221; type=&#8221;full_width&#8221; angled_section=&#8221;no&#8221; text_align=&#8221;left&#8221; background_image_as_pattern=&#8221;without_pattern&#8221;][vc_column][vc_empty_space height=&#8221;100px&#8221;][\/vc_column][\/vc_row]<\/p>\n<\/section>","protected":false},"excerpt":{"rendered":"<p>[vc_row css_animation=&#8221;&#8221; row_type=&#8221;row&#8221; use_row_as_full_screen_section=&#8221;no&#8221; type=&#8221;full_width&#8221; angled_section=&#8221;no&#8221; text_align=&#8221;left&#8221; background_image_as_pattern=&#8221;without_pattern&#8221;][vc_column][vc_row_inner row_type=&#8221;row&#8221; type=&#8221;grid&#8221; text_align=&#8221;left&#8221; css_animation=&#8221;&#8221;][vc_column_inner][vc_column_text] Pol\u00edtica de Privacitat [\/vc_column_text][vc_empty_space][\/vc_column_inner][\/vc_row_inner][vc_row_inner row_type=&#8221;row&#8221; type=&#8221;grid&#8221; text_align=&#8221;left&#8221; css_animation=&#8221;&#8221;][vc_column_inner][vc_column_text]RESPONSABLE DEL TRACTAMENT DE LES SEVES DADES PERSONALS: Denominaci\u00f3 social: SUSANA SORIANO S\u00c1NCHEZ en endavant CRAWL Domicili social: CL CAMPS DE LES MORERES, 15 LOCAL 08401-GRANOLLERS&#8230;<\/p>\n","protected":false},"author":2,"featured_media":0,"parent":0,"menu_order":0,"comment_status":"closed","ping_status":"closed","template":"","meta":[],"_links":{"self":[{"href":"https:\/\/crawl.es\/ca\/wp-json\/wp\/v2\/pages\/4046"}],"collection":[{"href":"https:\/\/crawl.es\/ca\/wp-json\/wp\/v2\/pages"}],"about":[{"href":"https:\/\/crawl.es\/ca\/wp-json\/wp\/v2\/types\/page"}],"author":[{"embeddable":true,"href":"https:\/\/crawl.es\/ca\/wp-json\/wp\/v2\/users\/2"}],"replies":[{"embeddable":true,"href":"https:\/\/crawl.es\/ca\/wp-json\/wp\/v2\/comments?post=4046"}],"version-history":[{"count":4,"href":"https:\/\/crawl.es\/ca\/wp-json\/wp\/v2\/pages\/4046\/revisions"}],"predecessor-version":[{"id":4152,"href":"https:\/\/crawl.es\/ca\/wp-json\/wp\/v2\/pages\/4046\/revisions\/4152"}],"wp:attachment":[{"href":"https:\/\/crawl.es\/ca\/wp-json\/wp\/v2\/media?parent=4046"}],"curies":[{"name":"wp","href":"https:\/\/api.w.org\/{rel}","templated":true}]}}