{"id":4145,"date":"2021-02-15T08:22:11","date_gmt":"2021-02-15T08:22:11","guid":{"rendered":"https:\/\/crawl.es\/condiciones-de-compra\/"},"modified":"2021-05-19T07:39:45","modified_gmt":"2021-05-19T07:39:45","slug":"condicions-de-compra","status":"publish","type":"page","link":"https:\/\/crawl.es\/ca\/condicions-de-compra\/","title":{"rendered":"Condicions de Compra"},"content":{"rendered":"<section class=\"wpb-content-wrapper\"><p>[vc_row css_animation=&#8221;&#8221; row_type=&#8221;row&#8221; use_row_as_full_screen_section=&#8221;no&#8221; type=&#8221;full_width&#8221; angled_section=&#8221;no&#8221; text_align=&#8221;left&#8221; background_image_as_pattern=&#8221;without_pattern&#8221;][vc_column][vc_row_inner row_type=&#8221;row&#8221; type=&#8221;grid&#8221; text_align=&#8221;left&#8221; css_animation=&#8221;&#8221;][vc_column_inner][vc_column_text]<\/p>\n<h1>Condicions de Compra<\/h1>\n<p>[\/vc_column_text][vc_empty_space][\/vc_column_inner][\/vc_row_inner][vc_row_inner row_type=&#8221;row&#8221; type=&#8221;grid&#8221; text_align=&#8221;left&#8221; css_animation=&#8221;&#8221;][vc_column_inner][vc_column_text]<strong>Denominaci\u00f3 social:<\/strong> SUSANA SORIANO S\u00c1NCHEZ en endavant <strong>CRAWL<\/strong><\/p>\n<p><strong>Domicili social: <\/strong><strong>CL CAMPS DE LES MORERES, 15 LOCAL 08401-GRANOLLERS (BARCELONA)<\/strong><\/p>\n<p><strong>NIF: <\/strong><strong>52.149.005-R<\/strong><\/p>\n<p><strong>Mail: info@crawl.es<\/strong><\/p>\n<p>&nbsp;<\/p>\n<p>Si us plau, llegiu atentament aquestes condicions<\/p>\n<p>Les presents Condicions Generals de Compra regularan expressament les relacions sorgides entre CRAWL i tercers (en endavant, &#8220;Usuaris&#8221;) que utilitzin el lloc web oficial de CRAWL o realitzin una compra a trav\u00e9s de la nostra p\u00e0gina web. Us demanem que llegiu atentament aquests Termes abans d&#8217;utilitzar aquest lloc web; perqu\u00e8 en utilitzar-lo o ordenar a trav\u00e9s d&#8217;ell, consents estar obligat per ells. Si no esteu d&#8217;acord amb tots els Termes, no heu d&#8217;utilitzar aquest lloc web.<\/p>\n<p>Aquests Termes poden ser modificats. \u00c9s responsabilitat teva llegir-les peri\u00f2dicament, ja que aquelles que estiguin vigents en el moment de realitzar comandes o per defecte d&#8217;aquestes, seran les que li siguin aplicables en el moment de l&#8217;\u00fas del lloc web.<\/p>\n<p>Si tens algun dubte sobre aquests termes, posa&#8217;t en contacte amb nosaltres a: <strong>info@crawl.es<\/strong><\/p>\n<p>&nbsp;<\/p>\n<ol>\n<li><strong>APLICACI\u00d3 DEL CANVI<\/strong><\/li>\n<\/ol>\n<p>Aquests Termes i Condicions s&#8217;aplicaran a les vendes de productes i serveis realitzats per <strong>CRAWL<\/strong> a trav\u00e9s del Lloc Web. En cas d&#8217;ofertes i campanyes especials, es poden aplicar condicions addicionals establertes per a aquestes ofertes i campanyes. En cas de conflicte, els termes i condicions addicionals d&#8217;aquestes ofertes i campanyes prevaldran sobre aquests termes i condicions.<\/p>\n<p>&nbsp;<\/p>\n<ol start=\"\">CONNEXI\u00d3<\/p>\n<li><strong>DATA<\/strong><\/li>\n<\/ol>\n<p>La informaci\u00f3 o dades personals que ens faciliti seran tractades d&#8217;acord amb el que estableix la nostra Pol\u00edtica de Privacitat i Cookies. Mitjan\u00e7ant la compra dels nostres productes o la contractaci\u00f3 dels serveis disponibles en aquest lloc web vost\u00e8 consent el tractament d&#8217;aquesta informaci\u00f3 i dades, i declara que tota la informaci\u00f3 \u00e9s vera\u00e7 i es correspon amb la realitat.<\/p>\n<p>Per a m\u00e9s informaci\u00f3 accedeixi a la nostra pol\u00edtica de privacitat o pol\u00edtica de cookies.<\/p>\n<p>&nbsp;<\/p>\n<ol start=\"\">\n<li><strong>ACEPTACI\u00d3 D&#8217;AQUESTES CONDICIONS<\/strong><\/li>\n<\/ol>\n<p>La realitzaci\u00f3 de comandes a trav\u00e9s del nostre lloc web implica necess\u00e0riament l&#8217;acceptaci\u00f3 de les presents condicions de compra. <strong> D&#8217;aquesta manera, marcant la casella indicada en aquests termes i condicions en els nostres formularis de comanda, acceptes sense reserves aquestes condicions generals, que detallem i ampliem aqu\u00ed.<\/strong><\/p>\n<p>En realitzar una comanda a trav\u00e9s d&#8217;aquest lloc web, declares ser majors de 18 anys i tenir capacitat legal per contractar.<\/p>\n<p>&nbsp;<\/p>\n<ol start=\"\">\n<li><strong>PRODUCTES<\/strong><\/li>\n<\/ol>\n<p>CRAWL es reserva el dret de decidir, en qualsevol moment, els Productes oferts als Usuaris a trav\u00e9s del Lloc Web. En particular, CRAWL podr\u00e0 en qualsevol moment afegir nous Productes als oferts o inclosos en el Lloc Web, entenent que llevat que es proporcioni el contrari, aquests nous Productes es regiran pel que disposen aquestes Condicions Generals. Likes, CRAWL es reserva el dret a deixar de proporcionar o facilitar l&#8217;acc\u00e9s i l&#8217;\u00fas en qualsevol moment i sense previ av\u00eds de qualsevol dels diferents tipus de Productes oferts al Lloc Web.<\/p>\n<p>Els Productes inclosos en el Lloc Web correspondran de la manera m\u00e9s fiable possible que la tecnologia de visualitzaci\u00f3 web permeti als Productes realment oferts. Les caracter\u00edstiques dels Productes i els seus preus apareixen a la web. Els preus indicats al Lloc Web s\u00f3n en euros i inclouen l&#8217;IVA, llevat que s&#8217;indiqui el contrari.<\/p>\n<p>&nbsp;<\/p>\n<ol start=\"\">\n<li><strong>APRECIA<\/strong><\/li>\n<\/ol>\n<p>Tots els preus que es mostren a la p\u00e0gina web de CRAWL s&#8217;expressen en euros; llevat que s&#8217;indiqui el contrari, inclouen l&#8217;IVA, que estar\u00e0 legalment vigent en cada moment en funci\u00f3 de l&#8217;article espec\u00edfic en q\u00fcesti\u00f3; i no inclouen les despeses d&#8217;enviament, que s&#8217;afegiran a l&#8217;import total degut al final del proc\u00e9s de compra, una vegada l&#8217;Usuari hagi incl\u00f2s l&#8217;adre\u00e7a d&#8217;enviament. Pr\u00e8viament a l&#8217;entrada en la fase &#8220;Efectua el pagament&#8221; l&#8217;Usuari coneixer\u00e0 l&#8217;import final complet de la seva comanda, incloses les despeses de transport.<\/p>\n<p>El preu de cada producte ser\u00e0 l&#8217;estipulat en qualsevol moment a la p\u00e0gina web. No obstant aix\u00f2, malgrat les mesures adoptades en CRAWL per evitar errors, el preu d&#8217;un producte aplicat durant la compra pot no ser el producte ofert o els preus publicats poden ser incorrectes. En el cas que aquests errors s&#8217;hagin detectat despr\u00e9s que l&#8217;usuari hagi fet la compra, CRAWL .es es posar\u00e0 en contacte amb[\/vc_column_text][\/vc_column_inner][\/vc_row_inner][\/vc_column][\/vc_row][vc_row css_animation=&#8221;&#8221; row_type=&#8221;row&#8221; use_row_as_full_screen_section=&#8221;no&#8221; type=&#8221;full_width&#8221; angled_section=&#8221;no&#8221; text_align=&#8221;left&#8221; background_image_as_pattern=&#8221;without_pattern&#8221;][vc_column][vc_empty_space height=&#8221;100px&#8221;][\/vc_column][\/vc_row]<\/p>\n<\/section>","protected":false},"excerpt":{"rendered":"<p>[vc_row css_animation=&#8221;&#8221; row_type=&#8221;row&#8221; use_row_as_full_screen_section=&#8221;no&#8221; type=&#8221;full_width&#8221; angled_section=&#8221;no&#8221; text_align=&#8221;left&#8221; background_image_as_pattern=&#8221;without_pattern&#8221;][vc_column][vc_row_inner row_type=&#8221;row&#8221; type=&#8221;grid&#8221; text_align=&#8221;left&#8221; css_animation=&#8221;&#8221;][vc_column_inner][vc_column_text] Condicions de Compra [\/vc_column_text][vc_empty_space][\/vc_column_inner][\/vc_row_inner][vc_row_inner row_type=&#8221;row&#8221; type=&#8221;grid&#8221; text_align=&#8221;left&#8221; css_animation=&#8221;&#8221;][vc_column_inner][vc_column_text]Denominaci\u00f3 social: SUSANA SORIANO S\u00c1NCHEZ en endavant CRAWL Domicili social: CL CAMPS DE LES MORERES, 15 LOCAL 08401-GRANOLLERS (BARCELONA) NIF: 52.149.005-R Mail: info@crawl.es &nbsp; Si us&#8230;<\/p>\n","protected":false},"author":2,"featured_media":0,"parent":0,"menu_order":0,"comment_status":"closed","ping_status":"closed","template":"","meta":[],"_links":{"self":[{"href":"https:\/\/crawl.es\/ca\/wp-json\/wp\/v2\/pages\/4145"}],"collection":[{"href":"https:\/\/crawl.es\/ca\/wp-json\/wp\/v2\/pages"}],"about":[{"href":"https:\/\/crawl.es\/ca\/wp-json\/wp\/v2\/types\/page"}],"author":[{"embeddable":true,"href":"https:\/\/crawl.es\/ca\/wp-json\/wp\/v2\/users\/2"}],"replies":[{"embeddable":true,"href":"https:\/\/crawl.es\/ca\/wp-json\/wp\/v2\/comments?post=4145"}],"version-history":[{"count":5,"href":"https:\/\/crawl.es\/ca\/wp-json\/wp\/v2\/pages\/4145\/revisions"}],"predecessor-version":[{"id":4150,"href":"https:\/\/crawl.es\/ca\/wp-json\/wp\/v2\/pages\/4145\/revisions\/4150"}],"wp:attachment":[{"href":"https:\/\/crawl.es\/ca\/wp-json\/wp\/v2\/media?parent=4145"}],"curies":[{"name":"wp","href":"https:\/\/api.w.org\/{rel}","templated":true}]}}