{"id":10962,"date":"2024-11-19T12:29:27","date_gmt":"2024-11-19T12:29:27","guid":{"rendered":"https:\/\/crawl.es\/producto\/banyador-zoggs-ajustable-nens-3-24-mesos\/"},"modified":"2024-11-19T12:29:27","modified_gmt":"2024-11-19T12:29:27","slug":"banyador-zoggs-ajustable-nens-3-24-mesos","status":"publish","type":"product","link":"https:\/\/crawl.es\/ca\/producto\/banyador-zoggs-ajustable-nens-3-24-mesos\/","title":{"rendered":"BANYADOR ZOGGS AJUSTABLE NENS 3-24 MESOS"},"content":{"rendered":"<p>Ajuda a prevenir aquests petits accidents amb el nostre bolquer de bany ajustable Super Star, ecol\u00f2gic, reutilitzable i rentable a m\u00e0quina. Suau i c\u00f2mode per a la pell del teu nad\u00f3, el bolquer ajustable Super Star creixer\u00e0 amb el teu petit gr\u00e0cies als fermalls laterals ajustables.<\/p>\n","protected":false},"excerpt":{"rendered":"<p>Ajuda a prevenir aquests petits accidents amb el nostre bolquer de bany ajustable Super Star, ecol\u00f2gic, reutilitzable i rentable a m\u00e0quina. Suau i c\u00f2mode per a la pell del teu nad\u00f3, el bolquer ajustable Super Star creixer\u00e0 amb el teu petit gr\u00e0cies als fermalls laterals ajustables.<\/p>\n","protected":false},"featured_media":10959,"comment_status":"open","ping_status":"closed","template":"","meta":[],"product_cat":[156,226,160],"product_tag":[],"brands":[{"id":24,"name":"Zoggs","slug":"zoggs"}],"_links":{"self":[{"href":"https:\/\/crawl.es\/ca\/wp-json\/wp\/v2\/product\/10962"}],"collection":[{"href":"https:\/\/crawl.es\/ca\/wp-json\/wp\/v2\/product"}],"about":[{"href":"https:\/\/crawl.es\/ca\/wp-json\/wp\/v2\/types\/product"}],"replies":[{"embeddable":true,"href":"https:\/\/crawl.es\/ca\/wp-json\/wp\/v2\/comments?post=10962"}],"wp:featuredmedia":[{"embeddable":true,"href":"https:\/\/crawl.es\/ca\/wp-json\/wp\/v2\/media\/10959"}],"wp:attachment":[{"href":"https:\/\/crawl.es\/ca\/wp-json\/wp\/v2\/media?parent=10962"}],"wp:term":[{"taxonomy":"product_cat","embeddable":true,"href":"https:\/\/crawl.es\/ca\/wp-json\/wp\/v2\/product_cat?post=10962"},{"taxonomy":"product_tag","embeddable":true,"href":"https:\/\/crawl.es\/ca\/wp-json\/wp\/v2\/product_tag?post=10962"}],"curies":[{"name":"wp","href":"https:\/\/api.w.org\/{rel}","templated":true}]}}