{"id":10964,"date":"2024-11-12T12:02:02","date_gmt":"2024-11-12T12:02:02","guid":{"rendered":"https:\/\/crawl.es\/producto\/bossa-allover-fast-shoulder-arena-accessoris-natacio-crawl\/"},"modified":"2024-12-16T11:07:35","modified_gmt":"2024-12-16T11:07:35","slug":"bossa-allover-fast-shoulder-arena-accessoris-natacio-crawl","status":"publish","type":"product","link":"https:\/\/crawl.es\/ca\/producto\/bossa-allover-fast-shoulder-arena-accessoris-natacio-crawl\/","title":{"rendered":"Bossa Allover Fast Shoulder Arena | Accessoris Nataci\u00f3 CRAWL"},"content":{"rendered":"<p>Comen\u00e7a la nova temporada de piscina amb una bossa de bany fresca. La nostra bossa Allover Fast Shoulder compta amb uns decorats cool i contemporanis i detalls en negre. L&#8217;estil met\u00e0l\u00b7lic emmagatzemar\u00e0 tots els articles en compartiments separats per a una organitzaci\u00f3 simple d&#8217;equipament esportiu i articles personals.<\/p>\n<p>La bossa de nataci\u00f3 extra \u00e9s molt \u00fatil per a peces humides o per a la bugada. Posa la teva beguda refrescant preferida a la butxaca exterior. Aquesta bossa fa 32 x 55 x 27 cm i te una capacitat de 35 litres. Est\u00e0 fet d&#8217;una tela resistent amb tirants c\u00f2modes. Als costats compta amb dos espaiosos compartiments dissenyats per a una ventilaci\u00f3 extra i control de la humitat. La butxaca lateral \u00e9s prou gran per emmagatzemar ampolles d&#8217;aigua grans i altres accessoris. Butxaca interior amb cremallera per a articles petits i una bossa de nataci\u00f3 extra\u00efble a l&#8217;interior.<\/p>\n<p>100% Poli\u00e8ster<\/p>\n<p>REF: 002434 180<\/p>\n","protected":false},"excerpt":{"rendered":"<p>Compra la bossa Arena Allover Fast Shoulder. Ideal per nedadors, resistent i espaiosa pels teus accessoris de nataci\u00f3 Disponible a CRAWL!<\/p>\n<p>REF: 002434 180<\/p>\n","protected":false},"featured_media":10464,"comment_status":"open","ping_status":"closed","template":"","meta":[],"product_cat":[134,140],"product_tag":[],"brands":[{"id":312,"name":"ARENA","slug":"arena"}],"_links":{"self":[{"href":"https:\/\/crawl.es\/ca\/wp-json\/wp\/v2\/product\/10964"}],"collection":[{"href":"https:\/\/crawl.es\/ca\/wp-json\/wp\/v2\/product"}],"about":[{"href":"https:\/\/crawl.es\/ca\/wp-json\/wp\/v2\/types\/product"}],"replies":[{"embeddable":true,"href":"https:\/\/crawl.es\/ca\/wp-json\/wp\/v2\/comments?post=10964"}],"wp:featuredmedia":[{"embeddable":true,"href":"https:\/\/crawl.es\/ca\/wp-json\/wp\/v2\/media\/10464"}],"wp:attachment":[{"href":"https:\/\/crawl.es\/ca\/wp-json\/wp\/v2\/media?parent=10964"}],"wp:term":[{"taxonomy":"product_cat","embeddable":true,"href":"https:\/\/crawl.es\/ca\/wp-json\/wp\/v2\/product_cat?post=10964"},{"taxonomy":"product_tag","embeddable":true,"href":"https:\/\/crawl.es\/ca\/wp-json\/wp\/v2\/product_tag?post=10964"}],"curies":[{"name":"wp","href":"https:\/\/api.w.org\/{rel}","templated":true}]}}