{"id":10968,"date":"2024-10-21T10:16:13","date_gmt":"2024-10-21T10:16:13","guid":{"rendered":"https:\/\/crawl.es\/producto\/motxilla-turbo-phoenix-nova-34l-oil-accessoris-natacio-crawl\/"},"modified":"2024-11-20T09:41:50","modified_gmt":"2024-11-20T09:41:50","slug":"motxilla-turbo-phoenix-nova-34l-oil-accessoris-natacio-crawl","status":"publish","type":"product","link":"https:\/\/crawl.es\/ca\/producto\/motxilla-turbo-phoenix-nova-34l-oil-accessoris-natacio-crawl\/","title":{"rendered":"Motxilla Turbo Phoenix Nova 34L Oil | Accessoris Nataci\u00f3 CRAWL"},"content":{"rendered":"<p>Les motxilles Turbo s\u00f3n perfectes per a una \u00e0mplia gamma d&#8217;esports aqu\u00e0tics, com la nataci\u00f3, el waterpolo, el busseig, el triatl\u00f3, etc. La seva construcci\u00f3 resistent a l&#8217;aigua garanteix que el seu interior es mantingui sec, fins i tot quan estiguin exposades a l&#8217;aigua o a la humitat. Les motxilles tamb\u00e9 compten amb corretges ajustables per portar-les c\u00f2modament i transportar-les f\u00e0cilment. El que diferencia les motxilles Turbo d&#8217;altres motxilles del mercat \u00e9s la seva qualitat i durabilitat excepcionals, fet que les converteix en una excel\u00b7lent inversi\u00f3 per als nedadors que necessiten una motxilla fiable i duradora. Tenen un preu competitiu, la qual cosa les fa una opci\u00f3 assequible per a aquells que busquen una motxilla de qualitat a bon preu.<\/p>\n<p>Les motxilles Turbo s\u00f3n un accessori imprescindible per a qualsevol nedador o aficionat que valori la qualitat, la durabilitat i la practicitat. Amb el seu ampli espai d&#8217;emmagatzematge, materials resistents a l&#8217;aigua i preu immillorable, les motxilles Turbo s\u00f3n la motxilla perfecta per a qualsevol que busqui una soluci\u00f3 fiable i pr\u00e0ctica per portar el seu equip.<\/p>\n","protected":false},"excerpt":{"rendered":"<p>Compra la Motxilla Turbo Phoenix Nova 34L Oil. Resistent, espaiosa i perfecta per a nedadors. Ideal per a entrenaments i competicions aqu\u00e0tiques!<\/p>\n","protected":false},"featured_media":9805,"comment_status":"open","ping_status":"closed","template":"","meta":[],"product_cat":[134,140],"product_tag":[],"brands":[{"id":22,"name":"Turbo","slug":"turbo"}],"_links":{"self":[{"href":"https:\/\/crawl.es\/ca\/wp-json\/wp\/v2\/product\/10968"}],"collection":[{"href":"https:\/\/crawl.es\/ca\/wp-json\/wp\/v2\/product"}],"about":[{"href":"https:\/\/crawl.es\/ca\/wp-json\/wp\/v2\/types\/product"}],"replies":[{"embeddable":true,"href":"https:\/\/crawl.es\/ca\/wp-json\/wp\/v2\/comments?post=10968"}],"wp:featuredmedia":[{"embeddable":true,"href":"https:\/\/crawl.es\/ca\/wp-json\/wp\/v2\/media\/9805"}],"wp:attachment":[{"href":"https:\/\/crawl.es\/ca\/wp-json\/wp\/v2\/media?parent=10968"}],"wp:term":[{"taxonomy":"product_cat","embeddable":true,"href":"https:\/\/crawl.es\/ca\/wp-json\/wp\/v2\/product_cat?post=10968"},{"taxonomy":"product_tag","embeddable":true,"href":"https:\/\/crawl.es\/ca\/wp-json\/wp\/v2\/product_tag?post=10968"}],"curies":[{"name":"wp","href":"https:\/\/api.w.org\/{rel}","templated":true}]}}