{"id":10970,"date":"2024-10-07T10:51:30","date_gmt":"2024-10-07T10:51:30","guid":{"rendered":"https:\/\/crawl.es\/producto\/motxilla-arena-spiky-iii-35l-accessoris-natacio-crawl\/"},"modified":"2024-12-20T09:35:52","modified_gmt":"2024-12-20T09:35:52","slug":"motxilla-arena-spiky-iii-35l-accessoris-natacio-crawl","status":"publish","type":"product","link":"https:\/\/crawl.es\/ca\/producto\/motxilla-arena-spiky-iii-35l-accessoris-natacio-crawl\/","title":{"rendered":"Motxilla Arena Spiky III 35L | Accessoris Nataci\u00f3 Crawl"},"content":{"rendered":"<p>Equipada amb una corretja de carro, la nostra motxilla Spiky III 35 es pot utilitzar sola o com a companya de viatge. El seu disseny de c\u00e0rrega superior fa que guardar i accedir a les teves coses sigui un joc de nens. El gran compartiment principal pot acomodar f\u00e0cilment tot el teu equip de nataci\u00f3, mentre que la butxaca frontal de malla \u00e9s perfecta per guardar la teva tecnologia, les claus i la cartera. Els accessoris, com una ampolla d\u2019aigua o una beguda energ\u00e8tica, caben perfectament a les butxaques laterals. El panell posterior \u00e9s suau i transpirable per evitar suar.<\/p>\n<p>Corretja per a carro de m\u00e0<\/p>\n<p>Una pe\u00e7a extra de material incorporada a la motxilla perqu\u00e8 puguis assegurar-la f\u00e0cilment sobre l&#8217;asa d\u2019un carro.<\/p>\n<p>M\u00faltiples butxaques<br \/>Una combinaci\u00f3 de butxaques frontals i laterals de malla o amb cremallera.<\/p>\n<p>Repel\u00b7lent a l\u2019aigua<br \/>Tractada per desallotjar l\u2019aigua abans que es deixi empapar.<\/p>\n","protected":false},"excerpt":{"rendered":"<p>Motxilla Arena Spiky III 35L: disseny c\u00f2mode i funcional. Gran espai, butxaques laterals i panell posterior transpirable. Perfecta per a nedadors.\u00a0<\/p>\n","protected":false},"featured_media":9663,"comment_status":"open","ping_status":"closed","template":"","meta":[],"product_cat":[134,140],"product_tag":[],"brands":[{"id":312,"name":"ARENA","slug":"arena"}],"_links":{"self":[{"href":"https:\/\/crawl.es\/ca\/wp-json\/wp\/v2\/product\/10970"}],"collection":[{"href":"https:\/\/crawl.es\/ca\/wp-json\/wp\/v2\/product"}],"about":[{"href":"https:\/\/crawl.es\/ca\/wp-json\/wp\/v2\/types\/product"}],"replies":[{"embeddable":true,"href":"https:\/\/crawl.es\/ca\/wp-json\/wp\/v2\/comments?post=10970"}],"wp:featuredmedia":[{"embeddable":true,"href":"https:\/\/crawl.es\/ca\/wp-json\/wp\/v2\/media\/9663"}],"wp:attachment":[{"href":"https:\/\/crawl.es\/ca\/wp-json\/wp\/v2\/media?parent=10970"}],"wp:term":[{"taxonomy":"product_cat","embeddable":true,"href":"https:\/\/crawl.es\/ca\/wp-json\/wp\/v2\/product_cat?post=10970"},{"taxonomy":"product_tag","embeddable":true,"href":"https:\/\/crawl.es\/ca\/wp-json\/wp\/v2\/product_tag?post=10970"}],"curies":[{"name":"wp","href":"https:\/\/api.w.org\/{rel}","templated":true}]}}