{"id":10972,"date":"2024-10-07T10:21:33","date_gmt":"2024-10-07T10:21:33","guid":{"rendered":"https:\/\/crawl.es\/producto\/motxilla-arena-spiky-iii-30l-navy-neon-groc-accessoris-natacio-crawl\/"},"modified":"2024-10-07T10:21:33","modified_gmt":"2024-10-07T10:21:33","slug":"motxilla-arena-spiky-iii-30l-navy-neon-groc-accessoris-natacio-crawl","status":"publish","type":"product","link":"https:\/\/crawl.es\/ca\/producto\/motxilla-arena-spiky-iii-30l-navy-neon-groc-accessoris-natacio-crawl\/","title":{"rendered":"Motxilla Arena Spiky III 30L Navy-Neon-Groc | Accessoris Nataci\u00f3 Crawl"},"content":{"rendered":"<p>Porta sense problemes la tovallola, la roba i el material de nataci\u00f3 a la nostra motxilla Spiky III de 30 litres. Tot t\u00e9 el seu lloc perqu\u00e8 no t&#8217;eternitzis al vestuari. El m\u00f2bil i la cartera a la butxaca frontal amb cremallera, la roba i els accessoris als amplis compartiments interiors. Acabada amb peces de reixeta per eliminar la humitat, aquesta motxilla esportiva est\u00e0 disponible en diversos colors amb les cremallers en contrast i la marca en lletres grans.<\/p>\n<p><strong>Disseny<\/strong><br \/>Amb unes mides de 45 x 31 x 20 cm, aquesta motxilla ofereix una capacitat de 30 litres. T\u00e9 un fons de material repel\u00b7lent a l&#8217;aigua i reixetes per si portes roba mullada. Els dos compartiments grans i la butxaca frontal permeten portar-ho tot ordenat i a m\u00e9s tens altres dos a banda per tenir l&#8217;aigua a m\u00e0. Les corretges encoixinades i el panell de l&#8217;esquena transpirable asseguren el m\u00e0xim confort.<\/p>\n","protected":false},"excerpt":{"rendered":"<p>Motxilla Arena Spiky III 30L amb corretja per a carro, m\u00faltiples butxaques i disseny repel\u00b7lent a l\u2019aigua. Ideal per a nedadors i viatges.<\/p>\n","protected":false},"featured_media":9651,"comment_status":"open","ping_status":"closed","template":"","meta":[],"product_cat":[134,140],"product_tag":[],"brands":[{"id":312,"name":"ARENA","slug":"arena"}],"_links":{"self":[{"href":"https:\/\/crawl.es\/ca\/wp-json\/wp\/v2\/product\/10972"}],"collection":[{"href":"https:\/\/crawl.es\/ca\/wp-json\/wp\/v2\/product"}],"about":[{"href":"https:\/\/crawl.es\/ca\/wp-json\/wp\/v2\/types\/product"}],"replies":[{"embeddable":true,"href":"https:\/\/crawl.es\/ca\/wp-json\/wp\/v2\/comments?post=10972"}],"wp:featuredmedia":[{"embeddable":true,"href":"https:\/\/crawl.es\/ca\/wp-json\/wp\/v2\/media\/9651"}],"wp:attachment":[{"href":"https:\/\/crawl.es\/ca\/wp-json\/wp\/v2\/media?parent=10972"}],"wp:term":[{"taxonomy":"product_cat","embeddable":true,"href":"https:\/\/crawl.es\/ca\/wp-json\/wp\/v2\/product_cat?post=10972"},{"taxonomy":"product_tag","embeddable":true,"href":"https:\/\/crawl.es\/ca\/wp-json\/wp\/v2\/product_tag?post=10972"}],"curies":[{"name":"wp","href":"https:\/\/api.w.org\/{rel}","templated":true}]}}