{"id":10976,"date":"2024-10-07T10:11:15","date_gmt":"2024-10-07T10:11:15","guid":{"rendered":"https:\/\/crawl.es\/producto\/motxilla-arena-spiky-iii-45l-plum-neon-pink-accessoris-natacio-crawl\/"},"modified":"2024-10-07T10:11:15","modified_gmt":"2024-10-07T10:11:15","slug":"motxilla-arena-spiky-iii-45l-plum-neon-pink-accessoris-natacio-crawl","status":"publish","type":"product","link":"https:\/\/crawl.es\/ca\/producto\/motxilla-arena-spiky-iii-45l-plum-neon-pink-accessoris-natacio-crawl\/","title":{"rendered":"Motxilla Arena Spiky III 45L Plum-Neon Pink | Accessoris Nataci\u00f3 Crawl"},"content":{"rendered":"<p>La motxilla Spiky III d&#8217;estampat integral 45 pot emmagatzemar fins a 45 litres. Amb un disseny de c\u00e0rrega superior que facilita l&#8217;acc\u00e9s i l&#8217;organitzaci\u00f3, aquesta bossa t\u00e9 compartiments de malla per mantenir la humitat sota control despr\u00e9s de nedar o fer exercici. El teixit repel\u00b7lent a l&#8217;aigua i el fons refor\u00e7at protegeixen la teva bossa i el seu contingut de caigudes i s\u00f2ls molls. Els m\u00faltiples butxaques garanteixen que hi hagi un lloc segur per a tots els teus objectes, i la bossa de nataci\u00f3 \u00e9s perfecta per guardar el teu equip de nataci\u00f3. Tria entre una gamma d&#8217;estampats frescos i d&#8217;alt octanatge.<\/p>\n<p><strong>Fons refor\u00e7at<\/strong><br \/>Protegeix la teva bossa o motxilla del desgast i assegura que es mantingui en posici\u00f3 vertical quan la deixis a terra.<\/p>\n<p><strong>Repel\u00b7lent a l&#8217;aigua<\/strong><br \/>Tractada per eliminar l&#8217;aigua abans que penetri.<\/p>\n<p><strong>Corretja per a carro de m\u00e0<\/strong><br \/>Una pe\u00e7a extra de material incorporada a la bossa perqu\u00e8 puguis assegurar-la f\u00e0cilment sobre l&#8217;asa d&#8217;un carro.<\/p>\n","protected":false},"excerpt":{"rendered":"<p>Motxilla Arena Spiky III 45L amb gran capacitat, disseny repel\u00b7lent a l&#8217;aigua, m\u00faltiples compartiments i corretges encoixinades. Ideal per a nedadors i viatges.<\/p>\n","protected":false},"featured_media":9639,"comment_status":"open","ping_status":"closed","template":"","meta":[],"product_cat":[134,140],"product_tag":[],"brands":[{"id":312,"name":"ARENA","slug":"arena"}],"_links":{"self":[{"href":"https:\/\/crawl.es\/ca\/wp-json\/wp\/v2\/product\/10976"}],"collection":[{"href":"https:\/\/crawl.es\/ca\/wp-json\/wp\/v2\/product"}],"about":[{"href":"https:\/\/crawl.es\/ca\/wp-json\/wp\/v2\/types\/product"}],"replies":[{"embeddable":true,"href":"https:\/\/crawl.es\/ca\/wp-json\/wp\/v2\/comments?post=10976"}],"wp:featuredmedia":[{"embeddable":true,"href":"https:\/\/crawl.es\/ca\/wp-json\/wp\/v2\/media\/9639"}],"wp:attachment":[{"href":"https:\/\/crawl.es\/ca\/wp-json\/wp\/v2\/media?parent=10976"}],"wp:term":[{"taxonomy":"product_cat","embeddable":true,"href":"https:\/\/crawl.es\/ca\/wp-json\/wp\/v2\/product_cat?post=10976"},{"taxonomy":"product_tag","embeddable":true,"href":"https:\/\/crawl.es\/ca\/wp-json\/wp\/v2\/product_tag?post=10976"}],"curies":[{"name":"wp","href":"https:\/\/api.w.org\/{rel}","templated":true}]}}