{"id":10979,"date":"2025-12-20T10:03:26","date_gmt":"2024-09-20T10:03:26","guid":{"rendered":"https:\/\/crawl.es\/producto\/motxilla-arena-spiky-iii-45l-purple-accessoris-natacio-crawl\/"},"modified":"2024-12-09T09:54:31","modified_gmt":"2024-12-09T09:54:31","slug":"motxilla-arena-spiky-iii-45l-purple-accessoris-natacio-crawl","status":"publish","type":"product","link":"https:\/\/crawl.es\/ca\/producto\/motxilla-arena-spiky-iii-45l-purple-accessoris-natacio-crawl\/","title":{"rendered":"Motxilla Arena Spiky III 45L Purple | Accessoris Nataci\u00f3 Crawl"},"content":{"rendered":"<p>La motxilla Team 45 \u00e9s una bossa vers\u00e0til creada per a atletes i nedadors de competici\u00f3. Amb molt d&#8217;espai per a l&#8217;equipaci\u00f3, la roba i els accessoris. Dissenyada per a una capacitat m\u00e0xima, pots posar i organitzar les teves peces amb facilitat. T\u00e9 fins i tot un compartiment especial per a la roba mullada o les sabates, aix\u00ed com una funda de treure i posar. Aquest estil modern est\u00e0 fet amb una tela duradora i ve amb detalls minimalistes en diferents tonalitats. Amb el nostre nom estampat en lletres grans.<\/p>\n<p>Aquesta motxilla t\u00e9 una capacitat de 45 litres i unes mides de 52 x 35 x 27 cm. Els compartiments estan ventilats per mantenir la humitat sota control. La secci\u00f3 principal \u00e9s prou gran com perqu\u00e8 hi entrin tots els teus articles d&#8217;entrenament. Amb un compartiment especial per a port\u00e0tils o tauletes i una malla per a sabates o altres peces. Porta la teva ampolla d&#8217;aigua i altres accessoris als pr\u00e0ctics butxaques. Per \u00faltim, compta amb un panell posterior encoixinat i transpirable per evitar que su\u00ef la teva esquena.<\/p>\n","protected":false},"excerpt":{"rendered":"<p>Motxilla Arena Spiky III 45L morada, amb gran capacitat, disseny resistent a l&#8217;aigua i m\u00faltiples compartiments. Ideal per a nedadors i viatges.<\/p>\n","protected":false},"featured_media":16081,"comment_status":"open","ping_status":"closed","template":"","meta":[],"product_cat":[134,140],"product_tag":[],"brands":[{"id":312,"name":"ARENA","slug":"arena"}],"_links":{"self":[{"href":"https:\/\/crawl.es\/ca\/wp-json\/wp\/v2\/product\/10979"}],"collection":[{"href":"https:\/\/crawl.es\/ca\/wp-json\/wp\/v2\/product"}],"about":[{"href":"https:\/\/crawl.es\/ca\/wp-json\/wp\/v2\/types\/product"}],"replies":[{"embeddable":true,"href":"https:\/\/crawl.es\/ca\/wp-json\/wp\/v2\/comments?post=10979"}],"wp:featuredmedia":[{"embeddable":true,"href":"https:\/\/crawl.es\/ca\/wp-json\/wp\/v2\/media\/16081"}],"wp:attachment":[{"href":"https:\/\/crawl.es\/ca\/wp-json\/wp\/v2\/media?parent=10979"}],"wp:term":[{"taxonomy":"product_cat","embeddable":true,"href":"https:\/\/crawl.es\/ca\/wp-json\/wp\/v2\/product_cat?post=10979"},{"taxonomy":"product_tag","embeddable":true,"href":"https:\/\/crawl.es\/ca\/wp-json\/wp\/v2\/product_tag?post=10979"}],"curies":[{"name":"wp","href":"https:\/\/api.w.org\/{rel}","templated":true}]}}