{"id":10981,"date":"2024-09-03T09:26:23","date_gmt":"2024-09-03T09:26:23","guid":{"rendered":"https:\/\/crawl.es\/producto\/motxilla-speedo-rucksack-35l-8-1281217214-accessoris-natacio-crawl\/"},"modified":"2024-12-09T09:57:01","modified_gmt":"2024-12-09T09:57:01","slug":"motxilla-speedo-rucksack-35l-8-1281217214-accessoris-natacio-crawl","status":"publish","type":"product","link":"https:\/\/crawl.es\/ca\/producto\/motxilla-speedo-rucksack-35l-8-1281217214-accessoris-natacio-crawl\/","title":{"rendered":"Motxilla Speedo Rucksack 35L 8-1281217214 | Accessoris Nataci\u00f3 Crawl"},"content":{"rendered":"<p>La motxilla Teamster multifunci\u00f3 t\u00e9 nombrosos butxaques amplis, un suport per a l&#8217;ampolla d&#8217;aigua i fins i tot una funda per al port\u00e0til. \u00c9s superresistent i inclou una base resistent a l&#8217;aigua per a la tranquil\u00b7litat que necessites al vestuari.<\/p>\n<p><strong>Els generosos butxaques laterals augmenten la capacitat d&#8217;emmagatzematge<\/strong><br \/>Ofereix una estructura duradora i resistent a l&#8217;abrasi\u00f3 i un fons resistent a l&#8217;aigua, fent-la adequada per portar a qualsevol lloc.<br \/>La funda per al port\u00e0til amb relleu protegeix les cantonades del teu port\u00e0til.<\/p>\n<p><strong>Dimensions:<\/strong><br \/>Longitud: 508 mm x Amplada: 432 mm<\/p>\n","protected":false},"excerpt":{"rendered":"<p>Motxilla Speedo Rucksack 35L, resistent, amb m\u00faltiples compartiments i disseny pr\u00e0ctic. Ideal per a nedadors i entrenament. Perfecte per al vestuari.<\/p>\n","protected":false},"featured_media":9537,"comment_status":"open","ping_status":"closed","template":"","meta":[],"product_cat":[134,140],"product_tag":[],"brands":[{"id":307,"name":"Speedo","slug":"speedo"}],"_links":{"self":[{"href":"https:\/\/crawl.es\/ca\/wp-json\/wp\/v2\/product\/10981"}],"collection":[{"href":"https:\/\/crawl.es\/ca\/wp-json\/wp\/v2\/product"}],"about":[{"href":"https:\/\/crawl.es\/ca\/wp-json\/wp\/v2\/types\/product"}],"replies":[{"embeddable":true,"href":"https:\/\/crawl.es\/ca\/wp-json\/wp\/v2\/comments?post=10981"}],"wp:featuredmedia":[{"embeddable":true,"href":"https:\/\/crawl.es\/ca\/wp-json\/wp\/v2\/media\/9537"}],"wp:attachment":[{"href":"https:\/\/crawl.es\/ca\/wp-json\/wp\/v2\/media?parent=10981"}],"wp:term":[{"taxonomy":"product_cat","embeddable":true,"href":"https:\/\/crawl.es\/ca\/wp-json\/wp\/v2\/product_cat?post=10981"},{"taxonomy":"product_tag","embeddable":true,"href":"https:\/\/crawl.es\/ca\/wp-json\/wp\/v2\/product_tag?post=10981"}],"curies":[{"name":"wp","href":"https:\/\/api.w.org\/{rel}","templated":true}]}}