{"id":10983,"date":"2024-05-16T15:21:27","date_gmt":"2024-05-16T15:21:27","guid":{"rendered":"https:\/\/crawl.es\/producto\/motxilla-patinatge-intermezzo-trollat-accessoris-natacio-crawl\/"},"modified":"2024-05-16T15:21:27","modified_gmt":"2024-05-16T15:21:27","slug":"motxilla-patinatge-intermezzo-trollat-accessoris-natacio-crawl","status":"publish","type":"product","link":"https:\/\/crawl.es\/ca\/producto\/motxilla-patinatge-intermezzo-trollat-accessoris-natacio-crawl\/","title":{"rendered":"Motxilla Patinatge Intermezzo Trollat | Accessoris Nataci\u00f3 Crawl"},"content":{"rendered":"<p>Motxilla Trolley per a patins de rodes o gel, resistent i ben refor\u00e7ada. Alta qualitat. T\u00e9 3 compartiments amb cremallera, un al centre que normalment s&#8217;usa per als accessoris i dos als laterals per a introduir els patins. A m\u00e9s, t\u00e9 2 nanses que donen l&#8217;opci\u00f3 de treure les rodes i transportar-la com a motxilla.<\/p>\n","protected":false},"excerpt":{"rendered":"<p>Motxilla Patinatge Intermezzo Trollat, ideal per a patinadors, amb ampli espai, compartiments i disseny pr\u00e0ctic. Perfecta per portar el teu equip i accessoris.<\/p>\n","protected":false},"featured_media":9016,"comment_status":"open","ping_status":"closed","template":"","meta":[],"product_cat":[134,140],"product_tag":[],"brands":[{"id":26,"name":"Inter Mezzo","slug":"inter-mezzo"}],"_links":{"self":[{"href":"https:\/\/crawl.es\/ca\/wp-json\/wp\/v2\/product\/10983"}],"collection":[{"href":"https:\/\/crawl.es\/ca\/wp-json\/wp\/v2\/product"}],"about":[{"href":"https:\/\/crawl.es\/ca\/wp-json\/wp\/v2\/types\/product"}],"replies":[{"embeddable":true,"href":"https:\/\/crawl.es\/ca\/wp-json\/wp\/v2\/comments?post=10983"}],"wp:featuredmedia":[{"embeddable":true,"href":"https:\/\/crawl.es\/ca\/wp-json\/wp\/v2\/media\/9016"}],"wp:attachment":[{"href":"https:\/\/crawl.es\/ca\/wp-json\/wp\/v2\/media?parent=10983"}],"wp:term":[{"taxonomy":"product_cat","embeddable":true,"href":"https:\/\/crawl.es\/ca\/wp-json\/wp\/v2\/product_cat?post=10983"},{"taxonomy":"product_tag","embeddable":true,"href":"https:\/\/crawl.es\/ca\/wp-json\/wp\/v2\/product_tag?post=10983"}],"curies":[{"name":"wp","href":"https:\/\/api.w.org\/{rel}","templated":true}]}}