{"id":10985,"date":"2024-04-03T17:15:36","date_gmt":"2024-04-03T17:15:36","guid":{"rendered":"https:\/\/crawl.es\/producto\/motxilla-speedo-teamster-2-0-35l-unisex-accessoris-natacio-crawl\/"},"modified":"2024-04-03T17:15:36","modified_gmt":"2024-04-03T17:15:36","slug":"motxilla-speedo-teamster-2-0-35l-unisex-accessoris-natacio-crawl","status":"publish","type":"product","link":"https:\/\/crawl.es\/ca\/producto\/motxilla-speedo-teamster-2-0-35l-unisex-accessoris-natacio-crawl\/","title":{"rendered":"Motxilla Speedo Teamster 2.0 35L Unisex | Accessoris Nataci\u00f3 Crawl"},"content":{"rendered":"<p>La motxilla Teamster, que ho fa tot, inclou generosos butxaques laterals, una capacitat d&#8217;emmagatzematge de 35 L, un portampolles de malla i fins i tot una funda per al port\u00e0til. S\u00faper resistent, inclou una base resistent a l&#8217;aigua i una carcassa exterior resistent a l&#8217;abrasi\u00f3 perqu\u00e8 puguis estar tranquil al vestuari i m\u00e9s enll\u00e0.<\/p>\n<p><strong>Caracter\u00edstiques:<\/strong><\/p>\n<ul>\n<li>Els generosos butxaques laterals augmenten la seva capacitat d&#8217;emmagatzematge.<\/li>\n<li>Comptar amb una carcassa duradora i resistent a l&#8217;abrasi\u00f3 i un fons resistent a l&#8217;aigua, per la qual cosa pot anar a qualsevol lloc.<\/li>\n<li>La funda elevada per al port\u00e0til protegeix les cantonades del teu port\u00e0til.<\/li>\n<\/ul>\n<p><strong>Especificacions:<\/strong><\/p>\n<ul>\n<li>Dimensions: Longitud: 508 mm x Amplada: 432 mm<\/li>\n<li>Capacitat de 35 L<\/li>\n<\/ul>\n","protected":false},"excerpt":{"rendered":"<p>Motxilla Speedo Teamster 2.0 35L Unisex, disseny durador i c\u00f2mode amb diversos compart<\/p>\n","protected":false},"featured_media":8383,"comment_status":"open","ping_status":"closed","template":"","meta":[],"product_cat":[134,140],"product_tag":[],"brands":[{"id":307,"name":"Speedo","slug":"speedo"}],"_links":{"self":[{"href":"https:\/\/crawl.es\/ca\/wp-json\/wp\/v2\/product\/10985"}],"collection":[{"href":"https:\/\/crawl.es\/ca\/wp-json\/wp\/v2\/product"}],"about":[{"href":"https:\/\/crawl.es\/ca\/wp-json\/wp\/v2\/types\/product"}],"replies":[{"embeddable":true,"href":"https:\/\/crawl.es\/ca\/wp-json\/wp\/v2\/comments?post=10985"}],"wp:featuredmedia":[{"embeddable":true,"href":"https:\/\/crawl.es\/ca\/wp-json\/wp\/v2\/media\/8383"}],"wp:attachment":[{"href":"https:\/\/crawl.es\/ca\/wp-json\/wp\/v2\/media?parent=10985"}],"wp:term":[{"taxonomy":"product_cat","embeddable":true,"href":"https:\/\/crawl.es\/ca\/wp-json\/wp\/v2\/product_cat?post=10985"},{"taxonomy":"product_tag","embeddable":true,"href":"https:\/\/crawl.es\/ca\/wp-json\/wp\/v2\/product_tag?post=10985"}],"curies":[{"name":"wp","href":"https:\/\/api.w.org\/{rel}","templated":true}]}}