{"id":10989,"date":"2024-03-25T16:32:20","date_gmt":"2024-03-25T16:32:20","guid":{"rendered":"https:\/\/crawl.es\/producto\/motxilla-arena-spiky-iii-45l-accessoris-natacio-crawl\/"},"modified":"2024-11-20T11:20:43","modified_gmt":"2024-11-20T11:20:43","slug":"motxilla-arena-spiky-iii-45l-accessoris-natacio-crawl","status":"publish","type":"product","link":"https:\/\/crawl.es\/ca\/producto\/motxilla-arena-spiky-iii-45l-accessoris-natacio-crawl\/","title":{"rendered":"Motxilla Arena Spiky III 45L | Accessoris Nataci\u00f3 Crawl"},"content":{"rendered":"<p>La motxilla Spiky III 45 maximitza l&#8217;espai amb un disseny compacte. Dissenyada per facilitar l&#8217;acc\u00e9s i l&#8217;organitzaci\u00f3, aquesta bossa de c\u00e0rrega superior t\u00e9 compartiments de malla per mantenir la humitat sota control despr\u00e9s de nedar o entrenar. Fabricada amb un teixit repel\u00b7lent a l&#8217;aigua i amb un fons refor\u00e7at, no haur\u00e0s de preocupar-te que caigui al terra del vestuari. Els m\u00faltiples butxaques garanteixen un lloc segur per a tots els teus objectes. Tria entre una gamma de combinacions de colors elegants i d&#8217;alt contrast. Utilitza la bossa de nataci\u00f3 gratu\u00efta que hi ha a l&#8217;interior per al teu equip de piscina.<\/p>\n<p><strong>Fons refor\u00e7at<\/strong><br \/>Protegeix la teva bossa o motxilla del desgast i assegura que es mantingui en posici\u00f3 vertical quan la deixis al terra.<\/p>\n<p><strong>Repel\u00b7lent a l&#8217;aigua<\/strong><br \/>Tractada per desallotjar l&#8217;aigua abans que s&#8217;empapi.<\/p>\n<p><strong>M\u00faltiples butxaques<\/strong><br \/>Una combinaci\u00f3 de butxaques frontals i laterals de malla o amb cremallera.<\/p>\n","protected":false},"excerpt":{"rendered":"<p>Motxilla Arena Spiky III 45L, espaiosa, amb m\u00faltiples compartiments i disseny durador. Ideal per a nedadors i entrenaments. Perfecta per al vestuari.<\/p>\n","protected":false},"featured_media":9452,"comment_status":"open","ping_status":"closed","template":"","meta":[],"product_cat":[134,140],"product_tag":[],"brands":[{"id":312,"name":"ARENA","slug":"arena"}],"_links":{"self":[{"href":"https:\/\/crawl.es\/ca\/wp-json\/wp\/v2\/product\/10989"}],"collection":[{"href":"https:\/\/crawl.es\/ca\/wp-json\/wp\/v2\/product"}],"about":[{"href":"https:\/\/crawl.es\/ca\/wp-json\/wp\/v2\/types\/product"}],"replies":[{"embeddable":true,"href":"https:\/\/crawl.es\/ca\/wp-json\/wp\/v2\/comments?post=10989"}],"wp:featuredmedia":[{"embeddable":true,"href":"https:\/\/crawl.es\/ca\/wp-json\/wp\/v2\/media\/9452"}],"wp:attachment":[{"href":"https:\/\/crawl.es\/ca\/wp-json\/wp\/v2\/media?parent=10989"}],"wp:term":[{"taxonomy":"product_cat","embeddable":true,"href":"https:\/\/crawl.es\/ca\/wp-json\/wp\/v2\/product_cat?post=10989"},{"taxonomy":"product_tag","embeddable":true,"href":"https:\/\/crawl.es\/ca\/wp-json\/wp\/v2\/product_tag?post=10989"}],"curies":[{"name":"wp","href":"https:\/\/api.w.org\/{rel}","templated":true}]}}