{"id":10992,"date":"2024-02-20T10:16:02","date_gmt":"2024-02-20T10:16:02","guid":{"rendered":"https:\/\/crawl.es\/producto\/speedo-motxilla-saco-printed-accessoris-natacio-crawl\/"},"modified":"2024-11-20T11:32:55","modified_gmt":"2024-11-20T11:32:55","slug":"speedo-motxilla-saco-printed-accessoris-natacio-crawl","status":"publish","type":"product","link":"https:\/\/crawl.es\/ca\/producto\/speedo-motxilla-saco-printed-accessoris-natacio-crawl\/","title":{"rendered":"Speedo Motxilla Saco Printed | Accessoris Nataci\u00f3 Crawl"},"content":{"rendered":"<p>Cl\u00e0ssica bossa de malla ara amb un nou i brillant estampat. Aquesta bossa de malla t\u00e9 un disseny senzill, gran i espai\u00f3s. Ideal per portar els accessoris d&#8217;entrenament de nataci\u00f3 a la piscina, est\u00e0 feta de tela de malla per a un excel\u00b7lent drenatge i ventilaci\u00f3.<\/p>\n<p><strong>Caracter\u00edstiques:<\/strong><\/p>\n<ul>\n<li>Disseny de malla estampada<\/li>\n<li>Gran i espai\u00f3s<\/li>\n<li>La malla permet un excel\u00b7lent drenatge i ventilaci\u00f3, perqu\u00e8 tot el teu equip s&#8217;assequi r\u00e0pidament.<\/li>\n<\/ul>\n<p><strong>Especificacions:<\/strong><\/p>\n<ul>\n<li>Dimensions: Long: 680 mm x Amplada: 490 mm<\/li>\n<li>35 Litres<\/li>\n<\/ul>\n","protected":false},"excerpt":{"rendered":"<p>Motxilla saco Speedo Printed, disseny pr\u00e0ctic i compacte, ideal per guardar el teu equip de nataci\u00f3. Lleugera, resistent i perfecta per a entrenaments i viatges.<\/p>\n","protected":false},"featured_media":8025,"comment_status":"open","ping_status":"closed","template":"","meta":[],"product_cat":[134,140,142],"product_tag":[],"brands":[{"id":307,"name":"Speedo","slug":"speedo"}],"_links":{"self":[{"href":"https:\/\/crawl.es\/ca\/wp-json\/wp\/v2\/product\/10992"}],"collection":[{"href":"https:\/\/crawl.es\/ca\/wp-json\/wp\/v2\/product"}],"about":[{"href":"https:\/\/crawl.es\/ca\/wp-json\/wp\/v2\/types\/product"}],"replies":[{"embeddable":true,"href":"https:\/\/crawl.es\/ca\/wp-json\/wp\/v2\/comments?post=10992"}],"wp:featuredmedia":[{"embeddable":true,"href":"https:\/\/crawl.es\/ca\/wp-json\/wp\/v2\/media\/8025"}],"wp:attachment":[{"href":"https:\/\/crawl.es\/ca\/wp-json\/wp\/v2\/media?parent=10992"}],"wp:term":[{"taxonomy":"product_cat","embeddable":true,"href":"https:\/\/crawl.es\/ca\/wp-json\/wp\/v2\/product_cat?post=10992"},{"taxonomy":"product_tag","embeddable":true,"href":"https:\/\/crawl.es\/ca\/wp-json\/wp\/v2\/product_tag?post=10992"}],"curies":[{"name":"wp","href":"https:\/\/api.w.org\/{rel}","templated":true}]}}