{"id":10996,"date":"2024-02-20T10:03:23","date_gmt":"2024-02-20T10:03:23","guid":{"rendered":"https:\/\/crawl.es\/producto\/speedo-motxilla-saco-printed-8-1281316696-accessoris-natacio-crawl\/"},"modified":"2025-01-29T09:17:41","modified_gmt":"2025-01-29T09:17:41","slug":"speedo-motxilla-saco-printed-8-1281316696-accessoris-natacio-crawl","status":"publish","type":"product","link":"https:\/\/crawl.es\/ca\/producto\/speedo-motxilla-saco-printed-8-1281316696-accessoris-natacio-crawl\/","title":{"rendered":"Speedo Motxilla Saco Printed | Accessoris Nataci\u00f3 Crawl"},"content":{"rendered":"<p>Cl\u00e0ssica bossa de malla ara amb un nou i brillant estampat. Aquesta bossa de malla t\u00e9 un disseny simple que \u00e9s gran i espai\u00f3s. Ideal per portar els accessoris d&#8217;entrenament de nataci\u00f3 a la piscina, est\u00e0 feta de roba de malla per a un excel\u00b7lent drenatge i ventilaci\u00f3.<\/p>\n<p>\u00a0<\/p>\n<p>Caracter\u00edstiques:<\/p>\n<p>&#8211; Disseny de malla impresa<\/p>\n<p>&#8211; Gran i espai\u00f3s<\/p>\n<p>&#8211; La malla permet un excel\u00b7lent drenatge i ventilaci\u00f3, perqu\u00e8 tot el seu equip s&#8217;assequi r\u00e0pidament.<\/p>\n<p>\u00a0<\/p>\n<p>Especificacions:<\/p>\n<p>&#8211; Dimensions: Llarg: 680 mm x Ample: 490 mm<\/p>\n<p>&#8211; 35 Litres<\/p>\n","protected":false},"excerpt":{"rendered":"<p>Motxilla sac Speedo Printed, lleugera i pr\u00e0ctica. Perfecta per portar accessoris de nataci\u00f3. Disseny de malla per a drenatge r\u00e0pid i ventilaci\u00f3. Capacitat de 35 L.<\/p>\n<p>REF: 8-1281316696<\/p>\n","protected":false},"featured_media":8014,"comment_status":"open","ping_status":"closed","template":"","meta":[],"product_cat":[134,140,142],"product_tag":[],"brands":[{"id":307,"name":"Speedo","slug":"speedo"}],"_links":{"self":[{"href":"https:\/\/crawl.es\/ca\/wp-json\/wp\/v2\/product\/10996"}],"collection":[{"href":"https:\/\/crawl.es\/ca\/wp-json\/wp\/v2\/product"}],"about":[{"href":"https:\/\/crawl.es\/ca\/wp-json\/wp\/v2\/types\/product"}],"replies":[{"embeddable":true,"href":"https:\/\/crawl.es\/ca\/wp-json\/wp\/v2\/comments?post=10996"}],"wp:featuredmedia":[{"embeddable":true,"href":"https:\/\/crawl.es\/ca\/wp-json\/wp\/v2\/media\/8014"}],"wp:attachment":[{"href":"https:\/\/crawl.es\/ca\/wp-json\/wp\/v2\/media?parent=10996"}],"wp:term":[{"taxonomy":"product_cat","embeddable":true,"href":"https:\/\/crawl.es\/ca\/wp-json\/wp\/v2\/product_cat?post=10996"},{"taxonomy":"product_tag","embeddable":true,"href":"https:\/\/crawl.es\/ca\/wp-json\/wp\/v2\/product_tag?post=10996"}],"curies":[{"name":"wp","href":"https:\/\/api.w.org\/{rel}","templated":true}]}}