{"id":10997,"date":"2024-01-29T11:24:58","date_gmt":"2024-01-29T11:24:58","guid":{"rendered":"https:\/\/crawl.es\/producto\/motxilla-natacio-arena-45l-spiky-iii-hissi-sky-accessoris-natacio-crawl\/"},"modified":"2024-01-29T11:24:58","modified_gmt":"2024-01-29T11:24:58","slug":"motxilla-natacio-arena-45l-spiky-iii-hissi-sky-accessoris-natacio-crawl","status":"publish","type":"product","link":"https:\/\/crawl.es\/ca\/producto\/motxilla-natacio-arena-45l-spiky-iii-hissi-sky-accessoris-natacio-crawl\/","title":{"rendered":"Motxilla Nataci\u00f3 Arena 45L Spiky III Hissi-Sky | Accessoris Nataci\u00f3 Crawl"},"content":{"rendered":"<p>Als nedadors els encanta aquesta cridanera motxilla *superelegante! La modern\u00edssima, c\u00f2moda i espaiosa motxilla sorra 45L *Spiky III *Allover est\u00e0 especialment dissenyada per a nedadors. El compartiment principal de c\u00e0rrega superior, les tres butxaques amb cremallera, les butxaques laterals de *mesh i la bossa separada per a la roba humida garanteixen un excel\u00b7lent espai d&#8217;emmagatzematge per a tot el teu equip d&#8217;entrenament. Amb compartiments de *mesh i teixit repel\u00b7lent a l&#8217;aigua per a mantenir la humitat sota control. El panell posterior embuatat transpirable i les corretges a l&#8217;espatlla ergon\u00f2miques garanteixen una comoditat excepcional. El fons refor\u00e7at protegeix el contingut dels s\u00f2ls mullats. Disponible en diversos elegants i cridaners dissenys divertits. Dimensions: 50 x 36 x 27 cm, 4<\/p>\n","protected":false},"excerpt":{"rendered":"<p><span style=\"font-family: 'Open Sans', Helvetica, Arial, sans-serif; background-color: #f5f5f5;\">Motxilla Arena\u00a0<\/span><span style=\"box-sizing: border-box; font-family: 'Open Sans', Helvetica, Arial, sans-serif; background-color: #f6f291;\">Spiky<\/span><span style=\"font-family: 'Open Sans', Helvetica, Arial, sans-serif; background-color: #f5f5f5;\">\u00a0III 45L en colors Hissi-<\/span><span style=\"box-sizing: border-box; font-family: 'Open Sans', Helvetica, Arial, sans-serif; background-color: #f6f291;\">Sky<\/span><span style=\"font-family: 'Open Sans', Helvetica, Arial, sans-serif; background-color: #f5f5f5;\">, espaiosa i resistent. Dissenyada per a nedadors, amb compartiments ventilats i fons repel\u00b7lent a l&#8217;aigua.<\/span><\/p>\n","protected":false},"featured_media":9654,"comment_status":"open","ping_status":"closed","template":"","meta":[],"product_cat":[134,140],"product_tag":[],"brands":[{"id":312,"name":"ARENA","slug":"arena"}],"_links":{"self":[{"href":"https:\/\/crawl.es\/ca\/wp-json\/wp\/v2\/product\/10997"}],"collection":[{"href":"https:\/\/crawl.es\/ca\/wp-json\/wp\/v2\/product"}],"about":[{"href":"https:\/\/crawl.es\/ca\/wp-json\/wp\/v2\/types\/product"}],"replies":[{"embeddable":true,"href":"https:\/\/crawl.es\/ca\/wp-json\/wp\/v2\/comments?post=10997"}],"wp:featuredmedia":[{"embeddable":true,"href":"https:\/\/crawl.es\/ca\/wp-json\/wp\/v2\/media\/9654"}],"wp:attachment":[{"href":"https:\/\/crawl.es\/ca\/wp-json\/wp\/v2\/media?parent=10997"}],"wp:term":[{"taxonomy":"product_cat","embeddable":true,"href":"https:\/\/crawl.es\/ca\/wp-json\/wp\/v2\/product_cat?post=10997"},{"taxonomy":"product_tag","embeddable":true,"href":"https:\/\/crawl.es\/ca\/wp-json\/wp\/v2\/product_tag?post=10997"}],"curies":[{"name":"wp","href":"https:\/\/api.w.org\/{rel}","templated":true}]}}