{"id":11001,"date":"2024-01-29T09:55:48","date_gmt":"2024-01-29T09:55:48","guid":{"rendered":"https:\/\/crawl.es\/producto\/motxilla-natacio-arena-45l-spiky-iii-allover-escape-accessoris-natacio-crawl-2\/"},"modified":"2024-01-29T09:55:48","modified_gmt":"2024-01-29T09:55:48","slug":"motxilla-natacio-arena-45l-spiky-iii-allover-escape-accessoris-natacio-crawl-2","status":"publish","type":"product","link":"https:\/\/crawl.es\/ca\/producto\/motxilla-natacio-arena-45l-spiky-iii-allover-escape-accessoris-natacio-crawl-2\/","title":{"rendered":"Motxilla Nataci\u00f3 ARENA 45L Spiky III Allover Escape | Accessoris Nataci\u00f3 Crawl"},"content":{"rendered":"<p>La Motxilla Spiky III 45 maximitza l&#8217;espai en un disseny compacte. Dissenyada per facilitar l&#8217;acc\u00e9s i l&#8217;organitzaci\u00f3, aquesta bossa de c\u00e0rrega superior compta amb compartiments de malla per mantenir la humitat sota control despr\u00e9s de nedar o entrenar. Fabricada amb un teixit repel\u00b7lent a l&#8217;aigua i amb una base refor\u00e7ada, no haur\u00e0s de preocupar-te que caigui al terra del vestuari. Els m\u00faltiples bolsos garanteixen un lloc segur per a tots els teus objectes. Tria entre una gamma de combinacions de colors elegants i d&#8217;alt contrast. Utilitza la bossa de nataci\u00f3 gratu\u00efta que es troba a l&#8217;interior per al teu equip de piscina.<\/p>\n","protected":false},"excerpt":{"rendered":"<p>Motxilla Arena Spiky III 45L Allover Escape, espaiosa i resistent. Disseny \u00fanic, compartiments ventilats i base resistent a l&#8217;aigua. Perfecta per a nedadors actius.<\/p>\n","protected":false},"featured_media":9467,"comment_status":"open","ping_status":"closed","template":"","meta":[],"product_cat":[134,140],"product_tag":[],"brands":[{"id":312,"name":"ARENA","slug":"arena"}],"_links":{"self":[{"href":"https:\/\/crawl.es\/ca\/wp-json\/wp\/v2\/product\/11001"}],"collection":[{"href":"https:\/\/crawl.es\/ca\/wp-json\/wp\/v2\/product"}],"about":[{"href":"https:\/\/crawl.es\/ca\/wp-json\/wp\/v2\/types\/product"}],"replies":[{"embeddable":true,"href":"https:\/\/crawl.es\/ca\/wp-json\/wp\/v2\/comments?post=11001"}],"wp:featuredmedia":[{"embeddable":true,"href":"https:\/\/crawl.es\/ca\/wp-json\/wp\/v2\/media\/9467"}],"wp:attachment":[{"href":"https:\/\/crawl.es\/ca\/wp-json\/wp\/v2\/media?parent=11001"}],"wp:term":[{"taxonomy":"product_cat","embeddable":true,"href":"https:\/\/crawl.es\/ca\/wp-json\/wp\/v2\/product_cat?post=11001"},{"taxonomy":"product_tag","embeddable":true,"href":"https:\/\/crawl.es\/ca\/wp-json\/wp\/v2\/product_tag?post=11001"}],"curies":[{"name":"wp","href":"https:\/\/api.w.org\/{rel}","templated":true}]}}