{"id":11076,"date":"2024-11-22T12:06:19","date_gmt":"2024-11-22T12:06:19","guid":{"rendered":"https:\/\/crawl.es\/producto\/funda-cubre-patins-candy-2-unitats-crawl\/"},"modified":"2024-11-22T12:06:19","modified_gmt":"2024-11-22T12:06:19","slug":"funda-cubre-patins-candy-2-unitats-crawl","status":"publish","type":"product","link":"https:\/\/crawl.es\/ca\/producto\/funda-cubre-patins-candy-2-unitats-crawl\/","title":{"rendered":"Funda Cubre Patins Candy &#8211; 2 Unitats | Crawl"},"content":{"rendered":"<ul>\n<li>Composici\u00f3: 80% Poliamida i 20% Elast\u00e0.<\/li>\n<li>S\u2019utilitza per protegir i embelleixer la bota a l\u2019hora de patinar.<\/li>\n<li>La Funda Cubre Patins t\u2019aporta un look diferent i s\u00f3n r\u00e0pides de col\u00b7locar i treure.<\/li>\n<li>Talla \u00danica, v\u00e0lida per qualsevol pat\u00ed KRF School, fins a la talla 40.<\/li>\n<\/ul>\n","protected":false},"excerpt":{"rendered":"<p>Funda cubre patins Candy, ideal per protegir i embellir les botes al patinar. Composici\u00f3 de 80% poliamida i 20% elast\u00e0. Talla \u00fanica, v\u00e0lida per a patins KRF School fins a la talla 40. F\u00e0cil de col\u00b7locar i treure, aportant un look \u00fanic.<\/p>\n","protected":false},"featured_media":11073,"comment_status":"open","ping_status":"closed","template":"","meta":[],"product_cat":[233,161],"product_tag":[],"brands":[{"id":418,"name":"KRF","slug":"krf"}],"_links":{"self":[{"href":"https:\/\/crawl.es\/ca\/wp-json\/wp\/v2\/product\/11076"}],"collection":[{"href":"https:\/\/crawl.es\/ca\/wp-json\/wp\/v2\/product"}],"about":[{"href":"https:\/\/crawl.es\/ca\/wp-json\/wp\/v2\/types\/product"}],"replies":[{"embeddable":true,"href":"https:\/\/crawl.es\/ca\/wp-json\/wp\/v2\/comments?post=11076"}],"wp:featuredmedia":[{"embeddable":true,"href":"https:\/\/crawl.es\/ca\/wp-json\/wp\/v2\/media\/11073"}],"wp:attachment":[{"href":"https:\/\/crawl.es\/ca\/wp-json\/wp\/v2\/media?parent=11076"}],"wp:term":[{"taxonomy":"product_cat","embeddable":true,"href":"https:\/\/crawl.es\/ca\/wp-json\/wp\/v2\/product_cat?post=11076"},{"taxonomy":"product_tag","embeddable":true,"href":"https:\/\/crawl.es\/ca\/wp-json\/wp\/v2\/product_tag?post=11076"}],"curies":[{"name":"wp","href":"https:\/\/api.w.org\/{rel}","templated":true}]}}