{"id":11077,"date":"2024-11-22T12:12:24","date_gmt":"2024-11-22T12:12:24","guid":{"rendered":"https:\/\/crawl.es\/producto\/funda-cubre-patins-love-2-unitats\/"},"modified":"2024-11-22T12:12:24","modified_gmt":"2024-11-22T12:12:24","slug":"funda-cubre-patins-love-2-unitats","status":"publish","type":"product","link":"https:\/\/crawl.es\/ca\/producto\/funda-cubre-patins-love-2-unitats\/","title":{"rendered":"Funda Cubre Patins Love &#8211; 2 Unitats | Crawl"},"content":{"rendered":"<ul>\n<li>\n<p><strong>2 Unitats.<\/strong><\/p>\n<\/li>\n<li>\n<p><strong>Composici\u00f3:<\/strong> 80% Poliamida i 20% Elast\u00e0.<\/p>\n<\/li>\n<li>\n<p>S\u2019utilitza per protegir i embelleixer la bota mentre patines.<\/p>\n<\/li>\n<li>\n<p>La <strong>Funda Cubre Patins<\/strong> t\u2019aporta un look distint i \u00e9s r\u00e0pida de col\u00b7locar i treure. <strong>Talla \u00danica<\/strong>, v\u00e0lida per a qualsevol pat\u00ed KRF School fins a la talla 40.<\/p>\n<\/li>\n<\/ul>\n","protected":false},"excerpt":{"rendered":"<p><strong>Funda Cubre Patins Love<\/strong>, ideal per protegir i embelleixer les botes mentre patines. Composici\u00f3 de 80% poliamida i 20% elast\u00e0. Talla \u00fanica, v\u00e0lida per a patins KRF School fins a la talla 40. F\u00e0cil de col\u00b7locar i treure, aportant un look \u00fanic.<\/p>\n","protected":false},"featured_media":11069,"comment_status":"open","ping_status":"closed","template":"","meta":[],"product_cat":[227,233,161],"product_tag":[],"brands":[{"id":418,"name":"KRF","slug":"krf"}],"_links":{"self":[{"href":"https:\/\/crawl.es\/ca\/wp-json\/wp\/v2\/product\/11077"}],"collection":[{"href":"https:\/\/crawl.es\/ca\/wp-json\/wp\/v2\/product"}],"about":[{"href":"https:\/\/crawl.es\/ca\/wp-json\/wp\/v2\/types\/product"}],"replies":[{"embeddable":true,"href":"https:\/\/crawl.es\/ca\/wp-json\/wp\/v2\/comments?post=11077"}],"wp:featuredmedia":[{"embeddable":true,"href":"https:\/\/crawl.es\/ca\/wp-json\/wp\/v2\/media\/11069"}],"wp:attachment":[{"href":"https:\/\/crawl.es\/ca\/wp-json\/wp\/v2\/media?parent=11077"}],"wp:term":[{"taxonomy":"product_cat","embeddable":true,"href":"https:\/\/crawl.es\/ca\/wp-json\/wp\/v2\/product_cat?post=11077"},{"taxonomy":"product_tag","embeddable":true,"href":"https:\/\/crawl.es\/ca\/wp-json\/wp\/v2\/product_tag?post=11077"}],"curies":[{"name":"wp","href":"https:\/\/api.w.org\/{rel}","templated":true}]}}