{"id":11493,"date":"2024-12-03T10:23:12","date_gmt":"2024-12-03T10:23:12","guid":{"rendered":"https:\/\/crawl.es\/producto\/banyador-waterpolo-joker-flame-crawl\/"},"modified":"2024-12-20T10:46:56","modified_gmt":"2024-12-20T10:46:56","slug":"banyador-waterpolo-joker-flame-crawl","status":"publish","type":"product","link":"https:\/\/crawl.es\/ca\/producto\/banyador-waterpolo-joker-flame-crawl\/","title":{"rendered":"Banyador Waterpolo Joker Flame | CRAWL"},"content":{"rendered":"<p>El banyador de waterpolo Turbo per a home est\u00e0 especialment dissenyat per a la pr\u00e0ctica professional o amateur del waterpolo. Amb m\u00e9s de 50 anys d&#8217;experi\u00e8ncia, s&#8217;ha dissenyat un patr\u00f3 extremadament c\u00f2mode, que s&#8217;adapta perfectament al cos, aportant comoditat i sensaci\u00f3 de lleugeresa. Aquests banyadors faciliten la mobilitat a l&#8217;aigua, evitant l&#8217;arrossegament i permetent un moviment m\u00e9s r\u00e0pid al nedar. Els banyadors Turbo s\u00f3n de la millor qualitat, utilitzant sempre els materials de m\u00e9s qualitat del mercat.<\/p>\n<p>Caracter\u00edstiques destacables:<\/p>\n<ul>\n<li>\n<p>Costures refor\u00e7ades.<\/p>\n<\/li>\n<li>\n<p>Folre davanter complet.<\/p>\n<\/li>\n<li>\n<p>Resistents al clor i als raigs UV.<\/p>\n<\/li>\n<li>\n<p>Colors duradors.<\/p>\n<\/li>\n<li>\n<p>Composici\u00f3: 55% poli\u00e8ster PBT, 45% poli\u00e8ster.<\/p>\n<\/li>\n<\/ul>\n<p>\u00das recomanat:<\/p>\n<p>Des de Turbo recomanem utilitzar la braguita per a practicar waterpolo o entrenar nataci\u00f3. Estant perfectament ajustat al cos, dificulta que el waterpolista sigui agafat pels rivals, una cosa de vital import\u00e0ncia. A m\u00e9s, els nostres banyadors no arrosseguen aigua durant el moviment, millorant la mobilitat del nedador. Ideal tamb\u00e9 per a la nataci\u00f3 o esports aqu\u00e0tics similars.<\/p>\n<p>A m\u00e9s, tots els banyadors de waterpolo tenen un folre complet a la part davantera i posterior, i un cord\u00f3 ajustable per a una millor adaptabilitat.<\/p>\n<p>No perdis l&#8217;oportunitat d&#8217;adquirir el Banyador Waterpolo Joker Flame de CRAWL. Compra ara i gaudeix de la millor qualitat en les teves activitats aqu\u00e0tiques!<\/p>\n","protected":false},"excerpt":{"rendered":"<p>Compra el Banyador Waterpolo Joker Flame en CRAWL. Disseny professional, resistent al clor i als raigs UV.<\/p>\n<p>Ref: 731886<\/p>\n","protected":false},"featured_media":11412,"comment_status":"open","ping_status":"closed","template":"","meta":[],"product_cat":[147,155],"product_tag":[],"brands":[{"id":22,"name":"Turbo","slug":"turbo"}],"_links":{"self":[{"href":"https:\/\/crawl.es\/ca\/wp-json\/wp\/v2\/product\/11493"}],"collection":[{"href":"https:\/\/crawl.es\/ca\/wp-json\/wp\/v2\/product"}],"about":[{"href":"https:\/\/crawl.es\/ca\/wp-json\/wp\/v2\/types\/product"}],"replies":[{"embeddable":true,"href":"https:\/\/crawl.es\/ca\/wp-json\/wp\/v2\/comments?post=11493"}],"wp:featuredmedia":[{"embeddable":true,"href":"https:\/\/crawl.es\/ca\/wp-json\/wp\/v2\/media\/11412"}],"wp:attachment":[{"href":"https:\/\/crawl.es\/ca\/wp-json\/wp\/v2\/media?parent=11493"}],"wp:term":[{"taxonomy":"product_cat","embeddable":true,"href":"https:\/\/crawl.es\/ca\/wp-json\/wp\/v2\/product_cat?post=11493"},{"taxonomy":"product_tag","embeddable":true,"href":"https:\/\/crawl.es\/ca\/wp-json\/wp\/v2\/product_tag?post=11493"}],"curies":[{"name":"wp","href":"https:\/\/api.w.org\/{rel}","templated":true}]}}