{"id":11508,"date":"2024-11-28T12:18:35","date_gmt":"2024-11-28T12:18:35","guid":{"rendered":"https:\/\/crawl.es\/producto\/banyador-dona-natacio-sirene-comfort-vermell-taronja-crawl\/"},"modified":"2024-12-05T09:22:04","modified_gmt":"2024-12-05T09:22:04","slug":"banyador-dona-natacio-sirene-comfort-vermell-taronja-crawl","status":"publish","type":"product","link":"https:\/\/crawl.es\/ca\/producto\/banyador-dona-natacio-sirene-comfort-vermell-taronja-crawl\/","title":{"rendered":"Banyador Dona Nataci\u00f3 Sirene Comfort Vermell\/Taronja | CRAWL"},"content":{"rendered":"<p>Descobreix el Banyador Dona Nataci\u00f3 Sirene Comfort Vermell\/Taronja de Turbo, especialment dissenyat per a la pr\u00e0ctica de la nataci\u00f3. Aquest banyador est\u00e0 confeccionat amb el millor teixit del mercat i compta amb un doble folre davanter. \u00c9s resistent al clor de la piscina i als raigs UV, mantenint la intensitat dels seus colors amb l&#8217;\u00fas repetit en el temps. \u00c9s considerat un dels banyadors m\u00e9s resistents del m\u00f3n.<\/p>\n<p><strong>Caracter\u00edstiques destacables:<\/strong><\/p>\n<ul>\n<li>\n<p>Costures refor\u00e7ades: Major durabilitat.<\/p>\n<\/li>\n<li>\n<p>Folre davanter complet: M\u00e0xima comoditat.<\/p>\n<\/li>\n<li>\n<p>Resistent al clor: Ideal per a \u00fas en piscina.<\/p>\n<\/li>\n<li>\n<p>Colors duradors: Mant\u00e9 la seva intensitat amb el temps.<\/p>\n<\/li>\n<li>\n<p>Composici\u00f3: 55% poli\u00e8ster PBT, 45% poli\u00e8ster.<\/p>\n<\/li>\n<\/ul>\n<p><strong>\u00das recomanat:<\/strong><\/p>\n<p>Aquest banyador \u00e9s perfecte per a la pr\u00e0ctica de la nataci\u00f3, tant com a banyador d&#8217;entrenament com per a \u00fas diari. Gr\u00e0cies a la seva gran adaptabilitat al cos, no arrossega aigua al nedar, el que el converteix en una opci\u00f3 comod\u00edssima per a l&#8217;\u00fas diari.<\/p>\n<p>No perdis l&#8217;oportunitat de millorar el teu rendiment amb el Banyador Dona Nataci\u00f3 Sirene Comfort Vermell\/Taronja de CRAWL. Compra ara i gaudeix d&#8217;una nataci\u00f3 superior!<\/p>\n","protected":false},"excerpt":{"rendered":"<p>Compra el Banyador Dona Nataci\u00f3 Sirene Comfort Vermell\/Taronja en CRAWL. Resistent al clor i als raigs UV.<\/p>\n<p>Ref: 89089t3<\/p>\n","protected":false},"featured_media":11296,"comment_status":"open","ping_status":"closed","template":"","meta":[],"product_cat":[227,232],"product_tag":[],"brands":[{"id":22,"name":"Turbo","slug":"turbo"}],"_links":{"self":[{"href":"https:\/\/crawl.es\/ca\/wp-json\/wp\/v2\/product\/11508"}],"collection":[{"href":"https:\/\/crawl.es\/ca\/wp-json\/wp\/v2\/product"}],"about":[{"href":"https:\/\/crawl.es\/ca\/wp-json\/wp\/v2\/types\/product"}],"replies":[{"embeddable":true,"href":"https:\/\/crawl.es\/ca\/wp-json\/wp\/v2\/comments?post=11508"}],"wp:featuredmedia":[{"embeddable":true,"href":"https:\/\/crawl.es\/ca\/wp-json\/wp\/v2\/media\/11296"}],"wp:attachment":[{"href":"https:\/\/crawl.es\/ca\/wp-json\/wp\/v2\/media?parent=11508"}],"wp:term":[{"taxonomy":"product_cat","embeddable":true,"href":"https:\/\/crawl.es\/ca\/wp-json\/wp\/v2\/product_cat?post=11508"},{"taxonomy":"product_tag","embeddable":true,"href":"https:\/\/crawl.es\/ca\/wp-json\/wp\/v2\/product_tag?post=11508"}],"curies":[{"name":"wp","href":"https:\/\/api.w.org\/{rel}","templated":true}]}}