{"id":11514,"date":"2024-11-28T09:34:58","date_gmt":"2024-11-28T09:34:58","guid":{"rendered":"https:\/\/crawl.es\/producto\/dona-natacio-sirene-comfort-blau-verd-crawl\/"},"modified":"2024-11-28T09:34:58","modified_gmt":"2024-11-28T09:34:58","slug":"dona-natacio-sirene-comfort-blau-verd-crawl","status":"publish","type":"product","link":"https:\/\/crawl.es\/ca\/producto\/dona-natacio-sirene-comfort-blau-verd-crawl\/","title":{"rendered":"Dona Nataci\u00f3 Sirene Comfort Blau\/Verd | CRAWL"},"content":{"rendered":"<p>Descobreix el Banyador Dona Nataci\u00f3 Sirene Comfort Blau\/Verd, dissenyat especialment per a la pr\u00e0ctica de la nataci\u00f3. Confeccionat amb el millor teixit del mercat i amb un doble folre davanter, aquest banyador ofereix una resist\u00e8ncia superior al clor de la piscina i als raigs UV, assegurant que la intensitat dels seus colors es mantingui amb l&#8217;\u00fas repetit en el temps. Considerat un dels banyadors m\u00e9s resistents del m\u00f3n, \u00e9s l&#8217;elecci\u00f3 perfecta per a nedadores exigents.<\/p>\n<p><strong>Caracter\u00edstiques destacables:<\/strong><\/p>\n<ul>\n<li>\n<p>Costures refor\u00e7ades<\/p>\n<\/li>\n<li>\n<p>Folre davanter complet<\/p>\n<\/li>\n<li>\n<p>Resistents al clor<\/p>\n<\/li>\n<li>\n<p>Colors duradors<\/p>\n<\/li>\n<li>\n<p>Composici\u00f3: 55% poli\u00e8ster PBT, 45% poli\u00e8ster<\/p>\n<\/li>\n<\/ul>\n<p><strong>\u00das recomanat:<\/strong><\/p>\n<p>Aquest banyador \u00e9s perfecte per a la pr\u00e0ctica de la nataci\u00f3, ideal com a banyador d&#8217;entrenament. Gr\u00e0cies a la seva gran adaptabilitat al cos, no arrossega aigua al nedar, el que el fa una opci\u00f3 comod\u00edssima per a l&#8217;\u00fas diari. *Aquest article t\u00e9 una talla m\u00e9s petita de l&#8217;habitual, i per aix\u00f2, recomanem optar per una talla superior a l&#8217;habitual.<\/p>\n<p>\u00a0<\/p>\n<p>No perdis l&#8217;oportunitat de millorar el teu rendiment a l&#8217;aigua amb el Banyador Dona Nataci\u00f3 Sirene Comfort Blau\/Verd de CRAWL. Compra ara i gaudeix d&#8217;una nataci\u00f3 superior!<\/p>\n","protected":false},"excerpt":{"rendered":"<p>Compra el Banyador Dona Nataci\u00f3 Sirene Comfort Blau\/Verd en CRAWL. Resistent al clor i als raigs UV, ideal per a entrenaments.<\/p>\n<p>Ref: 89089T3<\/p>\n","protected":false},"featured_media":11272,"comment_status":"open","ping_status":"closed","template":"","meta":[],"product_cat":[227,232],"product_tag":[],"brands":[{"id":22,"name":"Turbo","slug":"turbo"}],"_links":{"self":[{"href":"https:\/\/crawl.es\/ca\/wp-json\/wp\/v2\/product\/11514"}],"collection":[{"href":"https:\/\/crawl.es\/ca\/wp-json\/wp\/v2\/product"}],"about":[{"href":"https:\/\/crawl.es\/ca\/wp-json\/wp\/v2\/types\/product"}],"replies":[{"embeddable":true,"href":"https:\/\/crawl.es\/ca\/wp-json\/wp\/v2\/comments?post=11514"}],"wp:featuredmedia":[{"embeddable":true,"href":"https:\/\/crawl.es\/ca\/wp-json\/wp\/v2\/media\/11272"}],"wp:attachment":[{"href":"https:\/\/crawl.es\/ca\/wp-json\/wp\/v2\/media?parent=11514"}],"wp:term":[{"taxonomy":"product_cat","embeddable":true,"href":"https:\/\/crawl.es\/ca\/wp-json\/wp\/v2\/product_cat?post=11514"},{"taxonomy":"product_tag","embeddable":true,"href":"https:\/\/crawl.es\/ca\/wp-json\/wp\/v2\/product_tag?post=11514"}],"curies":[{"name":"wp","href":"https:\/\/api.w.org\/{rel}","templated":true}]}}