{"id":11517,"date":"2024-11-27T12:29:15","date_gmt":"2024-11-27T12:29:15","guid":{"rendered":"https:\/\/crawl.es\/producto\/gorro-silicona-xplosion-turbo-crawl\/"},"modified":"2024-11-27T12:29:15","modified_gmt":"2024-11-27T12:29:15","slug":"gorro-silicona-xplosion-turbo-crawl","status":"publish","type":"product","link":"https:\/\/crawl.es\/ca\/producto\/gorro-silicona-xplosion-turbo-crawl\/","title":{"rendered":"Gorro Silicona Xplosion Turbo | CRAWL"},"content":{"rendered":"<p>El Gorro Silicona Xplosion Turbo est\u00e0 dissenyat per oferir un ajust segur i c\u00f2mode, ideal per a nedadors d&#8217;alt rendiment. Fabricat amb silicona 100%, aquest gorro \u00e9s el\u00e0stic i t\u00e9 un tacte suau que assegura una gran comoditat, al mateix temps que ofereix una subjecci\u00f3 ferma per evitar que es llisqui durant l&#8217;\u00fas. La seva gran extensibilitat permet un ajust adaptable, ajustant-se perfectament a diferents formes de cap.<\/p>\n<p>Resistent al clor, als raigs UV i a l&#8217;aigua salada, el Gorro Xplosion \u00e9s perfecte tant per a piscines cobertes com a l&#8217;aire lliure, i pot suportar condicions exigents, sent ideal per a entrenaments diaris o competicions. El seu disseny aerodin\u00e0mic ajuda a reduir la resist\u00e8ncia a l&#8217;aigua, millorant el rendiment i la velocitat. A m\u00e9s, \u00e9s f\u00e0cil de posar i treure, el que el converteix en una excel\u00b7lent opci\u00f3 per a nedadors que busquen practicitat i durabilitat en els seus accessoris de nataci\u00f3.<\/p>\n","protected":false},"excerpt":{"rendered":"<p>El Gorro Silicona Xplosion Turbo ofereix un ajust perfecte i comoditat durant la nataci\u00f3. Fet de silicona 100%, \u00e9s resistent al clor i a l&#8217;aigua salada, ideal per a entrenaments i competicions.<\/p>\n","protected":false},"featured_media":11267,"comment_status":"open","ping_status":"closed","template":"","meta":[],"product_cat":[138,134],"product_tag":[],"brands":[{"id":22,"name":"Turbo","slug":"turbo"}],"_links":{"self":[{"href":"https:\/\/crawl.es\/ca\/wp-json\/wp\/v2\/product\/11517"}],"collection":[{"href":"https:\/\/crawl.es\/ca\/wp-json\/wp\/v2\/product"}],"about":[{"href":"https:\/\/crawl.es\/ca\/wp-json\/wp\/v2\/types\/product"}],"replies":[{"embeddable":true,"href":"https:\/\/crawl.es\/ca\/wp-json\/wp\/v2\/comments?post=11517"}],"wp:featuredmedia":[{"embeddable":true,"href":"https:\/\/crawl.es\/ca\/wp-json\/wp\/v2\/media\/11267"}],"wp:attachment":[{"href":"https:\/\/crawl.es\/ca\/wp-json\/wp\/v2\/media?parent=11517"}],"wp:term":[{"taxonomy":"product_cat","embeddable":true,"href":"https:\/\/crawl.es\/ca\/wp-json\/wp\/v2\/product_cat?post=11517"},{"taxonomy":"product_tag","embeddable":true,"href":"https:\/\/crawl.es\/ca\/wp-json\/wp\/v2\/product_tag?post=11517"}],"curies":[{"name":"wp","href":"https:\/\/api.w.org\/{rel}","templated":true}]}}