{"id":11521,"date":"2024-11-27T12:09:46","date_gmt":"2024-11-27T12:09:46","guid":{"rendered":"https:\/\/crawl.es\/producto\/gorro-silicona-turbo-bad-boy-crawl\/"},"modified":"2024-11-27T12:09:46","modified_gmt":"2024-11-27T12:09:46","slug":"gorro-silicona-turbo-bad-boy-crawl","status":"publish","type":"product","link":"https:\/\/crawl.es\/ca\/producto\/gorro-silicona-turbo-bad-boy-crawl\/","title":{"rendered":"Gorro Silicona Turbo Bad-Boy | Crawl"},"content":{"rendered":"<p>El gorro de silicona Turbo Bad-Boy est\u00e0 dissenyat amb la millor silicona del mercat per oferir una excel\u00b7lent subjecci\u00f3 sense comprometre la comoditat. La seva elasticitat i tacte suau asseguren un ajust segur, mentre que la seva gran extensibilitat permet que s&#8217;adapti perfectament a diferents mides de cap. A m\u00e9s, la seva forma aerodin\u00e0mica millora l&#8217;experi\u00e8ncia a l&#8217;aigua, reduint la resist\u00e8ncia i optimitzant el rendiment.<\/p>\n<p>\u00a0<\/p>\n<p>Aquest gorro \u00e9s ideal tant per a piscines cobertes com descobertes, gr\u00e0cies a la seva resist\u00e8ncia al clor, als raigs UV i a l&#8217;aigua del mar, cosa que garanteix una major durabilitat. Tant per a entrenaments diaris com per a competicions, aquest gorro est\u00e0 fet per durar i mantenir el cap c\u00f2mode durant llargs per\u00edodes de temps a l&#8217;aigua.<\/p>\n<p>\u00a0<\/p>\n<p>Amb un disseny f\u00e0cil de posar i treure, el gorro Turbo Bad-Boy \u00e9s una excel\u00b7lent opci\u00f3 per a nedadors que busquen qualitat, resist\u00e8ncia i confort en un sol accessori.<\/p>\n<p>\u00a0<\/p>\n","protected":false},"excerpt":{"rendered":"<p>El gorro de silicona Turbo Bad-Boy ofereix un ajust c\u00f2mode i segur. Fet 100% de silicona, \u00e9s ideal per a entrenaments i competicions. Resistent al clor, als raigs UV i a l&#8217;aigua salada. Perfecte per a nedadors exigents.<\/p>\n<p>\u00a0<\/p>\n","protected":false},"featured_media":11254,"comment_status":"open","ping_status":"closed","template":"","meta":[],"product_cat":[138,134],"product_tag":[],"brands":[{"id":22,"name":"Turbo","slug":"turbo"}],"_links":{"self":[{"href":"https:\/\/crawl.es\/ca\/wp-json\/wp\/v2\/product\/11521"}],"collection":[{"href":"https:\/\/crawl.es\/ca\/wp-json\/wp\/v2\/product"}],"about":[{"href":"https:\/\/crawl.es\/ca\/wp-json\/wp\/v2\/types\/product"}],"replies":[{"embeddable":true,"href":"https:\/\/crawl.es\/ca\/wp-json\/wp\/v2\/comments?post=11521"}],"wp:featuredmedia":[{"embeddable":true,"href":"https:\/\/crawl.es\/ca\/wp-json\/wp\/v2\/media\/11254"}],"wp:attachment":[{"href":"https:\/\/crawl.es\/ca\/wp-json\/wp\/v2\/media?parent=11521"}],"wp:term":[{"taxonomy":"product_cat","embeddable":true,"href":"https:\/\/crawl.es\/ca\/wp-json\/wp\/v2\/product_cat?post=11521"},{"taxonomy":"product_tag","embeddable":true,"href":"https:\/\/crawl.es\/ca\/wp-json\/wp\/v2\/product_tag?post=11521"}],"curies":[{"name":"wp","href":"https:\/\/api.w.org\/{rel}","templated":true}]}}