{"id":11523,"date":"2024-11-27T11:50:04","date_gmt":"2024-11-27T11:50:04","guid":{"rendered":"https:\/\/crawl.es\/producto\/caixa-per-pinces-de-nas-i-taps-turbo-accessoris-de-natacio-crawl-2\/"},"modified":"2024-11-27T11:50:04","modified_gmt":"2024-11-27T11:50:04","slug":"caixa-per-pinces-de-nas-i-taps-turbo-accessoris-de-natacio-crawl-2","status":"publish","type":"product","link":"https:\/\/crawl.es\/ca\/producto\/caixa-per-pinces-de-nas-i-taps-turbo-accessoris-de-natacio-crawl-2\/","title":{"rendered":"Caixa per Pinces de Nas i Taps Turbo | Accessoris de Nataci\u00f3 | Crawl"},"content":{"rendered":"<p>La caixa per pinces de nas i taps Turbo \u00e9s la soluci\u00f3 perfecta per mantenir els teus accessoris de nataci\u00f3 organitzats i sempre a m\u00e0. Els taps per a les orelles i les pinces per al nas de Turbo s\u00f3n elements essencials per a qualsevol nedador que busqui comoditat i protecci\u00f3 durant els seus entrenaments o competicions.<\/p>\n<p>\u00a0<\/p>\n<p>Caracter\u00edstiques destacables:<\/p>\n<p>&#8211; Disseny funcional i pr\u00e0ctic: Proporciona un emmagatzematge adequat per als teus accessoris, mantenint-los protegits i en bon estat.<\/p>\n<p>&#8211; Beneficis per a la nataci\u00f3: Taps per a les orelles de silicona flexible, resistents al clor, adaptables a diferents mides d&#8217;orella. Pinces per al nas asseguren que no entri aigua, millorant la t\u00e8cnica de respiraci\u00f3.<\/p>\n<p>&#8211; Perfectes per a tots els nivells de nataci\u00f3: Aptes per a nedadors professionals i principiants. Resistents al clor, duradors i aptes per a piscines i aig\u00fces obertes.<\/p>\n<p>&#8211; Valorats per nedadors de disciplines com nataci\u00f3 art\u00edstica o sincronitzada.<\/p>\n<p>&#8211; Disseny ergon\u00f2mic: Ajust c\u00f2mode, evitant l&#8217;entrada d&#8217;aigua a les orelles i el nas.<\/p>\n<p>\u00a0<\/p>\n<p>\u00das recomanat:<\/p>\n<p>Perfectes per a entrenaments regulars i competicions. Ideals per portar en els teus entrenaments de nataci\u00f3 o en competicions, garantint que sempre tinguis els teus taps per a les orelles i pinces per al nas a l&#8217;abast de la m\u00e0.<\/p>\n<p>\u00a0<\/p>\n<p>No perdis l&#8217;oportunitat d&#8217;adquirir la caixa per pinces de nas i taps Turbo de CRAWL. Compra ara i millora el teu rendiment i comoditat en cada sessi\u00f3 de nataci\u00f3!<\/p>\n<p>\u00a0<\/p>\n","protected":false},"excerpt":{"rendered":"<p>Descobreix la Caixa per Pinces de Nas i Taps Turbo. Accessoris de nataci\u00f3 essencials per mantenir l&#8217;aigua fora de les orelles i el nas. Dissenyats per a un ajust c\u00f2mode i segur, ideals per a nedadors professionals i ocasionals.<\/p>\n<p>\u00a0<\/p>\n","protected":false},"featured_media":11244,"comment_status":"open","ping_status":"closed","template":"","meta":[],"product_cat":[134,143],"product_tag":[],"brands":[{"id":22,"name":"Turbo","slug":"turbo"}],"_links":{"self":[{"href":"https:\/\/crawl.es\/ca\/wp-json\/wp\/v2\/product\/11523"}],"collection":[{"href":"https:\/\/crawl.es\/ca\/wp-json\/wp\/v2\/product"}],"about":[{"href":"https:\/\/crawl.es\/ca\/wp-json\/wp\/v2\/types\/product"}],"replies":[{"embeddable":true,"href":"https:\/\/crawl.es\/ca\/wp-json\/wp\/v2\/comments?post=11523"}],"wp:featuredmedia":[{"embeddable":true,"href":"https:\/\/crawl.es\/ca\/wp-json\/wp\/v2\/media\/11244"}],"wp:attachment":[{"href":"https:\/\/crawl.es\/ca\/wp-json\/wp\/v2\/media?parent=11523"}],"wp:term":[{"taxonomy":"product_cat","embeddable":true,"href":"https:\/\/crawl.es\/ca\/wp-json\/wp\/v2\/product_cat?post=11523"},{"taxonomy":"product_tag","embeddable":true,"href":"https:\/\/crawl.es\/ca\/wp-json\/wp\/v2\/product_tag?post=11523"}],"curies":[{"name":"wp","href":"https:\/\/api.w.org\/{rel}","templated":true}]}}