{"id":11531,"date":"2024-11-26T11:31:07","date_gmt":"2024-11-26T11:31:07","guid":{"rendered":"https:\/\/crawl.es\/producto\/aletes-arena-junior-blau-cel-natacio-per-a-nens-crawl\/"},"modified":"2024-11-26T11:31:07","modified_gmt":"2024-11-26T11:31:07","slug":"aletes-arena-junior-blau-cel-natacio-per-a-nens-crawl","status":"publish","type":"product","link":"https:\/\/crawl.es\/ca\/producto\/aletes-arena-junior-blau-cel-natacio-per-a-nens-crawl\/","title":{"rendered":"Aletes Arena Junior Blau Cel | Nataci\u00f3 per a Nens | Crawl"},"content":{"rendered":"<p>Les aletes Arena Junior Blau Cel estan dissenyades espec\u00edficament per a nens que s&#8217;inicien en el m\u00f3n de la nataci\u00f3 o que ja estan en nivells m\u00e9s avan\u00e7ats. Aquestes aletes proporcionen un excel\u00b7lent impuls en cada patada, ajudant a millorar la t\u00e8cnica de nataci\u00f3 i augmentar la velocitat a l&#8217;aigua.<\/p>\n<p>\u00a0<\/p>\n<p>Fabricades amb materials de alta qualitat, les aletes ofereixen una gran durabilitat i resist\u00e8ncia al clor, la qual cosa assegura una llarga vida \u00fatil fins i tot amb l&#8217;\u00fas freq\u00fcent en piscines. El seu disseny ergon\u00f2mic s&#8217;adapta perfectament als peus dels nens, proporcionant un ajust c\u00f2mode i segur que evita qualsevol despla\u00e7ament durant l&#8217;entrenament.<\/p>\n<p>\u00a0<\/p>\n<p>Les aletes Arena Junior Blau Cel s\u00f3n lleugeres i flexibles, cosa que les fa ideals per a sessions de nataci\u00f3 prolongades sense causar fatiga als peus. A m\u00e9s, el seu color blau cel aporta un toc divertit i atractiu que encantar\u00e0 als m\u00e9s petits.<\/p>\n<p>\u00a0<\/p>\n<p>Caracter\u00edstiques principals:<\/p>\n<p>&#8211; Material d&#8217;alta qualitat resistent al clor.<\/p>\n<p>&#8211; Disseny ergon\u00f2mic per a un ajust c\u00f2mode i segur.<\/p>\n<p>&#8211; Lleugeres i flexibles per evitar la fatiga dels peus.<\/p>\n<p>&#8211; Color atractiu blau cel.<\/p>\n<p>&#8211; Ideals per a entrenaments i sessions de nataci\u00f3 prolongades.<\/p>\n<p>\u00a0<\/p>\n<p>Amb aquestes aletes, els nens poden millorar la seva t\u00e8cnica de nataci\u00f3, augmentar la seva velocitat i gaudir m\u00e9s de les seves sessions a l&#8217;aigua. S\u00f3n una excel\u00b7lent elecci\u00f3 per a qualsevol jove nadador que vulgui portar la seva nataci\u00f3 al seg\u00fcent nivell.<\/p>\n<p>\u00a0<\/p>\n","protected":false},"excerpt":{"rendered":"<p>Les aletes Arena Junior Blau Cel s\u00f3n ideals per a nens que aprenen i milloren la seva patada en nataci\u00f3. El seu disseny c\u00f2mode amb tal\u00f3 obert ofereix flexibilitat m\u00e0xima. Fetes sense PVC, garanteixen confort i durabilitat en cada \u00fas.<\/p>\n<p>\u00a0<\/p>\n<p>Talla 34\/5<\/p>\n<p>\u00a0<\/p>\n","protected":false},"featured_media":11176,"comment_status":"open","ping_status":"closed","template":"","meta":[],"product_cat":[134,139],"product_tag":[],"brands":[{"id":312,"name":"ARENA","slug":"arena"}],"_links":{"self":[{"href":"https:\/\/crawl.es\/ca\/wp-json\/wp\/v2\/product\/11531"}],"collection":[{"href":"https:\/\/crawl.es\/ca\/wp-json\/wp\/v2\/product"}],"about":[{"href":"https:\/\/crawl.es\/ca\/wp-json\/wp\/v2\/types\/product"}],"replies":[{"embeddable":true,"href":"https:\/\/crawl.es\/ca\/wp-json\/wp\/v2\/comments?post=11531"}],"wp:featuredmedia":[{"embeddable":true,"href":"https:\/\/crawl.es\/ca\/wp-json\/wp\/v2\/media\/11176"}],"wp:attachment":[{"href":"https:\/\/crawl.es\/ca\/wp-json\/wp\/v2\/media?parent=11531"}],"wp:term":[{"taxonomy":"product_cat","embeddable":true,"href":"https:\/\/crawl.es\/ca\/wp-json\/wp\/v2\/product_cat?post=11531"},{"taxonomy":"product_tag","embeddable":true,"href":"https:\/\/crawl.es\/ca\/wp-json\/wp\/v2\/product_tag?post=11531"}],"curies":[{"name":"wp","href":"https:\/\/api.w.org\/{rel}","templated":true}]}}