{"id":11540,"date":"2024-11-26T10:18:04","date_gmt":"2024-11-26T10:18:04","guid":{"rendered":"https:\/\/crawl.es\/producto\/mizuno-team-kneepad-junior-genolleres-crawl-amortiguament-i-proteccio\/"},"modified":"2024-11-26T10:18:04","modified_gmt":"2024-11-26T10:18:04","slug":"mizuno-team-kneepad-junior-genolleres-crawl-amortiguament-i-proteccio","status":"publish","type":"product","link":"https:\/\/crawl.es\/ca\/producto\/mizuno-team-kneepad-junior-genolleres-crawl-amortiguament-i-proteccio\/","title":{"rendered":"Mizuno Team Kneepad Junior Genolleres | Crawl &#8211; Amortiguament i Protecci\u00f3"},"content":{"rendered":"<p>Les genolleres Mizuno Team Kneepad Junior estan dissenyades per oferir una excel\u00b7lent amortiment i protecci\u00f3 en les zones medial, lateral i de la r\u00f2tula. Amb la tecnologia DF Cut, aquestes genolleres proporcionen una major llibertat de moviment, ideals per a esports d&#8217;alt impacte. S\u00f3n perfectes per mantenir les genolls protegides mentre entrenes.<\/p>\n<p>\u00a0<\/p>\n<p>Caracter\u00edstiques Principals:<\/p>\n<p>Amortiment i Protecci\u00f3: Dissenyades per a oferir protecci\u00f3 a les zones m\u00e9s vulnerables del genoll, com la zona medial, lateral i de la r\u00f2tula.<\/p>\n<p>\u00a0<\/p>\n<p>Tecnologia DF Cut: Aquestes genolleres incorporen la tecnologia DF Cut, que garanteix una major llibertat de moviment, essencial per a esports d&#8217;alt impacte.<\/p>\n<p>\u00a0<\/p>\n<p>Disseny Ergon\u00f2mic: Les genolleres estan dissenyades de manera ergon\u00f2mica per assegurar un ajust c\u00f2mode i segur, minimitzant el risc de lesions.<\/p>\n<p>\u00a0<\/p>\n<p>Durabilitat: Fabricades amb materials d&#8217;alta qualitat que asseguren una llarga durabilitat, fins i tot amb un \u00fas intensiu.<\/p>\n<p>\u00a0<\/p>\n<p>Versatilitat: Ideals per a una varietat d&#8217;esports i activitats f\u00edsiques on es requereix protecci\u00f3 addicional a les genolls.<\/p>\n<p>\u00a0<\/p>\n<p>Beneficis per als Usuaris:<\/p>\n<p>Protecci\u00f3 Completa: Les genolleres Mizuno Team Kneepad Junior proporcionen una protecci\u00f3 completa per a les genolls, ajudant a prevenir lesions durant l&#8217;entrenament o la competici\u00f3.<\/p>\n<p>\u00a0<\/p>\n<p>Millora de la Mobilitat: Amb la tecnologia DF Cut, els usuaris poden gaudir d&#8217;una major llibertat de moviment, sense comprometre la seguretat.<\/p>\n<p>\u00a0<\/p>\n<p>Confort i Ajust: El disseny ergon\u00f2mic assegura que les genolleres s&#8217;ajustin perfectament al genoll, proporcionant confort durant tot l&#8217;\u00fas.<\/p>\n<p>\u00a0<\/p>\n<p>Resist\u00e8ncia i Durabilitat: Els materials utilitzats en la fabricaci\u00f3 d&#8217;aquestes genolleres garanteixen una llarga vida \u00fatil, mantenint les seves propietats d&#8217;amortiment i protecci\u00f3.<\/p>\n<p>\u00a0<\/p>\n<p>\u00das Recomanat:<\/p>\n<p>Les genolleres Mizuno Team Kneepad Junior s\u00f3n perfectes per a qualsevol jove esportista que busqui protecci\u00f3 addicional durant les seves sessions d&#8217;entrenament o competici\u00f3. Ideals per a esports d&#8217;alt impacte on les genolls estan sotmeses a una gran c\u00e0rrega, assegurant que es mantinguin segures i protegides.<\/p>\n<p>\u00a0<\/p>\n<p>Talla \u00fanica: NS: 28-33cm<\/p>\n","protected":false},"excerpt":{"rendered":"<p>Les genolleres Mizuno Team Kneepad Junior, dissenyades per oferir amortiment i protecci\u00f3 a la zona medial, lateral i de la r\u00f2tula. Amb tecnologia DF Cut, proporcionen una major llibertat de moviment, ideals per a esports d&#8217;alt impacte. Perfectes per mantenir les genolls protegides mentre entrenes.<\/p>\n<p>\u00a0<\/p>\n<p>Talla \u00fanica: NS: 28-33cm<\/p>\n","protected":false},"featured_media":11145,"comment_status":"open","ping_status":"closed","template":"","meta":[],"product_cat":[134,139],"product_tag":[],"brands":[{"id":422,"name":"Mizuno","slug":"mizuno"}],"_links":{"self":[{"href":"https:\/\/crawl.es\/ca\/wp-json\/wp\/v2\/product\/11540"}],"collection":[{"href":"https:\/\/crawl.es\/ca\/wp-json\/wp\/v2\/product"}],"about":[{"href":"https:\/\/crawl.es\/ca\/wp-json\/wp\/v2\/types\/product"}],"replies":[{"embeddable":true,"href":"https:\/\/crawl.es\/ca\/wp-json\/wp\/v2\/comments?post=11540"}],"wp:featuredmedia":[{"embeddable":true,"href":"https:\/\/crawl.es\/ca\/wp-json\/wp\/v2\/media\/11145"}],"wp:attachment":[{"href":"https:\/\/crawl.es\/ca\/wp-json\/wp\/v2\/media?parent=11540"}],"wp:term":[{"taxonomy":"product_cat","embeddable":true,"href":"https:\/\/crawl.es\/ca\/wp-json\/wp\/v2\/product_cat?post=11540"},{"taxonomy":"product_tag","embeddable":true,"href":"https:\/\/crawl.es\/ca\/wp-json\/wp\/v2\/product_tag?post=11540"}],"curies":[{"name":"wp","href":"https:\/\/api.w.org\/{rel}","templated":true}]}}