{"id":11559,"date":"2024-04-09T11:03:19","date_gmt":"2024-04-09T11:03:19","guid":{"rendered":"https:\/\/crawl.es\/producto\/turbo-scorpion-mirror-goggles-crawl\/"},"modified":"2024-04-09T11:03:19","modified_gmt":"2024-04-09T11:03:19","slug":"turbo-scorpion-mirror-goggles-crawl","status":"publish","type":"product","link":"https:\/\/crawl.es\/ca\/producto\/turbo-scorpion-mirror-goggles-crawl\/","title":{"rendered":"Turbo Scorpion Mirror Goggles | CRAWL"},"content":{"rendered":"<p>Descobreix la gamma d&#8217;Ulleres de Nataci\u00f3 Turbo, dissenyades per oferir la m\u00e0xima comoditat i durabilitat a l&#8217;aigua. Disposem de diferents models que s&#8217;adapten a tot tipus d&#8217;esports aqu\u00e0tics, com nataci\u00f3, nataci\u00f3 sincronitzada, triatl\u00f3 i aig\u00fces obertes. Les ulleres de nataci\u00f3 Turbo es poden utilitzar tant a la piscina amb aigua clorada com a l&#8217;exterior amb aigua salada.<\/p>\n<p>\u00a0<\/p>\n<p>Caracter\u00edstiques destacables:<\/p>\n<p>&#8211; \u00c0mplia varietat d&#8217;estils: Lents transparents, mirall i de diversos colors.<\/p>\n<p>&#8211; Materials d&#8217;alta qualitat: Silicona l\u00edquida i altres materials resistents al clor.<\/p>\n<p>&#8211; Pont nasal ajustable: Adaptaci\u00f3 personalitzada.<\/p>\n<p>&#8211; Comoditat assegurada: Disseny que evita ulls adolorits i vermells.<\/p>\n<p>\u00a0<\/p>\n<p>**\u00das recomanat**:<\/p>\n<p>Perfectes per a tot tipus d&#8217;usuaris, des de nens fins a adults, i per a diferents prop\u00f2sits, ja sigui per a un nedador ocasional o de competici\u00f3.<\/p>\n<p>\u00a0<\/p>\n<p>No deixis passar l&#8217;oportunitat de millorar el teu rendiment amb les Turbo Scorpion Mirror Goggles de CRAWL. Compra ara i gaudeix d&#8217;una nataci\u00f3 superior!<\/p>\n<p>\u00a0<\/p>\n","protected":false},"excerpt":{"rendered":"<p>Compra les Turbo Scorpion Mirror Goggles a CRAWL. Lents mirall i ajust c\u00f2mode. Ref: 930371100.<\/p>\n<p>\u00a0<\/p>\n","protected":false},"featured_media":11558,"comment_status":"open","ping_status":"closed","template":"","meta":[],"product_cat":[134,135],"product_tag":[],"brands":[{"id":22,"name":"Turbo","slug":"turbo"}],"_links":{"self":[{"href":"https:\/\/crawl.es\/ca\/wp-json\/wp\/v2\/product\/11559"}],"collection":[{"href":"https:\/\/crawl.es\/ca\/wp-json\/wp\/v2\/product"}],"about":[{"href":"https:\/\/crawl.es\/ca\/wp-json\/wp\/v2\/types\/product"}],"replies":[{"embeddable":true,"href":"https:\/\/crawl.es\/ca\/wp-json\/wp\/v2\/comments?post=11559"}],"wp:featuredmedia":[{"embeddable":true,"href":"https:\/\/crawl.es\/ca\/wp-json\/wp\/v2\/media\/11558"}],"wp:attachment":[{"href":"https:\/\/crawl.es\/ca\/wp-json\/wp\/v2\/media?parent=11559"}],"wp:term":[{"taxonomy":"product_cat","embeddable":true,"href":"https:\/\/crawl.es\/ca\/wp-json\/wp\/v2\/product_cat?post=11559"},{"taxonomy":"product_tag","embeddable":true,"href":"https:\/\/crawl.es\/ca\/wp-json\/wp\/v2\/product_tag?post=11559"}],"curies":[{"name":"wp","href":"https:\/\/api.w.org\/{rel}","templated":true}]}}