{"id":11579,"date":"2024-12-05T11:27:24","date_gmt":"2024-12-05T11:27:24","guid":{"rendered":"https:\/\/crawl.es\/producto\/ulleres-de-natacio-turbo-polar-mirror-crawl\/"},"modified":"2024-12-05T11:27:24","modified_gmt":"2024-12-05T11:27:24","slug":"ulleres-de-natacio-turbo-polar-mirror-crawl","status":"publish","type":"product","link":"https:\/\/crawl.es\/ca\/producto\/ulleres-de-natacio-turbo-polar-mirror-crawl\/","title":{"rendered":"Ulleres de Nataci\u00f3 Turbo Polar Mirror | Crawl"},"content":{"rendered":"<p>Descobreix la nostra gamma d&#8217;ulleres de nataci\u00f3 Turbo, dissenyades per oferir la m\u00e0xima comoditat i durabilitat a l&#8217;aigua. Disposem de diferents models que s&#8217;adapten a tot tipus d&#8217;esports aqu\u00e0tics, com nataci\u00f3, nataci\u00f3 sincronitzada, triatl\u00f3 i aig\u00fces obertes. Les ulleres de nataci\u00f3 Turbo es poden utilitzar tant a la piscina amb aigua clorada com a l&#8217;exterior amb aigua salada.<\/p>\n<p>\u00a0<\/p>\n<p>Tria l&#8217;estil que millor s&#8217;adapti a les teves necessitats i prefer\u00e8ncies. Les possibilitats s\u00f3n molt variades: ulleres de nataci\u00f3 amb lents transparents o mirall, i una \u00e0mplia gamma de colors. A m\u00e9s, oferim ulleres amb ponts nasals ajustables, entre altres caracter\u00edstiques.<\/p>\n<p>\u00a0<\/p>\n<p>Caracter\u00edstiques Principals:<\/p>\n<p>\u00a0<\/p>\n<p>Varietat d&#8217;Estils: Lents transparents, mirall i de diversos colors.<\/p>\n<p>Materials d&#8217;Alta Qualitat: Silicona l\u00edquida i altres materials resistents al clor.<\/p>\n<p>Pont Nasal Ajustable: Adaptaci\u00f3 personalitzada.<\/p>\n<p>Comoditat Assegurada: Disseny que evita els ulls irritats i vermells.<\/p>\n<p>\u00a0<\/p>\n<p>Si desitges evitar tenir els ulls irritats i vermells despr\u00e9s d&#8217;una sessi\u00f3 d&#8217;entrenament, unes ulleres de nataci\u00f3 de qualitat seran essencials en el teu equip. La comoditat \u00e9s fonamental per realitzar llargues sessions d&#8217;entrenament.<\/p>\n<p>\u00a0<\/p>\n<p>A Turbo, disposem d&#8217;una \u00e0mplia gamma d&#8217;ulleres de piscina per a tot tipus d&#8217;usuaris: nens i adults, nedadors ocasionals o de competici\u00f3. Les nostres ulleres de nataci\u00f3 estan dissenyades per oferir comoditat i les millors sensacions durant la pr\u00e0ctica de la nataci\u00f3. Utilitzem nom\u00e9s els millors materials per garantir el millor ajust, durabilitat i seguretat.<\/p>\n<p>\u00a0<\/p>\n<p>Varietat de Models:<\/p>\n<p>\u00a0<\/p>\n<p>Ulleres amb corretges d&#8217;ajust r\u00e0pid.<\/p>\n<p>Muntures d&#8217;una sola pe\u00e7a o ponts nasals ajustables.<\/p>\n<p>M\u00faltiples opcions de lents: transparents, mirall i tenyides.<\/p>\n<p>\u00a0<\/p>\n<p>Tamb\u00e9 oferim ulleres de competici\u00f3 amb lents ultrarresistents i formes hidrodin\u00e0miques per millorar el rendiment. Per a nedadors recreatius, tenim ulleres c\u00f2modes amb lents grans i transparents, perfectes per utilitzar a la platja.<\/p>\n<p>\u00a0<\/p>\n<p>Comoditat i Durabilitat:<\/p>\n<p>\u00a0<\/p>\n<p>Resistents al clor i als raigs UVA (SPF +50).<\/p>\n<p>Lents dissenyades per oferir el major rang de visibilitat possible.<\/p>\n<p>Provat per professionals per garantir ajust i rendiment.<\/p>\n<p>\u00a0<\/p>\n<p>Constantment busquem millorar les nostres ulleres de piscina utilitzant la \u00faltima tecnologia. Millora el teu rendiment a l&#8217;aigua amb les Turbo Polar Mirror Goggles de CRAWL. Compra ara i gaudeix d&#8217;una nataci\u00f3 superior!<\/p>\n<p>\u00a0<\/p>\n","protected":false},"excerpt":{"rendered":"<p>Descubre las gafas de nataci\u00f3n Turbo Polar Mirror (Ref: 931201100). Dise\u00f1adas para m\u00e1xima comodidad y durabilidad. Ideal para todo tipo de deportes acu\u00e1ticos.<\/p>\n","protected":false},"featured_media":11562,"comment_status":"open","ping_status":"closed","template":"","meta":[],"product_cat":[134,135],"product_tag":[],"brands":[{"id":22,"name":"Turbo","slug":"turbo"}],"_links":{"self":[{"href":"https:\/\/crawl.es\/ca\/wp-json\/wp\/v2\/product\/11579"}],"collection":[{"href":"https:\/\/crawl.es\/ca\/wp-json\/wp\/v2\/product"}],"about":[{"href":"https:\/\/crawl.es\/ca\/wp-json\/wp\/v2\/types\/product"}],"replies":[{"embeddable":true,"href":"https:\/\/crawl.es\/ca\/wp-json\/wp\/v2\/comments?post=11579"}],"wp:featuredmedia":[{"embeddable":true,"href":"https:\/\/crawl.es\/ca\/wp-json\/wp\/v2\/media\/11562"}],"wp:attachment":[{"href":"https:\/\/crawl.es\/ca\/wp-json\/wp\/v2\/media?parent=11579"}],"wp:term":[{"taxonomy":"product_cat","embeddable":true,"href":"https:\/\/crawl.es\/ca\/wp-json\/wp\/v2\/product_cat?post=11579"},{"taxonomy":"product_tag","embeddable":true,"href":"https:\/\/crawl.es\/ca\/wp-json\/wp\/v2\/product_tag?post=11579"}],"curies":[{"name":"wp","href":"https:\/\/api.w.org\/{rel}","templated":true}]}}