{"id":11604,"date":"2024-12-09T09:48:48","date_gmt":"2024-12-09T09:48:48","guid":{"rendered":"https:\/\/crawl.es\/producto\/motxilla-arena-spiky-iii-backpack-35l-allover-air-brush-crawl\/"},"modified":"2024-12-09T09:48:48","modified_gmt":"2024-12-09T09:48:48","slug":"motxilla-arena-spiky-iii-backpack-35l-allover-air-brush-crawl","status":"publish","type":"product","link":"https:\/\/crawl.es\/ca\/producto\/motxilla-arena-spiky-iii-backpack-35l-allover-air-brush-crawl\/","title":{"rendered":"Motxilla Arena Spiky III Backpack 35L Allover Air Brush | Crawl"},"content":{"rendered":"<p>Als nedadors els encanta aquesta motxilla cridanera i superelegant! La compacta, c\u00f2moda i moderna motxilla arena 35L Allover Spiky III \u00e9s ideal per a l&#8217;entrenament de nataci\u00f3, altres activitats esportives i el temps lliure. El disseny de c\u00e0rrega superior fa que sigui molt f\u00e0cil posar-hi totes les teves coses. Amb un espai\u00f3s compartiment principal, tres butxaques amb cremallera i butxaques laterals de malla. Amb compartiments de mesh i teixit repel\u00b7lent a l&#8217;aigua per mantenir la humitat sota control. El panell posterior encoixinat transpirable i les corretges a l&#8217;espatlla ergon\u00f2miques garanteixen una comoditat extraordin\u00e0ria. El fons refor\u00e7at protegeix el contingut dels terres molls. Dimensions: 46 x 30 x 23 cm, 35L<\/p>\n<p>Composici\u00f3: 100% poli\u00e8ster<\/p>\n<p>Rentat: No rentar<\/p>\n","protected":false},"excerpt":{"rendered":"<p>Descobreix la motxilla Arena Spiky III Backpack 35L Allover Air Brush. Compacta, c\u00f2moda i moderna, ideal per a entrenament i activitats esportives. Resistent a l&#8217;aigua.<\/p>\n","protected":false},"featured_media":11603,"comment_status":"open","ping_status":"closed","template":"","meta":[],"product_cat":[134,140],"product_tag":[],"brands":[{"id":312,"name":"ARENA","slug":"arena"}],"_links":{"self":[{"href":"https:\/\/crawl.es\/ca\/wp-json\/wp\/v2\/product\/11604"}],"collection":[{"href":"https:\/\/crawl.es\/ca\/wp-json\/wp\/v2\/product"}],"about":[{"href":"https:\/\/crawl.es\/ca\/wp-json\/wp\/v2\/types\/product"}],"replies":[{"embeddable":true,"href":"https:\/\/crawl.es\/ca\/wp-json\/wp\/v2\/comments?post=11604"}],"wp:featuredmedia":[{"embeddable":true,"href":"https:\/\/crawl.es\/ca\/wp-json\/wp\/v2\/media\/11603"}],"wp:attachment":[{"href":"https:\/\/crawl.es\/ca\/wp-json\/wp\/v2\/media?parent=11604"}],"wp:term":[{"taxonomy":"product_cat","embeddable":true,"href":"https:\/\/crawl.es\/ca\/wp-json\/wp\/v2\/product_cat?post=11604"},{"taxonomy":"product_tag","embeddable":true,"href":"https:\/\/crawl.es\/ca\/wp-json\/wp\/v2\/product_tag?post=11604"}],"curies":[{"name":"wp","href":"https:\/\/api.w.org\/{rel}","templated":true}]}}