{"id":11605,"date":"2023-10-17T15:53:43","date_gmt":"2023-10-17T15:53:43","guid":{"rendered":"https:\/\/crawl.es\/producto\/motxilla-speedo-teamster-2-0-35l-rainbow-accesoris-natacio-crawl\/"},"modified":"2023-10-17T15:53:43","modified_gmt":"2023-10-17T15:53:43","slug":"motxilla-speedo-teamster-2-0-35l-rainbow-accesoris-natacio-crawl","status":"publish","type":"product","link":"https:\/\/crawl.es\/ca\/producto\/motxilla-speedo-teamster-2-0-35l-rainbow-accesoris-natacio-crawl\/","title":{"rendered":"Motxilla Speedo Teamster 2.0 35L Rainbow | Accesoris Nataci\u00f3 | Crawl"},"content":{"rendered":"<p>La motxilla Speedo Teamster 2.0 35L Rainbow inclou amplis butxaques laterals, capacitat d&#8217;emmagatzematge de 35 litres, portaampolles de malla i fins i tot una butxaca per al port\u00e0til. \u00c9s molt duradora i inclou una base impermeable i una coberta exterior resistent a l&#8217;abrasi\u00f3 per a m\u00e9s tranquil\u00b7litat al vestidor i m\u00e9s enll\u00e0.<\/p>\n<p>Les amples butxaques laterals augmenten la seva capacitat d&#8217;emmagatzematge, oferint una coberta duradora i resistent a l&#8217;abrasi\u00f3 i un fons impermeable, la qual cosa la fa adequada per portar a qualsevol lloc. La butxaca per al port\u00e0til amb relleu protegeix les cantonades del teu port\u00e0til.<\/p>\n<p>Dimensions: Llarg: 508 mm x Ample: 432 mm<\/p>\n<p>Capacitat: 35 L<\/p>\n","protected":false},"excerpt":{"rendered":"<p>Motxilla Speedo Teamster 2.0 35L Rainbow, disseny acolorit i funcional. Amplis compartiments, fons resistent a l&#8217;aigua, ideal per a nedadors i entrenaments.<\/p>\n","protected":false},"featured_media":6517,"comment_status":"open","ping_status":"closed","template":"","meta":[],"product_cat":[134,140],"product_tag":[],"brands":[{"id":307,"name":"Speedo","slug":"speedo"}],"_links":{"self":[{"href":"https:\/\/crawl.es\/ca\/wp-json\/wp\/v2\/product\/11605"}],"collection":[{"href":"https:\/\/crawl.es\/ca\/wp-json\/wp\/v2\/product"}],"about":[{"href":"https:\/\/crawl.es\/ca\/wp-json\/wp\/v2\/types\/product"}],"replies":[{"embeddable":true,"href":"https:\/\/crawl.es\/ca\/wp-json\/wp\/v2\/comments?post=11605"}],"wp:featuredmedia":[{"embeddable":true,"href":"https:\/\/crawl.es\/ca\/wp-json\/wp\/v2\/media\/6517"}],"wp:attachment":[{"href":"https:\/\/crawl.es\/ca\/wp-json\/wp\/v2\/media?parent=11605"}],"wp:term":[{"taxonomy":"product_cat","embeddable":true,"href":"https:\/\/crawl.es\/ca\/wp-json\/wp\/v2\/product_cat?post=11605"},{"taxonomy":"product_tag","embeddable":true,"href":"https:\/\/crawl.es\/ca\/wp-json\/wp\/v2\/product_tag?post=11605"}],"curies":[{"name":"wp","href":"https:\/\/api.w.org\/{rel}","templated":true}]}}