{"id":11618,"date":"2024-12-09T10:32:15","date_gmt":"2024-12-09T10:32:15","guid":{"rendered":"https:\/\/crawl.es\/producto\/banyador-arena-powerskin-st-next-classic-navy-dona-crawl\/"},"modified":"2024-12-09T10:32:15","modified_gmt":"2024-12-09T10:32:15","slug":"banyador-arena-powerskin-st-next-classic-navy-dona-crawl","status":"publish","type":"product","link":"https:\/\/crawl.es\/ca\/producto\/banyador-arena-powerskin-st-next-classic-navy-dona-crawl\/","title":{"rendered":"Banyador Arena Powerskin ST Next Classic Navy Dona | Crawl"},"content":{"rendered":"<p>La tecnologia del nou banyador de competici\u00f3 fabricat amb nil\u00f3 regenerat per\u00f2 en un disseny est\u00e0ndard d&#8217;una pe\u00e7a. El nostre banyador per a dona Powerskin ST Next Classic est\u00e0 fabricat amb un 60 % d&#8217;Econyl\u00ae, un nil\u00f3 reciclat que \u00e9s lleuger i minimitza l&#8217;absorci\u00f3 d&#8217;aigua, al mateix temps que ofereix una compressi\u00f3 flexible i duradora. Confeccionat meticulosament amb elements de disseny intel\u00b7ligents, com costures planes i un disseny de tirants especialitzat, aquest banyador garanteix comoditat i rendiment d&#8217;alt nivell.<\/p>\n<p>\u00a0<\/p>\n<p>Caracter\u00edstiques destacables: \u2013 G\u00e8nere: Dona. \u2013 Composici\u00f3 del material: 71% Poliamida, 29% Elast\u00e0. \u2013 60% de teixit reciclat: Innovador teixit fabricat parcialment amb materials reciclats. \u2013 Costures planes: Teixit unit costat a costat amb costures planes per evitar volum. \u2013 Protecci\u00f3 UV 50+: Proporciona m\u00e0xima protecci\u00f3 solar. \u2013 Assecat r\u00e0pid: Material d&#8217;assecat r\u00e0pid per a m\u00e9s comoditat.<\/p>\n<p>Instruccions de cura: \u2013 Esbandir en aigua dol\u00e7a despr\u00e9s d&#8217;usar. \u2013 No deixar el banyador humit dins d&#8217;una bossa o embolcall tancat durant molt de temps. \u2013 No deixar el banyador humit exposat al sol durant molt de temps dins d&#8217;una bossa o embolcall tancat. \u2013 Rentar amb sabons per a roba delicada. \u2013 Deixar assecar de forma natural allunyat de tota font de calor. \u2013 Seguir les instruccions de rentat indicades a l&#8217;etiqueta de la pe\u00e7a.<\/p>\n<p>\u00das recomanat: Creat per a la precisi\u00f3 i el rendiment hidrodin\u00e0mic a l&#8217;aigua. Ideal per a nedadores de competici\u00f3 que busquen un banyador d&#8217;alt rendiment i durador.<\/p>\n<p>No perdis l&#8217;oportunitat d&#8217;adquirir el Banyador Arena Powerskin ST Next Classic Dona de CRAWL. Compra ara i porta el teu rendiment a la nataci\u00f3 al seg\u00fcent nivell!<\/p>\n","protected":false},"excerpt":{"rendered":"<p>Descobreix el Banyador Arena Powerskin ST Next Classic Navy Dona. Fabricat amb Econyl\u00ae reciclat, ofereix comoditat, assecat r\u00e0pid i protecci\u00f3 UV 50+. Ideal per a competici\u00f3.<\/p>\n","protected":false},"featured_media":11614,"comment_status":"open","ping_status":"closed","template":"","meta":[],"product_cat":[227,232],"product_tag":[],"brands":[{"id":312,"name":"ARENA","slug":"arena"}],"_links":{"self":[{"href":"https:\/\/crawl.es\/ca\/wp-json\/wp\/v2\/product\/11618"}],"collection":[{"href":"https:\/\/crawl.es\/ca\/wp-json\/wp\/v2\/product"}],"about":[{"href":"https:\/\/crawl.es\/ca\/wp-json\/wp\/v2\/types\/product"}],"replies":[{"embeddable":true,"href":"https:\/\/crawl.es\/ca\/wp-json\/wp\/v2\/comments?post=11618"}],"wp:featuredmedia":[{"embeddable":true,"href":"https:\/\/crawl.es\/ca\/wp-json\/wp\/v2\/media\/11614"}],"wp:attachment":[{"href":"https:\/\/crawl.es\/ca\/wp-json\/wp\/v2\/media?parent=11618"}],"wp:term":[{"taxonomy":"product_cat","embeddable":true,"href":"https:\/\/crawl.es\/ca\/wp-json\/wp\/v2\/product_cat?post=11618"},{"taxonomy":"product_tag","embeddable":true,"href":"https:\/\/crawl.es\/ca\/wp-json\/wp\/v2\/product_tag?post=11618"}],"curies":[{"name":"wp","href":"https:\/\/api.w.org\/{rel}","templated":true}]}}