{"id":11623,"date":"2024-12-09T10:42:45","date_gmt":"2024-12-09T10:42:45","guid":{"rendered":"https:\/\/crawl.es\/producto\/bossa-zoggs-cordura-carry-shoulder-duffle-bag-blau-crawl\/"},"modified":"2024-12-09T10:42:45","modified_gmt":"2024-12-09T10:42:45","slug":"bossa-zoggs-cordura-carry-shoulder-duffle-bag-blau-crawl","status":"publish","type":"product","link":"https:\/\/crawl.es\/ca\/producto\/bossa-zoggs-cordura-carry-shoulder-duffle-bag-blau-crawl\/","title":{"rendered":"Bossa Zoggs Cordura Carry Shoulder Duffle Bag Blau | Crawl"},"content":{"rendered":"<p>La Bossa Zoggs Cordura Carry Shoulder Duffle Bag de color blau \u00e9s una bossa d&#8217;espatlla minimalista i lleugera amb un disseny esportiu per\u00f2 tradicional. \u00c9s perfecta per a utilitzar com a bossa de gimn\u00e0s regular, a m\u00e9s de portar el teu vestit de bany i altres equips com aletes.<\/p>\n<p>\u00a0<\/p>\n<p>Inclou una corretja llarga per a l&#8217;espatlla i tamb\u00e9 dues nanses per portar. T\u00e9 dues grans butxaques laterals amb cremallera que s\u00f3n ideals per guardar ulleres o articles solts.<\/p>\n<p>\u00a0<\/p>\n<p>Caracter\u00edstiques Principals:<\/p>\n<p>&#8211; Color: Blau<\/p>\n<p>&#8211; Refer\u00e8ncia: 465298<\/p>\n<p>&#8211; Lleugera i minimalista<\/p>\n<p>&#8211; Disseny esportiu i tradicional<\/p>\n<p>&#8211; Corretja llarga per a l&#8217;espatlla i dues nanses<\/p>\n<p>&#8211; Dues grans butxaques laterals amb cremallera<\/p>\n<p>&#8211; Ideal per portar equip de nataci\u00f3 i gimn\u00e0s<\/p>\n<p>\u00a0<\/p>\n<p>\u00das Recomanat:<\/p>\n<p>Perfecta per a nedadors i entusiastes del gimn\u00e0s que busquen una bossa duradora i funcional per portar el seu equip.<\/p>\n<p>\u00a0<\/p>\n","protected":false},"excerpt":{"rendered":"<p>Descobreix la Bossa Zoggs Cordura Carry Shoulder Duffle Bag de color blau. Lleugera, minimalista i esportiva, amb amplis butxaques laterals i corretja per a l&#8217;espatlla. Crawl<\/p>\n<p>REF: 465298<\/p>\n","protected":false},"featured_media":11622,"comment_status":"open","ping_status":"closed","template":"","meta":[],"product_cat":[134,140],"product_tag":[],"brands":[{"id":24,"name":"Zoggs","slug":"zoggs"}],"_links":{"self":[{"href":"https:\/\/crawl.es\/ca\/wp-json\/wp\/v2\/product\/11623"}],"collection":[{"href":"https:\/\/crawl.es\/ca\/wp-json\/wp\/v2\/product"}],"about":[{"href":"https:\/\/crawl.es\/ca\/wp-json\/wp\/v2\/types\/product"}],"replies":[{"embeddable":true,"href":"https:\/\/crawl.es\/ca\/wp-json\/wp\/v2\/comments?post=11623"}],"wp:featuredmedia":[{"embeddable":true,"href":"https:\/\/crawl.es\/ca\/wp-json\/wp\/v2\/media\/11622"}],"wp:attachment":[{"href":"https:\/\/crawl.es\/ca\/wp-json\/wp\/v2\/media?parent=11623"}],"wp:term":[{"taxonomy":"product_cat","embeddable":true,"href":"https:\/\/crawl.es\/ca\/wp-json\/wp\/v2\/product_cat?post=11623"},{"taxonomy":"product_tag","embeddable":true,"href":"https:\/\/crawl.es\/ca\/wp-json\/wp\/v2\/product_tag?post=11623"}],"curies":[{"name":"wp","href":"https:\/\/api.w.org\/{rel}","templated":true}]}}