{"id":11624,"date":"2023-10-17T16:46:12","date_gmt":"2023-10-17T16:46:12","guid":{"rendered":"https:\/\/crawl.es\/producto\/motxilla-turbo-phoenix-34l-accessoris-natacio-crawl\/"},"modified":"2023-10-17T16:46:12","modified_gmt":"2023-10-17T16:46:12","slug":"motxilla-turbo-phoenix-34l-accessoris-natacio-crawl","status":"publish","type":"product","link":"https:\/\/crawl.es\/ca\/producto\/motxilla-turbo-phoenix-34l-accessoris-natacio-crawl\/","title":{"rendered":"Motxilla Turbo Phoenix 34L | Accessoris Nataci\u00f3 Crawl"},"content":{"rendered":"<p>Les motxilles Turbo s\u00f3n la tria perfecta per als nedadors i entusiastes dels esports aqu\u00e0tics que necessiten una motxilla duradora i fiable per portar el seu equip. Fabricades amb poli\u00e8ster, nil\u00f3 i altres materials de primera qualitat, tots ells materials resistents a l&#8217;aigua, les motxilles Turbo estan dissenyades per suportar les condicions m\u00e9s dures i mantenir les teves pertinences segures i seques. Gr\u00e0cies a la seva gran capacitat i els seus m\u00faltiples compartiments, les motxilles Turbo ofereixen un ampli espai per guardar tot l&#8217;equip de nataci\u00f3, incloses les ulleres de nataci\u00f3, les sand\u00e0lies, les tovalloles i els banyadors. Les motxilles estan especialment dissenyades per satisfer les necessitats dels nedadors, garantint que tot el seu equip estigui organitzat i sigui f\u00e0cilment accessible.<\/p>\n<p>\u00a0<\/p>\n<p>Caracter\u00edstiques de les Motxilles Turbo:<\/p>\n<p>Materials d&#8217;Alta Qualitat: Fabricades amb poli\u00e8ster, nil\u00f3 i altres materials resistents a l&#8217;aigua.<\/p>\n<p>Gran Capacitat: Ampli espai per guardar tot l&#8217;equip de nataci\u00f3.<\/p>\n<p>Compartiments M\u00faltiples: Faciliten l&#8217;organitzaci\u00f3 de l&#8217;equip.<\/p>\n<p>Corretges Ajustables: Permeten portar-les c\u00f2modament i transportar-les amb facilitat.<\/p>\n<p>Construcci\u00f3 Resistent a l&#8217;Aigua: Garanteix que l&#8217;interior es mantingui sec.<\/p>\n<p>\u00a0<\/p>\n<p>Les motxilles Turbo s\u00f3n perfectes per a una \u00e0mplia gamma d&#8217;esports aqu\u00e0tics, com la nataci\u00f3, el waterpolo, el busseig, el triatl\u00f3, etc. La seva construcci\u00f3 resistent a l&#8217;aigua garanteix que l&#8217;interior es mantingui sec, fins i tot quan estiguin exposades a l&#8217;aigua o a la humitat. Les motxilles tamb\u00e9 compten amb corretges ajustables per portar-les c\u00f2modament i transportar-les amb facilitat. El que diferencia les motxilles Turbo d&#8217;altres motxilles del mercat \u00e9s la seva excepcional qualitat i durabilitat, la qual cosa les converteix en una excel\u00b7lent inversi\u00f3 per als nedadors que necessiten una motxilla fiable i duradora. Tenen un preu competitiu, cosa que les fa una opci\u00f3 assequible per a aquells que busquen una motxilla d&#8217;alta qualitat a bon preu.<\/p>\n","protected":false},"excerpt":{"rendered":"<p>Motxilla Turbo Phoenix 34L, resistent i amb gran capacitat. Disseny ergon\u00f2mic, ideal per a nedadors i entrenaments. Comoditat i durabilitat assegurades.<\/p>\n","protected":false},"featured_media":6534,"comment_status":"open","ping_status":"closed","template":"","meta":[],"product_cat":[134,140],"product_tag":[],"brands":[{"id":22,"name":"Turbo","slug":"turbo"}],"_links":{"self":[{"href":"https:\/\/crawl.es\/ca\/wp-json\/wp\/v2\/product\/11624"}],"collection":[{"href":"https:\/\/crawl.es\/ca\/wp-json\/wp\/v2\/product"}],"about":[{"href":"https:\/\/crawl.es\/ca\/wp-json\/wp\/v2\/types\/product"}],"replies":[{"embeddable":true,"href":"https:\/\/crawl.es\/ca\/wp-json\/wp\/v2\/comments?post=11624"}],"wp:featuredmedia":[{"embeddable":true,"href":"https:\/\/crawl.es\/ca\/wp-json\/wp\/v2\/media\/6534"}],"wp:attachment":[{"href":"https:\/\/crawl.es\/ca\/wp-json\/wp\/v2\/media?parent=11624"}],"wp:term":[{"taxonomy":"product_cat","embeddable":true,"href":"https:\/\/crawl.es\/ca\/wp-json\/wp\/v2\/product_cat?post=11624"},{"taxonomy":"product_tag","embeddable":true,"href":"https:\/\/crawl.es\/ca\/wp-json\/wp\/v2\/product_tag?post=11624"}],"curies":[{"name":"wp","href":"https:\/\/api.w.org\/{rel}","templated":true}]}}