{"id":11628,"date":"2024-12-09T11:13:54","date_gmt":"2024-12-09T11:13:54","guid":{"rendered":"https:\/\/crawl.es\/producto\/motxilla-turbo-draco-30l-blau-mari-vermell-crawl\/"},"modified":"2024-12-09T11:13:54","modified_gmt":"2024-12-09T11:13:54","slug":"motxilla-turbo-draco-30l-blau-mari-vermell-crawl","status":"publish","type":"product","link":"https:\/\/crawl.es\/ca\/producto\/motxilla-turbo-draco-30l-blau-mari-vermell-crawl\/","title":{"rendered":"Motxilla Turbo Draco 30L Blau Mar\u00ed\/Vermell | Crawl"},"content":{"rendered":"<p>La motxilla Turbo Draco 30L en color mar\u00ed i vermell \u00e9s ideal per portar a la piscina o a qualsevol lloc. C\u00f2moda i molt pr\u00e0ctica, compta amb un compartiment per a sabatilles amb reixeta de pl\u00e0stic al frontal per a m\u00e0xima ventilaci\u00f3. Aquesta motxilla totalment nova i millorada inclou cremalleres m\u00e9s gruixudes i resistents, un mosquet\u00f3 lateral i dos ganxos per penjar el casc de bicicleta o el que se t&#8217;ocorri. \u00c9s ideal per a qualsevol club.<\/p>\n<p>\u00a0<\/p>\n<p>Caracter\u00edstiques Principals:<\/p>\n<p>Color: Mar\u00ed\/Vermell<\/p>\n<p>Refer\u00e8ncia: 98022<\/p>\n<p>Sabatiller amb reixeta de pl\u00e0stic per a ventilaci\u00f3 m\u00e0xima<\/p>\n<p>Cremalleres gruixudes i resistents<\/p>\n<p>Mosquet\u00f3 lateral<\/p>\n<p>Dos ganxos per penjar el casc de bicicleta<\/p>\n<p>Resistent i duradora<\/p>\n<p>Lleugera i confortable<\/p>\n<p>Color viu i atractiu<\/p>\n<p>\u00a0<\/p>\n<p>\u00das Recomenat: Perfecta per a qualsevol esport, la Motxilla Turbo Draco 30L \u00e9s una opci\u00f3 resistent i duradora per als nedadors i esportistes que busquen practicitat i confort.<\/p>\n","protected":false},"excerpt":{"rendered":"<p>\u00a0<\/p>\n<p>Descobreix la Motxilla Turbo Draco 30L en color mar\u00ed i vermell. C\u00f2moda, pr\u00e0ctica i duradora, amb compartiment ventilat per a sabatilles i ganxos per al casc.<\/p>\n","protected":false},"featured_media":11627,"comment_status":"open","ping_status":"closed","template":"","meta":[],"product_cat":[134,140],"product_tag":[],"brands":[{"id":22,"name":"Turbo","slug":"turbo"}],"_links":{"self":[{"href":"https:\/\/crawl.es\/ca\/wp-json\/wp\/v2\/product\/11628"}],"collection":[{"href":"https:\/\/crawl.es\/ca\/wp-json\/wp\/v2\/product"}],"about":[{"href":"https:\/\/crawl.es\/ca\/wp-json\/wp\/v2\/types\/product"}],"replies":[{"embeddable":true,"href":"https:\/\/crawl.es\/ca\/wp-json\/wp\/v2\/comments?post=11628"}],"wp:featuredmedia":[{"embeddable":true,"href":"https:\/\/crawl.es\/ca\/wp-json\/wp\/v2\/media\/11627"}],"wp:attachment":[{"href":"https:\/\/crawl.es\/ca\/wp-json\/wp\/v2\/media?parent=11628"}],"wp:term":[{"taxonomy":"product_cat","embeddable":true,"href":"https:\/\/crawl.es\/ca\/wp-json\/wp\/v2\/product_cat?post=11628"},{"taxonomy":"product_tag","embeddable":true,"href":"https:\/\/crawl.es\/ca\/wp-json\/wp\/v2\/product_tag?post=11628"}],"curies":[{"name":"wp","href":"https:\/\/api.w.org\/{rel}","templated":true}]}}