{"id":11630,"date":"2023-10-16T15:50:35","date_gmt":"2023-10-16T15:50:35","guid":{"rendered":"https:\/\/crawl.es\/producto\/motxilla-arena-spiky-iii-45l-dahlia-accessoris-natacio-crawl\/"},"modified":"2023-10-16T15:50:35","modified_gmt":"2023-10-16T15:50:35","slug":"motxilla-arena-spiky-iii-45l-dahlia-accessoris-natacio-crawl","status":"publish","type":"product","link":"https:\/\/crawl.es\/ca\/producto\/motxilla-arena-spiky-iii-45l-dahlia-accessoris-natacio-crawl\/","title":{"rendered":"Motxilla Arena Spiky III 45L Dahlia | Accessoris Nataci\u00f3 | Crawl"},"content":{"rendered":"<p>Tal com suggereix el seu nom, la nostra motxilla Spiky III d&#8217;estampat integral 45 pot emmagatzemar fins a 45 litres. Amb un disseny de c\u00e0rrega superior que facilita l&#8217;acc\u00e9s i l&#8217;organitzaci\u00f3, aquesta bossa t\u00e9 compartiments de malla per mantenir la humitat sota control despr\u00e9s de nedar o fer exercici. El teixit repel\u00b7lent a l&#8217;aigua i el fons refor\u00e7at protegeixen la teva bossa i el seu contingut de caigudes i terres molls. Les m\u00faltiples butxaques garanteixen que hi hagi un lloc segur per a tots els teus objectes, i la bossa de nataci\u00f3 \u00e9s perfecta per guardar el teu equip de nataci\u00f3. Tria entre una gamma d&#8217;estampats frescos i d&#8217;alt octanatge.<\/p>\n<p>\u00a0<\/p>\n<p>Caracter\u00edstiques Principals:<\/p>\n<p>Fons refor\u00e7at: Protegeix la teva bossa o motxilla del desgast i assegura que es mantingui en posici\u00f3 vertical quan la deixis a terra.<\/p>\n<p>Repel\u00b7lent a l&#8217;aigua: Tractada per eliminar l&#8217;aigua abans que penetri.<\/p>\n<p>Corretja per a carret de m\u00e0: Una pe\u00e7a extra de material incorporada a la bossa per assegurar-la f\u00e0cilment sobre el m\u00e0nec d&#8217;un carret.<\/p>\n<p>\u00a0<\/p>\n<p>\u00das Recomanat: Ideal per a nedadors i entrenaments, la Motxilla Arena Spiky III 45L \u00e9s una excel\u00b7lent opci\u00f3 per a qualsevol activitat aqu\u00e0tica.<\/p>\n","protected":false},"excerpt":{"rendered":"<p>Motxilla Arena Spiky III 45L Dahlia, espaiosa i resistent. Ideal per a nedadors amb compartiments amplis i disseny c\u00f2mode per a entrenaments i competicions.<\/p>\n","protected":false},"featured_media":9469,"comment_status":"open","ping_status":"closed","template":"","meta":[],"product_cat":[134,140],"product_tag":[],"brands":[{"id":312,"name":"ARENA","slug":"arena"}],"_links":{"self":[{"href":"https:\/\/crawl.es\/ca\/wp-json\/wp\/v2\/product\/11630"}],"collection":[{"href":"https:\/\/crawl.es\/ca\/wp-json\/wp\/v2\/product"}],"about":[{"href":"https:\/\/crawl.es\/ca\/wp-json\/wp\/v2\/types\/product"}],"replies":[{"embeddable":true,"href":"https:\/\/crawl.es\/ca\/wp-json\/wp\/v2\/comments?post=11630"}],"wp:featuredmedia":[{"embeddable":true,"href":"https:\/\/crawl.es\/ca\/wp-json\/wp\/v2\/media\/9469"}],"wp:attachment":[{"href":"https:\/\/crawl.es\/ca\/wp-json\/wp\/v2\/media?parent=11630"}],"wp:term":[{"taxonomy":"product_cat","embeddable":true,"href":"https:\/\/crawl.es\/ca\/wp-json\/wp\/v2\/product_cat?post=11630"},{"taxonomy":"product_tag","embeddable":true,"href":"https:\/\/crawl.es\/ca\/wp-json\/wp\/v2\/product_tag?post=11630"}],"curies":[{"name":"wp","href":"https:\/\/api.w.org\/{rel}","templated":true}]}}