{"id":11633,"date":"2024-11-22T11:47:31","date_gmt":"2024-11-22T11:47:31","guid":{"rendered":"https:\/\/crawl.es\/producto\/motxilla-infantil-rosa-butterfly-impermeable-crawl\/"},"modified":"2024-11-22T11:47:31","modified_gmt":"2024-11-22T11:47:31","slug":"motxilla-infantil-rosa-butterfly-impermeable-crawl","status":"publish","type":"product","link":"https:\/\/crawl.es\/ca\/producto\/motxilla-infantil-rosa-butterfly-impermeable-crawl\/","title":{"rendered":"Motxilla Infantil Rosa Butterfly Impermeable | Crawl"},"content":{"rendered":"<p>Pr\u00e0ctica motxilla infantil, impermeable i amb ribet de PVC.<\/p>\n<p>Confeccionada amb tela Oxford Ripstop 600D resistent a l&#8217;aigua. La motxilla es tanca amb una cremallera a la part superior i tirador PARK CITY de goma c\u00f2mode per als nens.<\/p>\n<p>2 butxaques laterals de malla transpirable i extra ventilada i una a la part frontal, que tenen tancament de cremallera i tirador PARK CITY de goma.<\/p>\n<p>Nansa superior per facilitar penjar-la. Disseny infantil i divertit.<\/p>\n<p>Nanses d&#8217;espatlla amples, ergon\u00f2miques i encoixinades, que s&#8217;adapten perfectament a l&#8217;esquena, amb reflectants a nivell del pit i tancament r\u00e0pid ajustable tipus clip. F\u00e0cil de netejar amb drap humit. Per a taques dif\u00edcils, utilitzar una mica de sab\u00f3 neutre.<\/p>\n<p>Teixit exterior Oxford Ripstop 600D 100%.<\/p>\n<p>Mides: 31 x 11 x 30 cm.<\/p>\n","protected":false},"excerpt":{"rendered":"<p>Motxilla rosa Butterfly per a nens, fabricada amb tela Oxford Ripstop resistent a l&#8217;aigua. Inclou butxaques laterals ventilats, nanses ergon\u00f2miques i reflectants, i un disseny infantil i divertit. Perfecta per a l&#8217;escola i activitats a l&#8217;aire lliure.<\/p>\n","protected":false},"featured_media":11042,"comment_status":"open","ping_status":"closed","template":"","meta":[],"product_cat":[],"product_tag":[],"brands":[{"id":417,"name":"Park City","slug":"park-city"}],"_links":{"self":[{"href":"https:\/\/crawl.es\/ca\/wp-json\/wp\/v2\/product\/11633"}],"collection":[{"href":"https:\/\/crawl.es\/ca\/wp-json\/wp\/v2\/product"}],"about":[{"href":"https:\/\/crawl.es\/ca\/wp-json\/wp\/v2\/types\/product"}],"replies":[{"embeddable":true,"href":"https:\/\/crawl.es\/ca\/wp-json\/wp\/v2\/comments?post=11633"}],"wp:featuredmedia":[{"embeddable":true,"href":"https:\/\/crawl.es\/ca\/wp-json\/wp\/v2\/media\/11042"}],"wp:attachment":[{"href":"https:\/\/crawl.es\/ca\/wp-json\/wp\/v2\/media?parent=11633"}],"wp:term":[{"taxonomy":"product_cat","embeddable":true,"href":"https:\/\/crawl.es\/ca\/wp-json\/wp\/v2\/product_cat?post=11633"},{"taxonomy":"product_tag","embeddable":true,"href":"https:\/\/crawl.es\/ca\/wp-json\/wp\/v2\/product_tag?post=11633"}],"curies":[{"name":"wp","href":"https:\/\/api.w.org\/{rel}","templated":true}]}}