{"id":11635,"date":"2024-11-22T11:37:24","date_gmt":"2024-11-22T11:37:24","guid":{"rendered":"https:\/\/crawl.es\/producto\/motxilla-infantil-verda-frog-impermeable-crawl\/"},"modified":"2024-12-11T09:49:47","modified_gmt":"2024-12-11T09:49:47","slug":"motxilla-infantil-verda-frog-impermeable-crawl","status":"publish","type":"product","link":"https:\/\/crawl.es\/ca\/producto\/motxilla-infantil-verda-frog-impermeable-crawl\/","title":{"rendered":"Motxilla Infantil Verda Frog Impermeable | Crawl"},"content":{"rendered":"<p>Pr\u00e0ctica motxilla infantil, impermeable i amb rivet de PVC.<\/p>\n<p>Confeccionada amb tela Oxford Ripstop 600D resistent a l&#8217;aigua. La motxilla es tanca amb una cremallera a la part superior i tirador PARK CITY de goma c\u00f2mode per als nens.<\/p>\n<p>2 butxaques laterals en malla transpirable i extra ventilada i una a la part davantera, que tenen tancament de cremallera i tirador PARK CITY de goma.<\/p>\n<p>Nansa superior per facilitar penjar-la. Disseny infantil i divertit.<\/p>\n<p>Nanses d&#8217;espatlles amples, ergon\u00f2miques i encoixinades, que s&#8217;adapten perfectament a l&#8217;esquena, amb reflectants a nivell del pit i tancament r\u00e0pid ajustable tipus clip.<\/p>\n<p>F\u00e0cil de netejar amb un drap humit. Per a taques dif\u00edcils, utilitzar una mica de sab\u00f3 neutre.<\/p>\n<p>Teixit exterior Oxford Ripstop 600D 100%.<\/p>\n<p>Mesures: 31 x 11 x 30 cm.<\/p>\n<p>\u00a0<\/p>\n","protected":false},"excerpt":{"rendered":"<p>La motxilla verda Frog \u00e9s perfecta per a nens. Confeccionada amb tela Oxford Ripstop resistent a l&#8217;aigua, compta amb m\u00faltiples butxaques, nanses ergon\u00f2miques i reflectants per a una major seguretat. Ideal per al dia a dia escolar o activitats a l&#8217;aire lliure.<\/p>\n<p>Mides: 31 x 11 x 30 cm<\/p>\n","protected":false},"featured_media":11019,"comment_status":"open","ping_status":"closed","template":"","meta":[],"product_cat":[134,140],"product_tag":[],"brands":[{"id":417,"name":"Park City","slug":"park-city"}],"_links":{"self":[{"href":"https:\/\/crawl.es\/ca\/wp-json\/wp\/v2\/product\/11635"}],"collection":[{"href":"https:\/\/crawl.es\/ca\/wp-json\/wp\/v2\/product"}],"about":[{"href":"https:\/\/crawl.es\/ca\/wp-json\/wp\/v2\/types\/product"}],"replies":[{"embeddable":true,"href":"https:\/\/crawl.es\/ca\/wp-json\/wp\/v2\/comments?post=11635"}],"wp:featuredmedia":[{"embeddable":true,"href":"https:\/\/crawl.es\/ca\/wp-json\/wp\/v2\/media\/11019"}],"wp:attachment":[{"href":"https:\/\/crawl.es\/ca\/wp-json\/wp\/v2\/media?parent=11635"}],"wp:term":[{"taxonomy":"product_cat","embeddable":true,"href":"https:\/\/crawl.es\/ca\/wp-json\/wp\/v2\/product_cat?post=11635"},{"taxonomy":"product_tag","embeddable":true,"href":"https:\/\/crawl.es\/ca\/wp-json\/wp\/v2\/product_tag?post=11635"}],"curies":[{"name":"wp","href":"https:\/\/api.w.org\/{rel}","templated":true}]}}