{"id":11640,"date":"2023-04-24T10:29:54","date_gmt":"2023-04-24T10:29:54","guid":{"rendered":"https:\/\/crawl.es\/producto\/motxilla-zoggs-cordura-bag-crawl\/"},"modified":"2023-04-24T10:29:54","modified_gmt":"2023-04-24T10:29:54","slug":"motxilla-zoggs-cordura-bag-crawl","status":"publish","type":"product","link":"https:\/\/crawl.es\/ca\/producto\/motxilla-zoggs-cordura-bag-crawl\/","title":{"rendered":"Motxilla Zoggs Cordura Bag | CRAWL"},"content":{"rendered":"<p>La Motxilla Cordura Bag 465298 \u00e9s una bossa d&#8217;espatlla lleugera i minimalista amb un disseny esportiu i tradicional. Perfecta per a utilitzar com a bossa de gimn\u00e0s regular i tamb\u00e9 per portar el teu vestit de bany i altres equips com aletes.<\/p>\n<p>\u00a0<\/p>\n<p>Caracter\u00edstiques destacables:<\/p>\n<p>Disseny minimalista i lleuger: Facilita el transport i l&#8217;emmagatzematge.<\/p>\n<p>Material resistent: Fet de Cordura, coneguda per la seva durabilitat.<\/p>\n<p>Corretja llarga i dues nanses: Ofereixen m\u00faltiples opcions per portar-la c\u00f2modament.<\/p>\n<p>Dos butxaques laterals amb cremallera: Ideals per guardar ulleres de nataci\u00f3 o altres articles solts.<\/p>\n<p>Versatilitat: Adequada tant per al gimn\u00e0s com per a la nataci\u00f3.<\/p>\n<p>\u00das recomanat: Perfecta per a atletes i persones actives que busquen una bossa vers\u00e0til i duradora per a les seves activitats di\u00e0ries. Ideal per portar roba d&#8217;entrenament, equip de nataci\u00f3 i altres accessoris essencials.<\/p>\n<p>\u00a0<\/p>\n<p>No perdis l&#8217;oportunitat d&#8217;adquirir la Motxilla Cordura Bag 465298 de CRAWL. Compra ara i gaudeix de la comoditat i funcionalitat en els teus entrenaments i sessions de nataci\u00f3!<\/p>\n","protected":false},"excerpt":{"rendered":"<p>Compra la Motxilla Cordura Bag a CRAWL. Lleugera, resistent i perfecta per al gimn\u00e0s i la nataci\u00f3. Inclou butxaques laterals amb cremallera i corretja llarga.<\/p>\n<p>REF: 465298<\/p>\n","protected":false},"featured_media":6297,"comment_status":"open","ping_status":"closed","template":"","meta":[],"product_cat":[134,140],"product_tag":[],"brands":[{"id":24,"name":"Zoggs","slug":"zoggs"}],"_links":{"self":[{"href":"https:\/\/crawl.es\/ca\/wp-json\/wp\/v2\/product\/11640"}],"collection":[{"href":"https:\/\/crawl.es\/ca\/wp-json\/wp\/v2\/product"}],"about":[{"href":"https:\/\/crawl.es\/ca\/wp-json\/wp\/v2\/types\/product"}],"replies":[{"embeddable":true,"href":"https:\/\/crawl.es\/ca\/wp-json\/wp\/v2\/comments?post=11640"}],"wp:featuredmedia":[{"embeddable":true,"href":"https:\/\/crawl.es\/ca\/wp-json\/wp\/v2\/media\/6297"}],"wp:attachment":[{"href":"https:\/\/crawl.es\/ca\/wp-json\/wp\/v2\/media?parent=11640"}],"wp:term":[{"taxonomy":"product_cat","embeddable":true,"href":"https:\/\/crawl.es\/ca\/wp-json\/wp\/v2\/product_cat?post=11640"},{"taxonomy":"product_tag","embeddable":true,"href":"https:\/\/crawl.es\/ca\/wp-json\/wp\/v2\/product_tag?post=11640"}],"curies":[{"name":"wp","href":"https:\/\/api.w.org\/{rel}","templated":true}]}}