{"id":11643,"date":"2023-04-24T09:56:24","date_gmt":"2023-04-24T09:56:24","guid":{"rendered":"https:\/\/crawl.es\/producto\/motxilla-zoggs-cordura-back-pack-crawl\/"},"modified":"2023-04-24T09:56:24","modified_gmt":"2023-04-24T09:56:24","slug":"motxilla-zoggs-cordura-back-pack-crawl","status":"publish","type":"product","link":"https:\/\/crawl.es\/ca\/producto\/motxilla-zoggs-cordura-back-pack-crawl\/","title":{"rendered":"Motxilla Zoggs Cordura Back Pack | CRAWL"},"content":{"rendered":"<p>La Motxilla Cordura Back Pack 465297 \u00e9s una motxilla extremadament lleugera amb un disseny esportiu i minimalista. Inclou una butxaca per a objectes m\u00e9s grans amb una doble cremallera, proporcionant facilitat d&#8217;acc\u00e9s i seguretat.<\/p>\n<p>Caracter\u00edstiques destacables:<\/p>\n<p>Disseny esportiu i minimalista: Ideal per a \u00fas diari.<\/p>\n<p>Pes lleuger: Facilita el transport i la comoditat.<\/p>\n<p>Butxaca gran amb doble cremallera: Per a un acc\u00e9s f\u00e0cil i segur a objectes m\u00e9s grans.<\/p>\n<p>Dos butxaques laterals grans: Perfectes per guardar ulleres de nataci\u00f3 o altres articles solts.<\/p>\n<p>Nanses i corretges ajustables i removibles: Ofereixen flexibilitat i comoditat.<\/p>\n<p>\u00a0<\/p>\n<p>\u00das recomanat: Perfecta per a atletes i persones actives que busquen una motxilla lleugera i vers\u00e0til per al gimn\u00e0s i activitats di\u00e0ries. Ideal per portar roba d&#8217;entrenament, equip de nataci\u00f3 i altres accessoris essencials.<\/p>\n<p>No perdis l&#8217;oportunitat d&#8217;adquirir la Motxilla Cordura Back Pack 465297 de CRAWL. Compra ara i gaudeix de la comoditat i funcionalitat en les teves activitats di\u00e0ries!<\/p>\n","protected":false},"excerpt":{"rendered":"<p>Compra la Motxilla Cordura Back Pack a CRAWL. Lleugera, esportiva i minimalista, amb butxaques laterals i corretges ajustables. Ideal per a gimn\u00e0s i activitats di\u00e0ries.<br \/>REF: 465297<\/p>\n","protected":false},"featured_media":6290,"comment_status":"open","ping_status":"closed","template":"","meta":[],"product_cat":[134,140],"product_tag":[],"brands":[{"id":24,"name":"Zoggs","slug":"zoggs"}],"_links":{"self":[{"href":"https:\/\/crawl.es\/ca\/wp-json\/wp\/v2\/product\/11643"}],"collection":[{"href":"https:\/\/crawl.es\/ca\/wp-json\/wp\/v2\/product"}],"about":[{"href":"https:\/\/crawl.es\/ca\/wp-json\/wp\/v2\/types\/product"}],"replies":[{"embeddable":true,"href":"https:\/\/crawl.es\/ca\/wp-json\/wp\/v2\/comments?post=11643"}],"wp:featuredmedia":[{"embeddable":true,"href":"https:\/\/crawl.es\/ca\/wp-json\/wp\/v2\/media\/6290"}],"wp:attachment":[{"href":"https:\/\/crawl.es\/ca\/wp-json\/wp\/v2\/media?parent=11643"}],"wp:term":[{"taxonomy":"product_cat","embeddable":true,"href":"https:\/\/crawl.es\/ca\/wp-json\/wp\/v2\/product_cat?post=11643"},{"taxonomy":"product_tag","embeddable":true,"href":"https:\/\/crawl.es\/ca\/wp-json\/wp\/v2\/product_tag?post=11643"}],"curies":[{"name":"wp","href":"https:\/\/api.w.org\/{rel}","templated":true}]}}