{"id":11649,"date":"2024-12-09T12:15:41","date_gmt":"2024-12-09T12:15:41","guid":{"rendered":"https:\/\/crawl.es\/producto\/head-training-bossa-esportiva-piscina-crawl\/"},"modified":"2026-03-05T10:01:15","modified_gmt":"2026-03-05T10:01:15","slug":"head-training-bossa-esportiva-piscina-crawl","status":"publish","type":"product","link":"https:\/\/crawl.es\/ca\/producto\/head-training-bossa-esportiva-piscina-crawl\/","title":{"rendered":"HEAD Training Bossa Esportiva Piscina | CRAWL"},"content":{"rendered":"<p>El HEAD Training Bossa Esportiva De Piscina, Unisex Adult \u00e9s una opci\u00f3 ideal per a qualsevol entusiasta de la nataci\u00f3. Aquesta bossa esportiva compta amb un tancament de cremallera que garanteix la seguretat de les teves pertinences. A m\u00e9s, inclou una butxaca impermeable que protegeix els teus articles contra l&#8217;aigua i la humitat, mantenint-los secs i segurs.<\/p>\n<p>Dimensions del producte: 5,99 x 39,8 x 46,2 cm; 798 g<\/p>\n<p>\u00a0<\/p>\n<p>Caracter\u00edstiques Principals:<\/p>\n<p>Tancament: Cremallera<\/p>\n<p>Bossa esportiva de piscina<\/p>\n<p>Amb butxaca impermeable<\/p>\n<p>Marca del producte: Head<\/p>\n<p>\u00a0<\/p>\n<p>\u00das Recomenat: Perfecta per portar tot el teu equip de nataci\u00f3 de manera organitzada i segura, ja sigui per a l&#8217;entrenament diari o per a competicions.<\/p>\n","protected":false},"excerpt":{"rendered":"<p>\u00a0<\/p>\n<p>Descobreix el HEAD Training Bossa Esportiva De Piscina, Unisex Adult. Amb tancament de cremallera i butxaca impermeable. Ideal per a nedadors. Marca: Head<\/p>\n<p>REF: 455218-LB<\/p>\n","protected":false},"featured_media":11648,"comment_status":"open","ping_status":"closed","template":"","meta":[],"product_cat":[134,140,414],"product_tag":[],"brands":[{"id":23,"name":"Head","slug":"head"}],"_links":{"self":[{"href":"https:\/\/crawl.es\/ca\/wp-json\/wp\/v2\/product\/11649"}],"collection":[{"href":"https:\/\/crawl.es\/ca\/wp-json\/wp\/v2\/product"}],"about":[{"href":"https:\/\/crawl.es\/ca\/wp-json\/wp\/v2\/types\/product"}],"replies":[{"embeddable":true,"href":"https:\/\/crawl.es\/ca\/wp-json\/wp\/v2\/comments?post=11649"}],"wp:featuredmedia":[{"embeddable":true,"href":"https:\/\/crawl.es\/ca\/wp-json\/wp\/v2\/media\/11648"}],"wp:attachment":[{"href":"https:\/\/crawl.es\/ca\/wp-json\/wp\/v2\/media?parent=11649"}],"wp:term":[{"taxonomy":"product_cat","embeddable":true,"href":"https:\/\/crawl.es\/ca\/wp-json\/wp\/v2\/product_cat?post=11649"},{"taxonomy":"product_tag","embeddable":true,"href":"https:\/\/crawl.es\/ca\/wp-json\/wp\/v2\/product_tag?post=11649"}],"curies":[{"name":"wp","href":"https:\/\/api.w.org\/{rel}","templated":true}]}}