{"id":11650,"date":"2023-01-10T17:26:49","date_gmt":"2023-01-10T17:26:49","guid":{"rendered":"https:\/\/crawl.es\/producto\/motxilla-speedo-teamster-2-0-35l-crawl\/"},"modified":"2023-01-10T17:26:49","modified_gmt":"2023-01-10T17:26:49","slug":"motxilla-speedo-teamster-2-0-35l-crawl","status":"publish","type":"product","link":"https:\/\/crawl.es\/ca\/producto\/motxilla-speedo-teamster-2-0-35l-crawl\/","title":{"rendered":"Motxilla Speedo Teamster 2.0 (35L) | CRAWL"},"content":{"rendered":"<p>La Motxilla Speedo Teamster 2.0 (35L) est\u00e0 dissenyada per oferir la m\u00e0xima funcionalitat i durabilitat. Amb abundants butxaques, un suport per a ampolles d&#8217;aigua i una funda per a ordinador port\u00e0til dedicada, aquesta motxilla \u00e9s perfecta per a atletes i viatgers que necessiten una soluci\u00f3 d&#8217;emmagatzematge fiable.<\/p>\n<p>Caracter\u00edstiques destacables:<\/p>\n<p>Amples butxaques laterals: Augmenten la capacitat d&#8217;emmagatzematge.<\/p>\n<p>Carcassa duradora i resistent a l&#8217;abrasi\u00f3: Ideal per a \u00fas intensiu.<\/p>\n<p>Fons resistent a l&#8217;aigua: Proporciona tranquil\u00b7litat als vestuaris.<\/p>\n<p>Funda per a ordinador port\u00e0til amb elevaci\u00f3 despla\u00e7ada: Protegeix les cantonades del teu ordinador port\u00e0til.<\/p>\n<p>Capacitat: 35 litres.<\/p>\n<p>\u00a0<\/p>\n<p>\u00das recomanat: Perfecta per a atletes, nedadors i viatgers que necessiten una motxilla vers\u00e0til i duradora per portar el seu equip, roba i accessoris. Ideal per al gimn\u00e0s, la piscina, viatges i activitats di\u00e0ries.<\/p>\n<p>\u00a0<\/p>\n<p>No perdis l&#8217;oportunitat d&#8217;adquirir la Motxilla Speedo Teamster 2.0 (35L) de CRAWL. Compra ara i gaudeix de la millor qualitat i funcionalitat en les teves activitats di\u00e0ries i esportives!<\/p>\n","protected":false},"excerpt":{"rendered":"<p>\u00a0<\/p>\n<p>Compra la Motxilla Speedo Teamster 2.0 (35L) a CRAWL. Duradora, amb abundants butxaques i base resistent a l&#8217;aigua. Ideal per a atletes i viatgers. Capacitat de 35 litres.<\/p>\n","protected":false},"featured_media":5929,"comment_status":"open","ping_status":"closed","template":"","meta":[],"product_cat":[134,140],"product_tag":[],"brands":[{"id":307,"name":"Speedo","slug":"speedo"}],"_links":{"self":[{"href":"https:\/\/crawl.es\/ca\/wp-json\/wp\/v2\/product\/11650"}],"collection":[{"href":"https:\/\/crawl.es\/ca\/wp-json\/wp\/v2\/product"}],"about":[{"href":"https:\/\/crawl.es\/ca\/wp-json\/wp\/v2\/types\/product"}],"replies":[{"embeddable":true,"href":"https:\/\/crawl.es\/ca\/wp-json\/wp\/v2\/comments?post=11650"}],"wp:featuredmedia":[{"embeddable":true,"href":"https:\/\/crawl.es\/ca\/wp-json\/wp\/v2\/media\/5929"}],"wp:attachment":[{"href":"https:\/\/crawl.es\/ca\/wp-json\/wp\/v2\/media?parent=11650"}],"wp:term":[{"taxonomy":"product_cat","embeddable":true,"href":"https:\/\/crawl.es\/ca\/wp-json\/wp\/v2\/product_cat?post=11650"},{"taxonomy":"product_tag","embeddable":true,"href":"https:\/\/crawl.es\/ca\/wp-json\/wp\/v2\/product_tag?post=11650"}],"curies":[{"name":"wp","href":"https:\/\/api.w.org\/{rel}","templated":true}]}}