{"id":11651,"date":"2026-02-16T11:38:08","date_gmt":"2023-12-15T11:38:08","guid":{"rendered":"https:\/\/crawl.es\/producto\/motxilla-speedo-teamster-2-0-35l-unisex-negra-accesoris-natacio-crawl\/"},"modified":"2023-12-15T11:38:08","modified_gmt":"2023-12-15T11:38:08","slug":"motxilla-speedo-teamster-2-0-35l-unisex-negra-accesoris-natacio-crawl","status":"publish","type":"product","link":"https:\/\/crawl.es\/ca\/producto\/motxilla-speedo-teamster-2-0-35l-unisex-negra-accesoris-natacio-crawl\/","title":{"rendered":"Motxilla Speedo Teamster 2.0 35L Unisex Negra | Accesoris Nataci\u00f3 CRAWL"},"content":{"rendered":"<p>La Motxilla Speedo Teamster 2.0 35L multifunci\u00f3 t\u00e9 nombroses butxaques amples, un suport per a l&#8217;ampolla d&#8217;aigua i fins i tot una funda per al port\u00e0til. \u00c9s molt duradora i inclou una base resistent a l&#8217;aigua per a la tranquil\u00b7litat que necessites als vestidors.<\/p>\n<p>\u00a0<\/p>\n<p>Caracter\u00edstiques Principals:<\/p>\n<p>Nombroses butxaques amples per a emmagatzematge.<\/p>\n<p>Suport per a ampolla d&#8217;aigua.<\/p>\n<p>Funda per a port\u00e0til.<\/p>\n<p>Base resistent a l&#8217;aigua per a major seguretat.<\/p>\n<p>\u00a0<\/p>\n<p>\u00das Recomanat: La Motxilla Speedo Teamster 2.0 35L negra unisex \u00e9s resistent i funcional, ideal per a nedadors i entrenaments.<\/p>\n","protected":false},"excerpt":{"rendered":"<p>\u00a0<\/p>\n<p>Descobreix la Motxilla Speedo Teamster 2.0 35L negra unisex. Resistent i funcional, amb amplis butxaques i funda per a port\u00e0til. Ideal per a nedadors i entrenaments.<\/p>\n","protected":false},"featured_media":16744,"comment_status":"open","ping_status":"closed","template":"","meta":[],"product_cat":[134,140],"product_tag":[],"brands":[{"id":312,"name":"ARENA","slug":"arena"}],"_links":{"self":[{"href":"https:\/\/crawl.es\/ca\/wp-json\/wp\/v2\/product\/11651"}],"collection":[{"href":"https:\/\/crawl.es\/ca\/wp-json\/wp\/v2\/product"}],"about":[{"href":"https:\/\/crawl.es\/ca\/wp-json\/wp\/v2\/types\/product"}],"replies":[{"embeddable":true,"href":"https:\/\/crawl.es\/ca\/wp-json\/wp\/v2\/comments?post=11651"}],"wp:featuredmedia":[{"embeddable":true,"href":"https:\/\/crawl.es\/ca\/wp-json\/wp\/v2\/media\/16744"}],"wp:attachment":[{"href":"https:\/\/crawl.es\/ca\/wp-json\/wp\/v2\/media?parent=11651"}],"wp:term":[{"taxonomy":"product_cat","embeddable":true,"href":"https:\/\/crawl.es\/ca\/wp-json\/wp\/v2\/product_cat?post=11651"},{"taxonomy":"product_tag","embeddable":true,"href":"https:\/\/crawl.es\/ca\/wp-json\/wp\/v2\/product_tag?post=11651"}],"curies":[{"name":"wp","href":"https:\/\/api.w.org\/{rel}","templated":true}]}}