{"id":11654,"date":"2024-12-05T12:24:22","date_gmt":"2024-12-05T12:24:22","guid":{"rendered":"https:\/\/crawl.es\/producto\/ulleres-swans-srx-m-paf-crawl\/"},"modified":"2024-12-05T12:24:22","modified_gmt":"2024-12-05T12:24:22","slug":"ulleres-swans-srx-m-paf-crawl","status":"publish","type":"product","link":"https:\/\/crawl.es\/ca\/producto\/ulleres-swans-srx-m-paf-crawl\/","title":{"rendered":"ULLERES SWANS SRX \u2013 M PAF | CRAWL"},"content":{"rendered":"<p>Descobreix les Ulleres Swans SRX \u2013 M PAF, dissenyades per oferir la m\u00e0xima comoditat i durabilitat a l&#8217;aigua. Aquestes ulleres de nataci\u00f3 compten amb un disseny ergon\u00f2mic que s&#8217;adapta a tot tipus d&#8217;esports aqu\u00e0tics, com nataci\u00f3, nataci\u00f3 sincronitzada, triatl\u00f3 i aig\u00fces obertes.<\/p>\n<p>\u00a0<\/p>\n<p>Caracter\u00edstiques destacables:<\/p>\n<p>Disseny ergon\u00f2mic: Ajust segur i c\u00f2mode.<\/p>\n<p>Versatilitat: Perfectes per piscina i exteriors.<\/p>\n<p>Materials d&#8217;alta qualitat: Resist\u00e8ncia al clor i a l&#8217;\u00fas diari.<\/p>\n<p>Pont nasal ajustable: Adaptaci\u00f3 personalitzada.<\/p>\n<p>\u00a0<\/p>\n<p>\u00das recomanat: Ideals per a nedadors de tots els nivells, tant en entrenaments com en competicions, proporcionant confort i un rendiment superior en cada bra\u00e7ada.<\/p>\n<p>\u00a0<\/p>\n<p>No deixis passar l&#8217;oportunitat de millorar el teu rendiment amb les Ulleres Swans SRX \u2013 M PAF de CRAWL. Compra ara i gaudeix d&#8217;una nataci\u00f3 superior!<\/p>\n","protected":false},"excerpt":{"rendered":"<p>\u00a0<\/p>\n<p>Compra les Ulleres Swans SRX \u2013 M PAF a CRAWL. Disseny ergon\u00f2mic i ajust segur.<\/p>\n","protected":false},"featured_media":11589,"comment_status":"open","ping_status":"closed","template":"","meta":[],"product_cat":[134,135],"product_tag":[],"brands":[{"id":122,"name":"SWANS","slug":"swans"}],"_links":{"self":[{"href":"https:\/\/crawl.es\/ca\/wp-json\/wp\/v2\/product\/11654"}],"collection":[{"href":"https:\/\/crawl.es\/ca\/wp-json\/wp\/v2\/product"}],"about":[{"href":"https:\/\/crawl.es\/ca\/wp-json\/wp\/v2\/types\/product"}],"replies":[{"embeddable":true,"href":"https:\/\/crawl.es\/ca\/wp-json\/wp\/v2\/comments?post=11654"}],"wp:featuredmedia":[{"embeddable":true,"href":"https:\/\/crawl.es\/ca\/wp-json\/wp\/v2\/media\/11589"}],"wp:attachment":[{"href":"https:\/\/crawl.es\/ca\/wp-json\/wp\/v2\/media?parent=11654"}],"wp:term":[{"taxonomy":"product_cat","embeddable":true,"href":"https:\/\/crawl.es\/ca\/wp-json\/wp\/v2\/product_cat?post=11654"},{"taxonomy":"product_tag","embeddable":true,"href":"https:\/\/crawl.es\/ca\/wp-json\/wp\/v2\/product_tag?post=11654"}],"curies":[{"name":"wp","href":"https:\/\/api.w.org\/{rel}","templated":true}]}}