{"id":11658,"date":"2024-11-26T09:51:34","date_gmt":"2024-11-26T09:51:34","guid":{"rendered":"https:\/\/crawl.es\/producto\/mizuno-vs-1-kneepads-blanc-genolleres-crawl\/"},"modified":"2024-11-26T09:51:34","modified_gmt":"2024-11-26T09:51:34","slug":"mizuno-vs-1-kneepads-blanc-genolleres-crawl","status":"publish","type":"product","link":"https:\/\/crawl.es\/ca\/producto\/mizuno-vs-1-kneepads-blanc-genolleres-crawl\/","title":{"rendered":"Mizuno VS 1 Kneepads Blanc (Genolleres) | CRAWL"},"content":{"rendered":"<p>Les genolleres Mizuno Team Kneepad Blanc estan dissenyades per oferir una excel\u00b7lent amortiguaci\u00f3 i protecci\u00f3 a les zones medial, lateral i de la r\u00f2tula. Amb la tecnologia DF Cut, aquestes genolleres proporcionen una major llibertat de moviment, ideals per a esports d&#8217;alt impacte. S\u00f3n perfectes per mantenir els genolls protegits mentre entrenes i competeixes.<\/p>\n<p>\u00a0<\/p>\n<p>Caracter\u00edstiques Principals:<\/p>\n<p>&#8211; Amortiguaci\u00f3 i Protecci\u00f3: Dissenyades per oferir protecci\u00f3 a les zones m\u00e9s vulnerables del genoll, com la zona medial, lateral i de la r\u00f2tula. L&#8217;amortiguaci\u00f3 proporciona una defensa efica\u00e7 contra impactes lleus.<\/p>\n<p>&#8211; Tecnologia DF Cut: Aquestes genolleres incorporen la tecnologia DF Cut, que garanteix una major llibertat de moviment, essencial per a esports d&#8217;alt impacte.<\/p>\n<p>&#8211; Disseny Ergon\u00f2mic: Les genolleres estan dissenyades de manera ergon\u00f2mica per assegurar un ajust c\u00f2mode i segur, minimitzant el risc de lesions.<\/p>\n<p>&#8211; Durabilitat: Fabricades amb materials d&#8217;alta qualitat que asseguren una llarga durabilitat, fins i tot amb un \u00fas intensiu.<\/p>\n<p>&#8211; Versatilitat: Ideals per a una varietat d&#8217;esports i activitats f\u00edsiques on es requereix protecci\u00f3 addicional als genolls.<\/p>\n<p>\u00a0<\/p>\n<p>Beneficis per als Usuaris:<\/p>\n<p>&#8211; Protecci\u00f3 Completa: Les genolleres Mizuno Team Kneepad Negre proporcionen una protecci\u00f3 completa per als genolls, ajudant a prevenir lesions durant l&#8217;entrenament o la competici\u00f3.<\/p>\n<p>&#8211; Millora de la Mobilitat: Amb la tecnologia DF Cut, els usuaris poden gaudir d&#8217;una major llibertat de moviment sense comprometre la seguretat.<\/p>\n<p>&#8211; Confort i Ajust: El disseny ergon\u00f2mic assegura que les genolleres s&#8217;ajustin perfectament al genoll, proporcionant confort durant tot l&#8217;\u00fas.<\/p>\n<p>&#8211; Resist\u00e8ncia i Durabilitat: Els materials utilitzats en la fabricaci\u00f3 d&#8217;aquestes genolleres garanteixen una llarga vida \u00fatil, mantenint les seves propietats d&#8217;amortiguaci\u00f3 i protecci\u00f3.<\/p>\n<p>\u00a0<\/p>\n<p>\u00das Recomanat:<\/p>\n<p>Les genolleres Mizuno Team Kneepad Negre s\u00f3n perfectes per a qualsevol esportista que busqui protecci\u00f3 addicional durant les seves sessions d&#8217;entrenament o competici\u00f3. Ideals per a esports d&#8217;alt impacte on els genolls estan sotmesos a una gran c\u00e0rrega, assegurant que es mantinguin segurs i protegits.<\/p>\n<p>\u00a0<\/p>\n<p>Talles Disponibles:<\/p>\n<p>&#8211; S: 33-35cm.<\/p>\n<p>&#8211; M: 35-37cm.<\/p>\n<p>&#8211; L: 37-40cm.<\/p>\n<p>&#8211; XL: 40-43cm.<\/p>\n<p>\u00a0<\/p>\n","protected":false},"excerpt":{"rendered":"<p>Les genolleres Mizuno VS 1 ofereixen una major llibertat de moviment i protecci\u00f3 completa a la zona medial, lateral i de la patel\u00b7la. Amb amortiguaci\u00f3 a la zona de major impacte, dissenyades per protegir el genoll contra impactes.<\/p>\n<p>Talles:<\/p>\n<p>&#8211; S: 33-35cm.<\/p>\n<p>&#8211; M: 35-37cm.<\/p>\n<p>&#8211; L: 37-40cm.<\/p>\n<p>&#8211; XL: 40-43cm.<\/p>\n<p>\u00a0<\/p>\n","protected":false},"featured_media":11123,"comment_status":"open","ping_status":"closed","template":"","meta":[],"product_cat":[134,139],"product_tag":[],"brands":[{"id":422,"name":"Mizuno","slug":"mizuno"}],"_links":{"self":[{"href":"https:\/\/crawl.es\/ca\/wp-json\/wp\/v2\/product\/11658"}],"collection":[{"href":"https:\/\/crawl.es\/ca\/wp-json\/wp\/v2\/product"}],"about":[{"href":"https:\/\/crawl.es\/ca\/wp-json\/wp\/v2\/types\/product"}],"replies":[{"embeddable":true,"href":"https:\/\/crawl.es\/ca\/wp-json\/wp\/v2\/comments?post=11658"}],"wp:featuredmedia":[{"embeddable":true,"href":"https:\/\/crawl.es\/ca\/wp-json\/wp\/v2\/media\/11123"}],"wp:attachment":[{"href":"https:\/\/crawl.es\/ca\/wp-json\/wp\/v2\/media?parent=11658"}],"wp:term":[{"taxonomy":"product_cat","embeddable":true,"href":"https:\/\/crawl.es\/ca\/wp-json\/wp\/v2\/product_cat?post=11658"},{"taxonomy":"product_tag","embeddable":true,"href":"https:\/\/crawl.es\/ca\/wp-json\/wp\/v2\/product_tag?post=11658"}],"curies":[{"name":"wp","href":"https:\/\/api.w.org\/{rel}","templated":true}]}}