{"id":11662,"date":"2024-11-26T09:46:07","date_gmt":"2024-11-26T09:46:07","guid":{"rendered":"https:\/\/crawl.es\/producto\/mizuno-vs-1-kneepads-negro-rodilleras-crawl\/"},"modified":"2024-11-26T09:46:07","modified_gmt":"2024-11-26T09:46:07","slug":"mizuno-vs-1-kneepads-negro-rodilleras-crawl","status":"publish","type":"product","link":"https:\/\/crawl.es\/ca\/producto\/mizuno-vs-1-kneepads-negro-rodilleras-crawl\/","title":{"rendered":"Mizuno VS 1 Kneepads Negre (Genolleres) | CRAWL"},"content":{"rendered":"<p>Les genolleres Mizuno VS 1 Kneepads Negre estan dissenyades per proporcionar una excel\u00b7lent amortiguaci\u00f3 i protecci\u00f3 a la zona medial, lateral i de la r\u00f2tula. Gr\u00e0cies a la tecnologia DF Cut, ofereixen una major llibertat de moviment, fent que siguin ideals per a esports d&#8217;alt impacte.<\/p>\n<p>\u00a0<\/p>\n<p>Caracter\u00edstiques Principals:<\/p>\n<p>&#8211; Tecnologia DF Cut: Dissenyades per oferir una major llibertat de moviment, aquestes genolleres permeten als esportistes moure&#8217;s amb agilitat i sense restriccions.<\/p>\n<p>&#8211; VS1 Amortiguaci\u00f3: Proporcionen una amortiguaci\u00f3 superior a la zona de major impacte, protegint el genoll contra cops i lesions lleus.<\/p>\n<p>&#8211; Protecci\u00f3 Completa: Ofereixen protecci\u00f3 integral a les zones medial, lateral i de la r\u00f2tula, garantint una defensa efectiva contra impactes durant els entrenaments i competicions.<\/p>\n<p>&#8211; Disseny Ergon\u00f2mic: El seu disseny ergon\u00f2mic assegura un ajust c\u00f2mode i segur, minimitzant el risc de lesions i permetent un \u00fas prolongat sense mol\u00e8sties.<\/p>\n<p>&#8211; Materials d&#8217;Alta Qualitat: Fabricades amb materials duradors i resistents, aquestes genolleres asseguren una llarga vida \u00fatil fins i tot amb un \u00fas intensiu.<\/p>\n<p>\u00a0<\/p>\n<p>Beneficis per als Usuaris:<\/p>\n<p>&#8211; Amortiguaci\u00f3 Efica\u00e7: Les genolleres Mizuno VS 1 proporcionen una excel\u00b7lent amortiguaci\u00f3 a les zones cr\u00edtiques, reduint l&#8217;impacte als genolls i ajudant a prevenir lesions.<\/p>\n<p>&#8211; Major Llibertat de Moviment: La tecnologia DF Cut permet una gran llibertat de moviment, essencial per a la pr\u00e0ctica d&#8217;esports d&#8217;alt impacte.<\/p>\n<p>&#8211; Protecci\u00f3 Integral: Ofereixen una protecci\u00f3 completa per als genolls, assegurant que estiguin ben protegits durant els entrenaments i competicions.<\/p>\n<p>&#8211; Confort i Durabilitat: El seu disseny ergon\u00f2mic i els materials d&#8217;alta qualitat garanteixen comoditat i durabilitat, fent que siguin una inversi\u00f3 segura per a qualsevol esportista.<\/p>\n<p>\u00a0<\/p>\n<p>\u00das Recomanat:<\/p>\n<p>Les genolleres Mizuno VS 1 Kneepads Negre s\u00f3n ideals per a qualsevol esportista que busqui protecci\u00f3 addicional durant les seves sessions d&#8217;entrenament o competici\u00f3. S\u00f3n perfectes per a esports d&#8217;alt impacte on els genolls estan sotmesos a una gran c\u00e0rrega, garantint que es mantinguin segurs i protegits.<\/p>\n<p>\u00a0<\/p>\n","protected":false},"excerpt":{"rendered":"<p>Les genolleres Mizuno VS 1 ofereixen una major llibertat de moviment i protecci\u00f3 completa a la zona medial, lateral i de la patel\u00b7la. Amb amortiguaci\u00f3 a la zona de major impacte, dissenyades per protegir el genoll contra impactes.<\/p>\n<p>\u00a0<\/p>\n<p>Talles:<\/p>\n<p>&#8211; S: 33-35cm.<\/p>\n<p>&#8211; M: 35-37cm.<\/p>\n<p>&#8211; L: 37-40cm.<\/p>\n<p>&#8211; XL: 40-43cm.<\/p>\n<p>\u00a0<\/p>\n","protected":false},"featured_media":11121,"comment_status":"open","ping_status":"closed","template":"","meta":[],"product_cat":[134,139],"product_tag":[],"brands":[{"id":422,"name":"Mizuno","slug":"mizuno"}],"_links":{"self":[{"href":"https:\/\/crawl.es\/ca\/wp-json\/wp\/v2\/product\/11662"}],"collection":[{"href":"https:\/\/crawl.es\/ca\/wp-json\/wp\/v2\/product"}],"about":[{"href":"https:\/\/crawl.es\/ca\/wp-json\/wp\/v2\/types\/product"}],"replies":[{"embeddable":true,"href":"https:\/\/crawl.es\/ca\/wp-json\/wp\/v2\/comments?post=11662"}],"wp:featuredmedia":[{"embeddable":true,"href":"https:\/\/crawl.es\/ca\/wp-json\/wp\/v2\/media\/11121"}],"wp:attachment":[{"href":"https:\/\/crawl.es\/ca\/wp-json\/wp\/v2\/media?parent=11662"}],"wp:term":[{"taxonomy":"product_cat","embeddable":true,"href":"https:\/\/crawl.es\/ca\/wp-json\/wp\/v2\/product_cat?post=11662"},{"taxonomy":"product_tag","embeddable":true,"href":"https:\/\/crawl.es\/ca\/wp-json\/wp\/v2\/product_tag?post=11662"}],"curies":[{"name":"wp","href":"https:\/\/api.w.org\/{rel}","templated":true}]}}