{"id":11677,"date":"2024-12-11T09:41:56","date_gmt":"2024-12-11T09:41:56","guid":{"rendered":"https:\/\/crawl.es\/producto\/parka-turbo-long-new-alaska-crawl\/"},"modified":"2024-12-11T09:46:20","modified_gmt":"2024-12-11T09:46:20","slug":"parka-turbo-long-new-alaska-crawl","status":"publish","type":"product","link":"https:\/\/crawl.es\/ca\/producto\/parka-turbo-long-new-alaska-crawl\/","title":{"rendered":"Parka Turbo Long New Alaska | CRAWL"},"content":{"rendered":"<p>La parka llarga Turbo New Alaska de color blau mar\u00ed est\u00e0 dissenyada per oferir la m\u00e0xima calidesa i confort, fins i tot en els dies m\u00e9s freds. Fabricada amb un 100% poli\u00e9ster, aquesta parka \u00e9s perfecta per a piscines a l&#8217;aire lliure, viatges o sortides hivernals.<\/p>\n<p>\u00a0<\/p>\n<p>Caracter\u00edstiques destacables:<\/p>\n<p>Composici\u00f3: 100% poli\u00e9ster.<\/p>\n<p>Fabricada a Espanya. Ideal per a persones amb peus freds o aquells que no tenen una especial por al fred. Pot portar-se amb una samarreta o un polo a sota, fins i tot en temps molt fred.<\/p>\n<p>\u00das perfecte per a entrenadors: Ideal per aquells que necessiten despla\u00e7ar-se entre piscines cobertes i exteriors.<\/p>\n<p>Qualitat superior: Costures i acabats de gran qualitat.<\/p>\n<p>Butxaques: 4 butxaques amb cremallera (2 a cada costat del pit i 2 al ventre). Inclou una butxaca interior amb cremallera al pit esquerre i un espai per a un tel\u00e8fon m\u00f2bil.<\/p>\n<p>Cintura el\u00e0stica ajustable. Cremallera de gran qualitat amb 3 tancaments de velcro.<\/p>\n<p>Detalls: Forro polar al voltant del coll i a l&#8217;interior dels 2 butxaques de la cintura. Cremallera inferior a l&#8217;interior de la jaqueta per a la seva neteja.<\/p>\n<p>Cura: Rentar a 30\u00b0, no planxar i no assecar a m\u00e0quina. La caputxa es pot guardar a la nuca amb un tancament. Turbo logo al pit esquerre.<\/p>\n<p>La parka Turbo es pot portar di\u00e0riament o en viatges. Ideal per a competicions d&#8217;hivern. Es ven en una bossa protectora.<\/p>\n<p>\u00a0<\/p>\n","protected":false},"excerpt":{"rendered":"<p>Compra la Parka Long New Alaska 91762 a CRAWL. Ideal per a competicions d&#8217;hivern i \u00fas diari.<\/p>\n<p>Ref: 91762.<\/p>\n<p>\u00a0<\/p>\n","protected":false},"featured_media":11674,"comment_status":"open","ping_status":"closed","template":"","meta":[],"product_cat":[134,144],"product_tag":[],"brands":[{"id":22,"name":"Turbo","slug":"turbo"}],"_links":{"self":[{"href":"https:\/\/crawl.es\/ca\/wp-json\/wp\/v2\/product\/11677"}],"collection":[{"href":"https:\/\/crawl.es\/ca\/wp-json\/wp\/v2\/product"}],"about":[{"href":"https:\/\/crawl.es\/ca\/wp-json\/wp\/v2\/types\/product"}],"replies":[{"embeddable":true,"href":"https:\/\/crawl.es\/ca\/wp-json\/wp\/v2\/comments?post=11677"}],"wp:featuredmedia":[{"embeddable":true,"href":"https:\/\/crawl.es\/ca\/wp-json\/wp\/v2\/media\/11674"}],"wp:attachment":[{"href":"https:\/\/crawl.es\/ca\/wp-json\/wp\/v2\/media?parent=11677"}],"wp:term":[{"taxonomy":"product_cat","embeddable":true,"href":"https:\/\/crawl.es\/ca\/wp-json\/wp\/v2\/product_cat?post=11677"},{"taxonomy":"product_tag","embeddable":true,"href":"https:\/\/crawl.es\/ca\/wp-json\/wp\/v2\/product_tag?post=11677"}],"curies":[{"name":"wp","href":"https:\/\/api.w.org\/{rel}","templated":true}]}}