{"id":11723,"date":"2024-11-19T09:18:14","date_gmt":"2024-11-19T09:18:14","guid":{"rendered":"https:\/\/crawl.es\/producto\/banyador-boxer-crystal-roba-natacio-crawl\/"},"modified":"2024-11-19T09:18:14","modified_gmt":"2024-11-19T09:18:14","slug":"banyador-boxer-crystal-roba-natacio-crawl","status":"publish","type":"product","link":"https:\/\/crawl.es\/ca\/producto\/banyador-boxer-crystal-roba-natacio-crawl\/","title":{"rendered":"Banyador Boxer &#8220;Crystal&#8221; | Roba Nataci\u00f3 Crawl"},"content":{"rendered":"<p>Aquest banyador Turbo est\u00e0 especialment dissenyat per a la pr\u00e0ctica de la Nataci\u00f3. El seu patr\u00f3 ajustable fa que s&#8217;adapti perfectament a les corbes del cos. Est\u00e0 confeccionat amb el millor teixit del mercat amb una doble capa de folre davanter parcial. \u00c9s resistent al clor de la piscina i als raigs UV. I per aix\u00f2, la intensitat dels seus colors es mant\u00e9 amb l&#8217;\u00fas repetit en el temps. \u00c9s considerat un dels banyadors m\u00e9s resistents del m\u00f3n.\u00a0<\/p>\n<p>\u00a0<\/p>\n<p>Caracter\u00edstiques destacables:<\/p>\n<p>&#8211; Costures refor\u00e7ades<\/p>\n<p>&#8211; Cord\u00f3 regulable<\/p>\n<p>&#8211; Folre davanter parcial<\/p>\n<p>&#8211; Llarg lateral: 28 cm (prenent la Talla \u2018M\u2019 com a refer\u00e8ncia)<\/p>\n<p>&#8211; Resistent al clor<\/p>\n<p>&#8211; Colors duradors<\/p>\n<p>&#8211; Composici\u00f3: 55% poli\u00e8ster PBT, 45% poli\u00e8ster<\/p>\n<p>\u00a0<\/p>\n<p>\u00das recomanat: Aquest banyador \u00e9s perfecte per a la pr\u00e0ctica de la Nataci\u00f3 com a banyador d&#8217;entrenament. Gr\u00e0cies a la seva gran adaptabilitat al cos, no arrossega aigua al nedar i el fa una opci\u00f3 comod\u00edssima per a l&#8217;\u00fas diari. Tenint un \u00fanic folre davanter, el banyador no exerceix una pressi\u00f3 excessiva sobre el cos i pot usar-se durant moltes hores amb una comoditat absoluta. *Aquest article t\u00e9 una talla similar a la d&#8217;altres marques i recomanem triar la mateixa talla que es sol usar. No obstant aix\u00f2, la talla \u00e9s lleugerament superior si es compara amb els banyadors Turbo de la secci\u00f3 de Waterpolo, que solen ser m\u00e9s petits de l&#8217;habitual.<\/p>\n<p>\u00a0<\/p>\n","protected":false},"excerpt":{"rendered":"<p>Banyador Boxer &#8220;Crystal&#8221;, c\u00f2mode i d&#8217;alt rendiment. Ideal per a entrenament o competici\u00f3, amb un ajust perfecte i disseny modern per a nedadors exigents.<\/p>\n<p>REF: 73005016<\/p>\n<p>\u00a0<\/p>\n","protected":false},"featured_media":3216,"comment_status":"open","ping_status":"closed","template":"","meta":[],"product_cat":[148,147,151,152,154],"product_tag":[],"brands":[{"id":22,"name":"Turbo","slug":"turbo"}],"_links":{"self":[{"href":"https:\/\/crawl.es\/ca\/wp-json\/wp\/v2\/product\/11723"}],"collection":[{"href":"https:\/\/crawl.es\/ca\/wp-json\/wp\/v2\/product"}],"about":[{"href":"https:\/\/crawl.es\/ca\/wp-json\/wp\/v2\/types\/product"}],"replies":[{"embeddable":true,"href":"https:\/\/crawl.es\/ca\/wp-json\/wp\/v2\/comments?post=11723"}],"wp:featuredmedia":[{"embeddable":true,"href":"https:\/\/crawl.es\/ca\/wp-json\/wp\/v2\/media\/3216"}],"wp:attachment":[{"href":"https:\/\/crawl.es\/ca\/wp-json\/wp\/v2\/media?parent=11723"}],"wp:term":[{"taxonomy":"product_cat","embeddable":true,"href":"https:\/\/crawl.es\/ca\/wp-json\/wp\/v2\/product_cat?post=11723"},{"taxonomy":"product_tag","embeddable":true,"href":"https:\/\/crawl.es\/ca\/wp-json\/wp\/v2\/product_tag?post=11723"}],"curies":[{"name":"wp","href":"https:\/\/api.w.org\/{rel}","templated":true}]}}